{"id":8962,"date":"2024-04-30T13:10:47","date_gmt":"2024-04-30T12:10:47","guid":{"rendered":"https:\/\/ingelbeen.kneet.be\/product\/mobilgard-412-2\/"},"modified":"2024-06-26T16:14:34","modified_gmt":"2024-06-26T15:14:34","slug":"mobilgard-412-2","status":"publish","type":"product","link":"https:\/\/webshop.ingelbeen.be\/fr\/produit\/mobilgard-412-2\/","title":{"rendered":"Mobilgard 412"},"content":{"rendered":"<div class=\"compensation des d\u00e9tails du produit\">\n<div class=\"description de l'attribut du produit\">\n<div class=\"description de la valeur\">\n<p> Mobilgard\u2122 12 Series d&rsquo;ExxonMobil sont des huiles pour moteurs diesel hautes performances d\u00e9velopp\u00e9es pour \u00eatre utilis\u00e9es dans les moteurs \u00e0 pistons de coffre fonctionnant avec des carburants distill\u00e9s \u00e0 faible teneur en soufre dans les applications marines et industrielles. Ils sont formul\u00e9s pour avoir une excellente r\u00e9sistance \u00e0 l\u2019oxydation et \u00e0 l\u2019augmentation de la viscosit\u00e9 sur une longue p\u00e9riode de service. Ils ont des propri\u00e9t\u00e9s sup\u00e9rieures de s\u00e9paration de l\u2019eau et offrent une excellente protection contre la corrosion.<\/p><\/div><\/div><\/div>\n<h2>Fonctionnalit\u00e9 et avantages potentiels<\/h2>\n<p> La s\u00e9rie Mobilgard 12 est formul\u00e9e avec des huiles de base ayant fait leurs preuves dans les moteurs diesel. Le syst\u00e8me d&rsquo;additifs est \u00e9quilibr\u00e9 pour offrir une excellente r\u00e9sistance \u00e0 la d\u00e9gradation thermique dans des conditions de fonctionnement mod\u00e9r\u00e9ment s\u00e9v\u00e8res. Ils assurent \u00e9galement une bonne propret\u00e9 du moteur et une protection sup\u00e9rieure contre l\u2019usure.<\/p>\n<p> Lorsqu&rsquo;elles sont utilis\u00e9es conform\u00e9ment aux recommandations, les huiles Mobilgard s\u00e9rie 12 offrent les caract\u00e9ristiques et avantages potentiels suivants\u00a0:<\/p>\n<table class=\"table table-striped\">\n <t\u00eate><\/p>\n<tr>\n<th>Fonctionnalit\u00e9s<\/th>\n<th>Avantages et b\u00e9n\u00e9fices potentiels<\/th>\n<\/tr>\n<p> <\/t\u00eate><br \/>\n <corps><\/p>\n<tr>\n<td>Excellente stabilit\u00e9 thermique et \u00e0 l&rsquo;oxydation<\/td>\n<td>P\u00e9riodes prolong\u00e9es entre les inspections, la r\u00e9vision et le nettoyage<\/td>\n<\/tr>\n<tr>\n<td>Propri\u00e9t\u00e9s anti-usure am\u00e9lior\u00e9es<\/td>\n<td>Usure r\u00e9duite de l&rsquo;anneau et du rev\u00eatement<\/td>\n<\/tr>\n<tr>\n<td>Excellente r\u00e9serve et r\u00e9tention de TBN<\/td>\n<td>Protection accrue contre l&rsquo;usure corrosive<\/td>\n<\/tr>\n<tr>\n<td>Excellentes propri\u00e9t\u00e9s d\u00e9tergentes\/dispersantes<\/td>\n<td>Dur\u00e9e de vie de l&rsquo;huile augment\u00e9e, moteurs plus propres<\/td>\n<\/tr>\n<\/tbody>\n<\/table>\n<h2>Applications<\/h2>\n<p> Les huiles pour moteurs diesel Mobilgard s\u00e9rie 12 sont destin\u00e9es \u00e0 \u00eatre utilis\u00e9es comme lubrifiants pour cylindres et roulements dans les moteurs diesel marins et industriels fonctionnant avec des carburants distill\u00e9s ou des m\u00e9langes de carburants l\u00e9gers. Ils sont particuli\u00e8rement efficaces dans les moteurs \u00e0 grande vitesse des flottes de p\u00eache\u00a0; dans les moteurs neufs \u00e0 service intensif\u00a0; et dans de nombreux types de moteurs \u00e0 vitesse moyenne. Ils peuvent \u00eatre utilis\u00e9s comme lubrifiants de carter dans les gros moteurs diesel \u00e0 traverse fonctionnant avec des carburants \u00e0 haute teneur en soufre.<\/p>\n","protected":false},"excerpt":{"rendered":"<p>La s\u00e9rie Mobilgard\u2122 12 d&rsquo;ExxonMobil est une huile moteur diesel haute performance d\u00e9velopp\u00e9e pour une utilisation dans les moteurs \u00e0 piston tronqu\u00e9 fonctionnant avec des carburants distill\u00e9s \u00e0 faible teneur en soufre dans les applications maritimes et industrielles.<\/p>\n","protected":false},"featured_media":10102,"template":"","meta":{"_acf_changed":false,"inline_featured_image":false},"product_brand":[],"product_cat":[214],"product_tag":[],"class_list":{"0":"post-8962","1":"product","2":"type-product","3":"status-publish","4":"has-post-thumbnail","6":"product_cat-huiles-moteurs","8":"first","9":"instock","10":"taxable","11":"shipping-taxable","12":"purchasable","13":"product-type-simple"},"acf":[],"_links":{"self":[{"href":"https:\/\/webshop.ingelbeen.be\/fr\/wp-json\/wp\/v2\/product\/8962","targetHints":{"allow":["GET"]}}],"collection":[{"href":"https:\/\/webshop.ingelbeen.be\/fr\/wp-json\/wp\/v2\/product"}],"about":[{"href":"https:\/\/webshop.ingelbeen.be\/fr\/wp-json\/wp\/v2\/types\/product"}],"wp:featuredmedia":[{"embeddable":true,"href":"https:\/\/webshop.ingelbeen.be\/fr\/wp-json\/wp\/v2\/media\/10102"}],"wp:attachment":[{"href":"https:\/\/webshop.ingelbeen.be\/fr\/wp-json\/wp\/v2\/media?parent=8962"}],"wp:term":[{"taxonomy":"product_brand","embeddable":true,"href":"https:\/\/webshop.ingelbeen.be\/fr\/wp-json\/wp\/v2\/product_brand?post=8962"},{"taxonomy":"product_cat","embeddable":true,"href":"https:\/\/webshop.ingelbeen.be\/fr\/wp-json\/wp\/v2\/product_cat?post=8962"},{"taxonomy":"product_tag","embeddable":true,"href":"https:\/\/webshop.ingelbeen.be\/fr\/wp-json\/wp\/v2\/product_tag?post=8962"}],"curies":[{"name":"wp","href":"https:\/\/api.w.org\/{rel}","templated":true}]}}