{"id":8964,"date":"2024-04-30T13:10:47","date_gmt":"2024-04-30T12:10:47","guid":{"rendered":"https:\/\/ingelbeen.kneet.be\/product\/mobilgard-450-nc\/"},"modified":"2024-06-26T16:14:34","modified_gmt":"2024-06-26T15:14:34","slug":"mobilgard-450-nc","status":"publish","type":"product","link":"https:\/\/webshop.ingelbeen.be\/fr\/produit\/mobilgard-450-nc\/","title":{"rendered":"Mobilgard 450 NC"},"content":{"rendered":"<div class=\"compensation des d\u00e9tails du produit\">\n<div class=\"description de l'attribut du produit\">\n<div class=\"description de la valeur\">\n<p> L&rsquo;huile moteur Mobilgard\u2122 450 NC (sans chlore) d&rsquo;ExxonMobil est un lubrifiant sans zinc ni chlore formul\u00e9 avec des huiles de base de haute qualit\u00e9 qui offrent des caract\u00e9ristiques de faible consommation, une r\u00e9sistance \u00e0 l&rsquo;oxydation \u00e0 haute temp\u00e9rature et une stabilit\u00e9 thermique.\u00a0 Ces huiles de base sont combin\u00e9es avec des additifs stables sp\u00e9cialement s\u00e9lectionn\u00e9s, ce qui donne une huile moteur aux propri\u00e9t\u00e9s bien \u00e9quilibr\u00e9es.<\/p>\n<p> Les qualit\u00e9s d\u00e9tergentes\/dispersantes du Mobilgard 450 NC augmentent la dur\u00e9e de vie du filtre et la propret\u00e9 du moteur.\u00a0 Son alcalinit\u00e9 \u00e9lev\u00e9e et soutenue offre une excellente protection contre la corrosion lors de l&rsquo;utilisation de carburants contenant jusqu&rsquo;\u00e0 1,5 pour cent de soufre, m\u00eame si des m\u00e9taux tels que l&rsquo;acier, le cuivre, l&rsquo;argent et le bronze sont pr\u00e9sents.\u00a0 Mobilgard 450 NC poss\u00e8de des propri\u00e9t\u00e9s lubrifiantes exceptionnelles et offre la protection n\u00e9cessaire contre la corrosion.<\/p>\n<p> Mobilgard 450 NC pr\u00e9sente une qualit\u00e9 sup\u00e9rieure en termes d&rsquo;usure r\u00e9duite des segments de piston et des chemises de cylindre.\u00a0 Il poss\u00e8de une bonne capacit\u00e9 de s\u00e9paration de l\u2019eau.<\/p><\/div><\/div><\/div>\n<h2>Fonctionnalit\u00e9 et avantages potentiels<\/h2>\n<p> Lorsqu&rsquo;il est utilis\u00e9 comme recommand\u00e9, Mobilgard 450 NC offre les caract\u00e9ristiques et avantages potentiels suivants\u00a0:<\/p>\n<table class=\"table table-striped\">\n <t\u00eate><\/p>\n<tr>\n<th>Fonctionnalit\u00e9s<\/th>\n<th>Avantages et b\u00e9n\u00e9fices potentiels<\/th>\n<\/tr>\n<p> <\/t\u00eate><br \/>\n <corps><\/p>\n<tr>\n<td>Haute stabilit\u00e9 thermique et \u00e0 l&rsquo;oxydation<\/td>\n<td>Prot\u00e8ge contre la formation de boues lors d&rsquo;un service maritime intermittent, offrant des moteurs plus propres et plus fluides<\/td>\n<\/tr>\n<tr>\n<td>Propri\u00e9t\u00e9s efficaces anti-usure et de portance<\/td>\n<td>Prot\u00e8ge les surfaces d&rsquo;usure critiques et prolonge la dur\u00e9e de vie du moteur<\/td>\n<\/tr>\n<tr>\n<td>TBN \u00e9lev\u00e9 et r\u00e9tention exceptionnelle du TBN<\/td>\n<td>Contr\u00f4le les d\u00e9p\u00f4ts et neutralise les acides produits lors du processus de combustion<\/td>\n<\/tr>\n<tr>\n<td>Excellent pouvoir d\u00e9tergent\/dispersant<\/td>\n<td>Contr\u00f4le les d\u00e9p\u00f4ts de carbone et la formation de vernis, ce qui peut prolonger la dur\u00e9e de vie de l&rsquo;huile et du filtre<\/td>\n<\/tr>\n<tr>\n<td>Sans zinc<\/td>\n<td>Prot\u00e8ge les roulements en argent<\/td>\n<\/tr>\n<tr>\n<td>Excellente tol\u00e9rance \u00e0 l&rsquo;eau et s\u00e9paration<\/td>\n<td>Peut g\u00e9rer la contamination de l&rsquo;eau sans \u00e9puisement des additifs<\/td>\n<\/tr>\n<\/tbody>\n<\/table>\n<h2>Applications<\/h2>\n<p> L&rsquo;huile moteur Mobilgard 450 NC a \u00e9t\u00e9 sp\u00e9cialement formul\u00e9e pour r\u00e9pondre aux exigences des moteurs diesel fortement charg\u00e9s fabriqu\u00e9s par EMD et utilis\u00e9s dans les applications marines. Il convient \u00e0 d&rsquo;autres moteurs diesel marins de grande puissance ou \u00e0 une pression efficace moyenne de freinage (BMEP) plus \u00e9lev\u00e9e utilisant des carburants distill\u00e9s avec une teneur en soufre allant jusqu&rsquo;\u00e0 1,5 pour cent. Il lubrifiera \u00e9galement ces moteurs dans les plates-formes de forage et les services de production d&rsquo;\u00e9lectricit\u00e9 stationnaires. Mobilgard 450 NC a \u00e9t\u00e9 approuv\u00e9 par EMD et est recommand\u00e9 pour les moteurs diesel fabriqu\u00e9s par Alco, Detroit Diesel (API CF-2) et Fairbanks Morse.<\/p>\n<p> L&rsquo;huile moteur Mobilgard 450 NC r\u00e9pond aux exigences d&rsquo;une huile pour moteur diesel marin de qualit\u00e9 SAE 40 et convient partout o\u00f9 les performances API CF et\/ou CF-2 sont sp\u00e9cifi\u00e9es. Il b\u00e9n\u00e9ficie d&rsquo;une reconnaissance de qualit\u00e9 par EMD et d&rsquo;excellents r\u00e9sultats des tests DD6V92 TA.<\/p>\n<p> L&rsquo;absence de chlore dans Mobilgard 450 NC permet une \u00e9limination plus facile. Les co\u00fbts d\u2019\u00e9limination des huiles us\u00e9es des lubrifiants contenant du chlore sont g\u00e9n\u00e9ralement plus \u00e9lev\u00e9s que ceux qui n\u2019en contiennent pas.<\/p>\n","protected":false},"excerpt":{"rendered":"<p>L&rsquo;huile moteur Mobilgard\u2122 450 NC (No Chlorine) d&rsquo;ExxonMobil est un lubrifiant sans zinc ni chlore formul\u00e9 avec des huiles de base de haute qualit\u00e9 qui offrent une faible consommation, une r\u00e9sistance \u00e0 l&rsquo;oxydation \u00e0 haute temp\u00e9rature et une stabilit\u00e9 thermique.<\/p>\n","protected":false},"featured_media":10102,"template":"","meta":{"_acf_changed":false,"inline_featured_image":false},"product_brand":[],"product_cat":[214],"product_tag":[],"class_list":{"0":"post-8964","1":"product","2":"type-product","3":"status-publish","4":"has-post-thumbnail","6":"product_cat-huiles-moteurs","8":"first","9":"instock","10":"taxable","11":"shipping-taxable","12":"purchasable","13":"product-type-simple"},"acf":[],"_links":{"self":[{"href":"https:\/\/webshop.ingelbeen.be\/fr\/wp-json\/wp\/v2\/product\/8964","targetHints":{"allow":["GET"]}}],"collection":[{"href":"https:\/\/webshop.ingelbeen.be\/fr\/wp-json\/wp\/v2\/product"}],"about":[{"href":"https:\/\/webshop.ingelbeen.be\/fr\/wp-json\/wp\/v2\/types\/product"}],"wp:featuredmedia":[{"embeddable":true,"href":"https:\/\/webshop.ingelbeen.be\/fr\/wp-json\/wp\/v2\/media\/10102"}],"wp:attachment":[{"href":"https:\/\/webshop.ingelbeen.be\/fr\/wp-json\/wp\/v2\/media?parent=8964"}],"wp:term":[{"taxonomy":"product_brand","embeddable":true,"href":"https:\/\/webshop.ingelbeen.be\/fr\/wp-json\/wp\/v2\/product_brand?post=8964"},{"taxonomy":"product_cat","embeddable":true,"href":"https:\/\/webshop.ingelbeen.be\/fr\/wp-json\/wp\/v2\/product_cat?post=8964"},{"taxonomy":"product_tag","embeddable":true,"href":"https:\/\/webshop.ingelbeen.be\/fr\/wp-json\/wp\/v2\/product_tag?post=8964"}],"curies":[{"name":"wp","href":"https:\/\/api.w.org\/{rel}","templated":true}]}}