{"id":8966,"date":"2024-04-30T13:10:47","date_gmt":"2024-04-30T12:10:47","guid":{"rendered":"https:\/\/ingelbeen.kneet.be\/product\/mobilgard-5100\/"},"modified":"2024-06-26T16:14:34","modified_gmt":"2024-06-26T15:14:34","slug":"mobilgard-5100","status":"publish","type":"product","link":"https:\/\/webshop.ingelbeen.be\/fr\/produit\/mobilgard-5100\/","title":{"rendered":"Mobilgard 5100"},"content":{"rendered":"<div class=\"compensation des d\u00e9tails du produit\">\n<div class=\"description de l'attribut du produit\">\n<div class=\"description de la valeur\">\n<p> Mobilgard\u2122 5100 d&rsquo;ExxonMobil est une huile pour cylindre de moteur diesel marin de qualit\u00e9 sup\u00e9rieure et \u00e0 tr\u00e8s hautes performances. Les performances exceptionnelles du Mobilgard 5100 ont \u00e9t\u00e9 d\u00e9montr\u00e9es aux pressions d&rsquo;allumage et aux temp\u00e9ratures de chemise \u00e9lev\u00e9es que l&rsquo;on trouve dans les moteurs marins \u00e0 deux temps modernes. Il a une viscosit\u00e9 optimale de plus de 20 cSt. \u00e0 100\u00baC et \u00e0 faible volatilit\u00e9 pour assurer une excellente r\u00e9partition du lubrifiant et une excellente r\u00e9tention du film d&rsquo;huile. Gr\u00e2ce \u00e0 l&rsquo;utilisation d&rsquo;une technologie unique d&rsquo;\u00e9paississant synth\u00e9tique et d&rsquo;une formulation \u00e9quilibr\u00e9e, la viscosit\u00e9 \u00e9lev\u00e9e et la faible volatilit\u00e9 sont obtenues avec peu ou pas d&rsquo;utilisation de p\u00e2te brillante qui peut cr\u00e9er une formation de d\u00e9p\u00f4ts en raison d&rsquo;une mauvaise stabilit\u00e9 thermique. Mobilgard 5100 a d\u00e9montr\u00e9 une protection et une propret\u00e9 exceptionnelles des anneaux et des chemises lors d&rsquo;un fonctionnement prolong\u00e9 dans des moteurs hautement corrosifs soumis \u00e0 des conditions de vapeur lente.<\/p><\/div><\/div><\/div>\n<h2>Fonctionnalit\u00e9 et avantages potentiels<\/h2>\n<ul>\n<li>Excellente protection contre la corrosion dans les types de moteurs plus r\u00e9cents et plus exigeants lors d&rsquo;un fonctionnement \u00e0 vapeur lente.<\/li>\n<li>Une excellente stabilit\u00e9 thermique et \u00e0 l&rsquo;oxydation peut conduire \u00e0 une r\u00e9duction des d\u00e9p\u00f4ts et de la formation de boues. Des moteurs plus propres peuvent entra\u00eener une r\u00e9duction des taux d&rsquo;usure des composants.<\/li>\n<li>Des propri\u00e9t\u00e9s anti-usure exceptionnelles conduisent \u00e0 une usure potentiellement r\u00e9duite du rev\u00eatement et de l&rsquo;anneau ainsi qu&rsquo;\u00e0 un excellent contr\u00f4le anti-\u00e9raflure.<\/li>\n<li>Une capacit\u00e9 de d\u00e9tergent exceptionnelle permet d&rsquo;obtenir des pistons et des chemises potentiellement plus propres et peut contribuer \u00e0 prolonger les p\u00e9riodes entre les r\u00e9visions.<\/li>\n<\/ul>\n<h2>Applications<\/h2>\n<ul>\n<li>Moteurs \u00e0 traverse marine<\/li>\n<\/ul>\n<h2>Sp\u00e9cifications et homologations<\/h2>\n<h3>Satisfait ou d\u00e9passe les exigences de<\/h3>\n<ul>\n<li>MAN DIESEL et amp; Moteurs Diesel 2 Temps TURBO MAN B&amp;W &#8211; R\u00e9f. : CL118681-2013\/LEO<\/li>\n<li>WARTSILA &amp; Moteurs diesel Sulzer 2 temps &#8211; Gamme HFO S 1,5\u00a0%\u00a0&lt;S&lt;3,5\u00a0%<\/li>\n<\/ul>\n","protected":false},"excerpt":{"rendered":"<p>Mobilgard\u2122 5100 d&rsquo;ExxonMobil est une huile de cylindre de haute qualit\u00e9 et de tr\u00e8s haute performance pour moteurs diesel marins. Les excellentes performances de Mobilgard 5100 ont \u00e9t\u00e9 d\u00e9montr\u00e9es sous les hautes pressions de combustion et les temp\u00e9ratures de chemise rencontr\u00e9es dans les moteurs marins modernes \u00e0 deux temps.<\/p>\n","protected":false},"featured_media":10102,"template":"","meta":{"_acf_changed":false,"inline_featured_image":false},"product_brand":[],"product_cat":[214],"product_tag":[],"class_list":{"0":"post-8966","1":"product","2":"type-product","3":"status-publish","4":"has-post-thumbnail","6":"product_cat-huiles-moteurs","8":"first","9":"instock","10":"taxable","11":"shipping-taxable","12":"purchasable","13":"product-type-simple"},"acf":[],"_links":{"self":[{"href":"https:\/\/webshop.ingelbeen.be\/fr\/wp-json\/wp\/v2\/product\/8966","targetHints":{"allow":["GET"]}}],"collection":[{"href":"https:\/\/webshop.ingelbeen.be\/fr\/wp-json\/wp\/v2\/product"}],"about":[{"href":"https:\/\/webshop.ingelbeen.be\/fr\/wp-json\/wp\/v2\/types\/product"}],"wp:featuredmedia":[{"embeddable":true,"href":"https:\/\/webshop.ingelbeen.be\/fr\/wp-json\/wp\/v2\/media\/10102"}],"wp:attachment":[{"href":"https:\/\/webshop.ingelbeen.be\/fr\/wp-json\/wp\/v2\/media?parent=8966"}],"wp:term":[{"taxonomy":"product_brand","embeddable":true,"href":"https:\/\/webshop.ingelbeen.be\/fr\/wp-json\/wp\/v2\/product_brand?post=8966"},{"taxonomy":"product_cat","embeddable":true,"href":"https:\/\/webshop.ingelbeen.be\/fr\/wp-json\/wp\/v2\/product_cat?post=8966"},{"taxonomy":"product_tag","embeddable":true,"href":"https:\/\/webshop.ingelbeen.be\/fr\/wp-json\/wp\/v2\/product_tag?post=8966"}],"curies":[{"name":"wp","href":"https:\/\/api.w.org\/{rel}","templated":true}]}}