{"id":8968,"date":"2024-04-30T13:10:47","date_gmt":"2024-04-30T12:10:47","guid":{"rendered":"https:\/\/ingelbeen.kneet.be\/product\/mobilgard-560-vs\/"},"modified":"2024-06-26T16:14:34","modified_gmt":"2024-06-26T15:14:34","slug":"mobilgard-560-vs","status":"publish","type":"product","link":"https:\/\/webshop.ingelbeen.be\/fr\/produit\/mobilgard-560-vs\/","title":{"rendered":"Mobilgard 560 VS"},"content":{"rendered":"<div class=\"compensation des d\u00e9tails du produit\">\n<div class=\"description de l'attribut du produit\">\n<div class=\"description de la valeur\">\n<p> Mobilgard\u2122 560 VS d&rsquo;ExxonMobil est une huile cylindre pour moteur diesel marin haute performance con\u00e7ue pour \u00eatre utilis\u00e9e dans les moteurs \u00e0 traverse fonctionnant au fioul lourd avec des niveaux de soufre de 0,5 \u00e0 4 %. Cette nouvelle technologie de lubrifiant de cylindre offre une protection maximale contre l&rsquo;usure adh\u00e9sive et corrosive aux temp\u00e9ratures et pressions de fonctionnement plus \u00e9lev\u00e9es que l&rsquo;on trouve dans les moteurs \u00e0 traverse modernes d&rsquo;aujourd&rsquo;hui. Les performances exceptionnelles du Mobilgard 560 VS ont \u00e9t\u00e9 d\u00e9montr\u00e9es aux pressions de cuisson et aux temp\u00e9ratures de rev\u00eatement les plus \u00e9lev\u00e9es.<\/p>\n<p> Mobilgard 560 VS utilise des additifs offrant une plus grande stabilit\u00e9 thermique et une protection contre la corrosion acide. Il a une viscosit\u00e9 optimale de 20 cSt \u00e0 100 \u00baC et une faible volatilit\u00e9 pour une distribution optimale du lubrifiant et une r\u00e9tention du film. Gr\u00e2ce \u00e0 l\u2019utilisation d\u2019une technologie brevet\u00e9e, la viscosit\u00e9 plus \u00e9lev\u00e9e de l\u2019huile est obtenue sans utiliser de mati\u00e8re brillante thermiquement instable et produisant des d\u00e9p\u00f4ts. La technologie unique d&rsquo;additifs au niveau d&rsquo;alcalinit\u00e9 de 60 TBN dans Mobilgard 560 VS a d\u00e9montr\u00e9 une protection et une propret\u00e9 exceptionnelles des anneaux et des chemises en fonctionnement prolong\u00e9 avec des niveaux de soufre dans le carburant inf\u00e9rieurs \u00e0 1 %.<\/p><\/div><\/div><\/div>\n<h2>Fonctionnalit\u00e9 et avantages potentiels<\/h2>\n<p> L&rsquo;huile cylindre Mobilgard 560 VS offre les caract\u00e9ristiques et avantages potentiels suivants :<\/p>\n<table class=\"table table-striped\">\n <t\u00eate><\/p>\n<tr>\n<th>Fonctionnalit\u00e9s<\/th>\n<th>Avantages et b\u00e9n\u00e9fices potentiels<\/th>\n<\/tr>\n<p> <\/t\u00eate><br \/>\n <corps><\/p>\n<tr>\n<td>Excellente stabilit\u00e9 thermique et \u00e0 l&rsquo;oxydation<\/td>\n<td>Contribue \u00e0 r\u00e9duire les d\u00e9p\u00f4ts et la formation de boues. Les moteurs propres r\u00e9duisent le temps d&rsquo;immobilisation requis pour les r\u00e9visions<\/td>\n<\/tr>\n<tr>\n<td>Propri\u00e9t\u00e9s anti-usure exceptionnelles<\/td>\n<td>L&rsquo;usure r\u00e9duite du rev\u00eatement et de l&rsquo;anneau permet de prolonger les p\u00e9riodes entre les r\u00e9visions. Excellent contr\u00f4le anti-\u00e9raflure<\/td>\n<\/tr>\n<tr>\n<td>Capacit\u00e9 de d\u00e9tergence exceptionnelle<\/td>\n<td>L&rsquo;excellente propret\u00e9 du moteur augmente l&rsquo;efficacit\u00e9 de la combustion et aide \u00e0 minimiser la formation de d\u00e9p\u00f4ts gr\u00e2ce \u00e0 l&rsquo;utilisation de carburants \u00e0 faible teneur en soufre (&lt;1\u00a0%)<\/td>\n<\/tr>\n<tr>\n<td>Niveau TBN et r\u00e9tention \u00e9lev\u00e9s<\/td>\n<td>G\u00e8re efficacement une large gamme de soufre dans les carburants, de 0,5 \u00e0 4,0\u00a0% \u00e0 des d\u00e9bits d&rsquo;alimentation \u00e9quivalents \u00e0 70 BN, aide \u00e0 maximiser la protection contre les effets corrosifs des carburants \u00e0 haute teneur en soufre<\/td>\n<\/tr>\n<\/tbody>\n<\/table>\n<h2>Applications<\/h2>\n<p> Mobilgard 560 VS a \u00e9t\u00e9 d\u00e9velopp\u00e9 pour les moteurs marins \u00e0 traverse con\u00e7us pour augmenter la puissance et le rendement \u00e9nerg\u00e9tique. Mobilgard 560 VS a \u00e9galement d\u00e9montr\u00e9 d&rsquo;excellentes performances dans les conceptions de moteurs ant\u00e9rieures et lors d&rsquo;un fonctionnement \u00e0 vapeur \u00e0 vitesse lente.<\/p>\n<h2>Sp\u00e9cifications et homologations<\/h2>\n<h3>Ce produit poss\u00e8de les approbations de constructeur suivantes<\/h3>\n<ul>\n<li>MAN Diesel<\/li>\n<li>Vartsila<\/li>\n<li>Mitsubishi<\/li>\n<\/ul>\n","protected":false},"excerpt":{"rendered":"<p>Mobilgard\u2122 560 VS d&rsquo;ExxonMobil est une huile de cylindre haute performance pour moteurs diesel marins, d\u00e9velopp\u00e9e pour une utilisation dans les moteurs \u00e0 t\u00eate motrice utilisant des carburants lourds avec des teneurs en soufre de 0,5-4%.<\/p>\n","protected":false},"featured_media":10102,"template":"","meta":{"_acf_changed":false,"inline_featured_image":false},"product_brand":[],"product_cat":[214],"product_tag":[],"class_list":{"0":"post-8968","1":"product","2":"type-product","3":"status-publish","4":"has-post-thumbnail","6":"product_cat-huiles-moteurs","8":"first","9":"instock","10":"taxable","11":"shipping-taxable","12":"purchasable","13":"product-type-simple"},"acf":[],"_links":{"self":[{"href":"https:\/\/webshop.ingelbeen.be\/fr\/wp-json\/wp\/v2\/product\/8968","targetHints":{"allow":["GET"]}}],"collection":[{"href":"https:\/\/webshop.ingelbeen.be\/fr\/wp-json\/wp\/v2\/product"}],"about":[{"href":"https:\/\/webshop.ingelbeen.be\/fr\/wp-json\/wp\/v2\/types\/product"}],"wp:featuredmedia":[{"embeddable":true,"href":"https:\/\/webshop.ingelbeen.be\/fr\/wp-json\/wp\/v2\/media\/10102"}],"wp:attachment":[{"href":"https:\/\/webshop.ingelbeen.be\/fr\/wp-json\/wp\/v2\/media?parent=8968"}],"wp:term":[{"taxonomy":"product_brand","embeddable":true,"href":"https:\/\/webshop.ingelbeen.be\/fr\/wp-json\/wp\/v2\/product_brand?post=8968"},{"taxonomy":"product_cat","embeddable":true,"href":"https:\/\/webshop.ingelbeen.be\/fr\/wp-json\/wp\/v2\/product_cat?post=8968"},{"taxonomy":"product_tag","embeddable":true,"href":"https:\/\/webshop.ingelbeen.be\/fr\/wp-json\/wp\/v2\/product_tag?post=8968"}],"curies":[{"name":"wp","href":"https:\/\/api.w.org\/{rel}","templated":true}]}}