{"id":8976,"date":"2024-04-30T13:10:47","date_gmt":"2024-04-30T12:10:47","guid":{"rendered":"https:\/\/ingelbeen.kneet.be\/product\/mobilgard-adl-40\/"},"modified":"2024-06-26T16:14:34","modified_gmt":"2024-06-26T15:14:34","slug":"mobilgard-adl-40","status":"publish","type":"product","link":"https:\/\/webshop.ingelbeen.be\/fr\/produit\/mobilgard-adl-40\/","title":{"rendered":"Mobilgard ADL 40"},"content":{"rendered":"<div class=\"compensation des d\u00e9tails du produit\">\n<div class=\"description de l'attribut du produit\">\n<div class=\"description de la valeur\">\n<p> La s\u00e9rie Mobilgard ADL d&rsquo;ExxonMobil est une famille d&rsquo;huiles moteur hautes performances \u00e0 dispersance accrue pour les moteurs diesel \u00e0 haut r\u00e9gime BMEP, \u00e0 moyen et \u00e0 haut r\u00e9gime, fonctionnant avec des carburants distill\u00e9s et MDO. Ces lubrifiants diesel avanc\u00e9s sont disponibles dans les qualit\u00e9s SAE 30 et 40 pour r\u00e9pondre \u00e0 la plupart des exigences de viscosit\u00e9 des moteurs marins. Gr\u00e2ce \u00e0 un \u00e9quilibre particulier de propri\u00e9t\u00e9s d\u00e9tergentes et dispersantes, ces huiles offrent non seulement une r\u00e9sistance accrue \u00e0 la formation de vernis de chemise de cylindre dans des applications de service s\u00e9v\u00e8res, mais contribuent \u00e9galement \u00e0 l&rsquo;\u00e9limination des boues et des d\u00e9p\u00f4ts. L&rsquo;utilisation des huiles Mobilgard s\u00e9rie ADL \u00e9vite la consommation \u00e9lev\u00e9e d&rsquo;huile associ\u00e9e au vernissage des chemises de cylindre, am\u00e9liore la propret\u00e9 globale du moteur et peut augmenter le temps entre les r\u00e9visions du moteur. Les propri\u00e9t\u00e9s de charge sup\u00e9rieures minimisent l&rsquo;usure des segments de piston et des chemises et rendent \u00e9galement les lubrifiants Mobilgard de la s\u00e9rie ADL adapt\u00e9s aux applications d&rsquo;engrenages marins.<\/p><\/div><\/div><\/div>\n<h2>Fonctionnalit\u00e9 et avantages potentiels<\/h2>\n<p> Les huiles Mobilgard s\u00e9rie ADL ont d\u00e9montr\u00e9 des performances sup\u00e9rieures dans les derniers mod\u00e8les de moteurs diesel, y compris les moteurs MAN BandW Alpha, Caterpillar (s\u00e9rie 3600), Deutz et Wartsila. Lors d&rsquo;essais approfondis sur le terrain sur ces moteurs, les huiles Mobilgard s\u00e9rie ADL ont corrig\u00e9 de nombreux probl\u00e8mes normalement associ\u00e9s aux moteurs \u00e0 service intensif fonctionnant avec des carburants de qualit\u00e9 inf\u00e9rieure. Les r\u00e9sultats incluent une consommation d&rsquo;huile consid\u00e9rablement r\u00e9duite, un laquage du rev\u00eatement consid\u00e9rablement r\u00e9duit et des p\u00e9riodes prolong\u00e9es entre les r\u00e9visions. Ces lubrifiants diesel avanc\u00e9s poss\u00e8dent d\u2019excellentes propri\u00e9t\u00e9s de s\u00e9paration de l\u2019eau, de r\u00e9sistance \u00e0 la rouille et \u00e0 la corrosion.<\/p>\n<p> Les principales caract\u00e9ristiques et avantages potentiels comprennent\u00a0:<\/p>\n<table class=\"table table-striped\">\n <t\u00eate><\/p>\n<tr>\n<th>Fonctionnalit\u00e9s<\/th>\n<th>Avantages et b\u00e9n\u00e9fices potentiels<\/th>\n<\/tr>\n<p> <\/t\u00eate><br \/>\n <corps><\/p>\n<tr>\n<td>Stabilit\u00e9 thermique et \u00e0 l&rsquo;oxydation accrue<\/td>\n<td>Am\u00e9lioration de la propret\u00e9 du moteur, r\u00e9duction du laquage des chemises, r\u00e9duction des boues sur le pont sup\u00e9rieur, r\u00e9duction des d\u00e9p\u00f4ts dans les rainures des segments de piston et du polissage des al\u00e9sages<\/td>\n<\/tr>\n<tr>\n<td>Protection sup\u00e9rieure contre l&rsquo;usure<\/td>\n<td>Prolonge la dur\u00e9e de vie des surfaces d&rsquo;usure critiques<\/td>\n<\/tr>\n<tr>\n<td>Capacit\u00e9 de d\u00e9tergence\/dispersion am\u00e9lior\u00e9e<\/td>\n<td>R\u00e9duction des d\u00e9p\u00f4ts, en particulier dans la zone de la courroie annulaire, ce qui entra\u00eene des r\u00e9visions prolong\u00e9es des cylindres et une r\u00e9duction de la consommation d&rsquo;huile<\/td>\n<\/tr>\n<tr>\n<td>Stabilit\u00e9 au cisaillement stable<\/td>\n<td>Consommation d&rsquo;huile r\u00e9duite et protection am\u00e9lior\u00e9e des roulements<\/td>\n<\/tr>\n<tr>\n<td>Niveaux de TBN \u00e9lev\u00e9s<\/td>\n<td>Emp\u00eache l&rsquo;usure corrosive due aux carburants \u00e0 plus forte teneur en soufre<\/td>\n<\/tr>\n<tr>\n<td>Large gamme d&rsquo;applications moteur<\/td>\n<td>Un lubrifiant moteur pour service s\u00e9v\u00e8re pour toutes les applications \u00e0 bord<\/td>\n<\/tr>\n<\/tbody>\n<\/table>\n<h2>Applications<\/h2>\n<p> Les lubrifiants Mobilgard de la s\u00e9rie ADL sont destin\u00e9s \u00e0 \u00eatre utilis\u00e9s dans les moteurs \u00e0 BMEP \u00e9lev\u00e9 et dans les applications de moteurs \u00e0 service intensif o\u00f9 la nature du carburant et le service n\u00e9cessitent un niveau de d\u00e9tergence\/dispersion et de contr\u00f4le du vernis de rev\u00eatement sup\u00e9rieur \u00e0 celui offert par la plupart des lubrifiants pour moteurs diesel.<\/p>\n<h2>Sp\u00e9cifications et homologations<\/h2>\n<h3>Satisfait ou d\u00e9passe les exigences de<\/h3>\n<ul>\n<li>GE 250MDA\/B (V ou L)<\/li>\n<\/ul>\n","protected":false},"excerpt":{"rendered":"<p>La s\u00e9rie Mobilgard ADL d&rsquo;ExxonMobil est une s\u00e9rie d&rsquo;huiles moteur avec une capacit\u00e9 de dispersion accrue pour les moteurs diesel \u00e0 moyenne et haute vitesse \u00e0 BMEP \u00e9lev\u00e9 fonctionnant avec des distillats et des carburants MDO.<\/p>\n","protected":false},"featured_media":10105,"template":"","meta":{"_acf_changed":false,"inline_featured_image":false},"product_brand":[],"product_cat":[214],"product_tag":[],"class_list":{"0":"post-8976","1":"product","2":"type-product","3":"status-publish","4":"has-post-thumbnail","6":"product_cat-huiles-moteurs","8":"first","9":"instock","10":"taxable","11":"shipping-taxable","12":"purchasable","13":"product-type-simple"},"acf":[],"_links":{"self":[{"href":"https:\/\/webshop.ingelbeen.be\/fr\/wp-json\/wp\/v2\/product\/8976","targetHints":{"allow":["GET"]}}],"collection":[{"href":"https:\/\/webshop.ingelbeen.be\/fr\/wp-json\/wp\/v2\/product"}],"about":[{"href":"https:\/\/webshop.ingelbeen.be\/fr\/wp-json\/wp\/v2\/types\/product"}],"wp:featuredmedia":[{"embeddable":true,"href":"https:\/\/webshop.ingelbeen.be\/fr\/wp-json\/wp\/v2\/media\/10105"}],"wp:attachment":[{"href":"https:\/\/webshop.ingelbeen.be\/fr\/wp-json\/wp\/v2\/media?parent=8976"}],"wp:term":[{"taxonomy":"product_brand","embeddable":true,"href":"https:\/\/webshop.ingelbeen.be\/fr\/wp-json\/wp\/v2\/product_brand?post=8976"},{"taxonomy":"product_cat","embeddable":true,"href":"https:\/\/webshop.ingelbeen.be\/fr\/wp-json\/wp\/v2\/product_cat?post=8976"},{"taxonomy":"product_tag","embeddable":true,"href":"https:\/\/webshop.ingelbeen.be\/fr\/wp-json\/wp\/v2\/product_tag?post=8976"}],"curies":[{"name":"wp","href":"https:\/\/api.w.org\/{rel}","templated":true}]}}