{"id":8982,"date":"2024-04-30T13:10:47","date_gmt":"2024-04-30T12:10:47","guid":{"rendered":"https:\/\/ingelbeen.kneet.be\/product\/mobilgard-hsd-15w-40-2\/"},"modified":"2024-06-26T16:14:35","modified_gmt":"2024-06-26T15:14:35","slug":"mobilgard-hsd-15w-40-2","status":"publish","type":"product","link":"https:\/\/webshop.ingelbeen.be\/fr\/produit\/mobilgard-hsd-15w-40-2\/","title":{"rendered":"Mobilgard HSD 15W-40"},"content":{"rendered":"","protected":false},"excerpt":{"rendered":"<p>Mobilgard\u2122 HSD 15W-40 est une huile moteur diesel multi-grade avanc\u00e9e qui aide \u00e0 prolonger la dur\u00e9e de vie du moteur et est formul\u00e9e pour les moteurs diesel \u00e0 haute vitesse et \u00e0 charge \u00e9lev\u00e9e dans les applications maritimes.<\/p>\n","protected":false},"featured_media":10105,"template":"","meta":{"_acf_changed":false,"inline_featured_image":false},"product_brand":[],"product_cat":[214],"product_tag":[],"class_list":{"0":"post-8982","1":"product","2":"type-product","3":"status-publish","4":"has-post-thumbnail","6":"product_cat-huiles-moteurs","8":"first","9":"instock","10":"taxable","11":"shipping-taxable","12":"purchasable","13":"product-type-simple"},"acf":[],"_links":{"self":[{"href":"https:\/\/webshop.ingelbeen.be\/fr\/wp-json\/wp\/v2\/product\/8982","targetHints":{"allow":["GET"]}}],"collection":[{"href":"https:\/\/webshop.ingelbeen.be\/fr\/wp-json\/wp\/v2\/product"}],"about":[{"href":"https:\/\/webshop.ingelbeen.be\/fr\/wp-json\/wp\/v2\/types\/product"}],"wp:featuredmedia":[{"embeddable":true,"href":"https:\/\/webshop.ingelbeen.be\/fr\/wp-json\/wp\/v2\/media\/10105"}],"wp:attachment":[{"href":"https:\/\/webshop.ingelbeen.be\/fr\/wp-json\/wp\/v2\/media?parent=8982"}],"wp:term":[{"taxonomy":"product_brand","embeddable":true,"href":"https:\/\/webshop.ingelbeen.be\/fr\/wp-json\/wp\/v2\/product_brand?post=8982"},{"taxonomy":"product_cat","embeddable":true,"href":"https:\/\/webshop.ingelbeen.be\/fr\/wp-json\/wp\/v2\/product_cat?post=8982"},{"taxonomy":"product_tag","embeddable":true,"href":"https:\/\/webshop.ingelbeen.be\/fr\/wp-json\/wp\/v2\/product_tag?post=8982"}],"curies":[{"name":"wp","href":"https:\/\/api.w.org\/{rel}","templated":true}]}}