{"id":8986,"date":"2024-04-30T13:10:46","date_gmt":"2024-04-30T12:10:46","guid":{"rendered":"https:\/\/ingelbeen.kneet.be\/product\/mobilarma-524\/"},"modified":"2024-06-26T16:14:32","modified_gmt":"2024-06-26T15:14:32","slug":"mobilarma-524","status":"publish","type":"product","link":"https:\/\/webshop.ingelbeen.be\/fr\/produit\/mobilarma-524\/","title":{"rendered":"Mobilarma 524"},"content":{"rendered":"<div class=\"compensation des d\u00e9tails du produit\">\n<div class=\"description de l'attribut du produit\">\n<div class=\"description de la valeur\">\n<p> Les huiles Mobilarma s\u00e9rie 500 sont des produits de haute performance principalement destin\u00e9s \u00e0 servir de lubrifiants de rodage ou de superposition, qui fournissent des films antirouille efficaces sur les surfaces internes des machines. Ils conviennent particuli\u00e8rement comme lubrifiants de rodage pour les moteurs diesel et essence. Les huiles chassent l&rsquo;eau des surfaces m\u00e9talliques et forment des films r\u00e9sistants \u00e0 l&rsquo;eau sur les surfaces m\u00e9talliques pour pr\u00e9venir la rouille et la corrosion. Les huiles de la s\u00e9rie Mobilarma absorbent l&rsquo;eau des syst\u00e8mes dans une \u00e9mulsion eau dans l&rsquo;huile afin que les surfaces de contact des machines b\u00e9n\u00e9ficient toujours d&rsquo;une lubrification satisfaisante. Leur grande stabilit\u00e9 chimique et leurs propri\u00e9t\u00e9s anti-usure et d\u00e9tergentes en font des lubrifiants de haute qualit\u00e9 \u00e0 court terme.<\/p>\n<p> Dans la plupart des applications, les films antirouille r\u00e9siduels n&rsquo;ont pas besoin d&rsquo;\u00eatre \u00e9limin\u00e9s lorsque l&rsquo;ensemble est rempli d&rsquo;huile lubrifiante ou de fluide hydraulique et remis en service. Cependant, un rin\u00e7age avec une charge d&rsquo;huile lubrifiante pour \u00e9liminer le produit Mobilarma ou son film r\u00e9siduel, est recommand\u00e9 si :<\/p>\n<p> 1. Le Mobilarma ne fournit pas les caract\u00e9ristiques de lubrifiant requises pour faire fonctionner l&rsquo;\u00e9quipement aux charges et temp\u00e9ratures nominales.<br \/>\n 2. La vidange de l&rsquo;\u00e9quipement est difficile et des poches consid\u00e9rables du Mobilarma ne peuvent pas \u00eatre facilement retir\u00e9es<br \/>\n 3. La contamination de l&rsquo;huile du syst\u00e8me par Mobilarma pourrait r\u00e9duire les caract\u00e9ristiques de performance de lubrification (exemples\u00a0: Mobilarma pourrait augmenter les points de trouble du fr\u00e9on dans les compresseurs ou les \u00e9mulsions eau dans huile r\u00e9duire les caract\u00e9ristiques anti-usure dans les syst\u00e8mes hydrauliques haute pression).<br \/>\n 4. La pr\u00e9sence d&rsquo;agents antirouille r\u00e9duit la capacit\u00e9 de l&rsquo;huile neuve \u00e0 s\u00e9parer l&rsquo;eau dans la turbine et les \u00e9quipements similaires.<\/p><\/div><\/div><\/div>\n<h2>Fonctionnalit\u00e9 et avantages potentiels<\/h2>\n<p> Les huiles Mobilarma s\u00e9rie 500 constituent un excellent lubrifiant qui agit \u00e9galement comme antirouille. Cela permet de stocker en toute s\u00e9curit\u00e9 des \u00e9quipements qui ne seront pas utilis\u00e9s imm\u00e9diatement mais qui peuvent fonctionner par intermittence \u00e0 des charges faibles \u00e0 mod\u00e9r\u00e9es pendant de courtes p\u00e9riodes. Ces produits offrent d\u2019excellentes performances pr\u00e9ventives contre la rouille, r\u00e9duisant ainsi tout dommage potentiel qui pourrait autrement survenir sur un \u00e9quipement non fonctionnel. Cela \u00e9vite le nettoyage et d\u2019\u00e9ventuelles proc\u00e9dures de rin\u00e7age rigoureuses avant la remise en service de l\u2019\u00e9quipement.<\/p>\n<table class=\"table table-striped\">\n <t\u00eate><\/p>\n<tr>\n<th>Fonctionnalit\u00e9s<\/th>\n<th>Avantages et b\u00e9n\u00e9fices potentiels<\/th>\n<\/tr>\n<p> <\/t\u00eate><br \/>\n <corps><\/p>\n<tr>\n<td>Excellente protection contre la rouille et la corrosion<\/td>\n<td>Protection de haut niveau contre la rouille lors des arr\u00eats saisonniers, Temps de nettoyage r\u00e9duit n\u00e9cessaire pour remettre l&rsquo;\u00e9quipement en production, D\u00e9place l&rsquo;eau des surfaces m\u00e9talliques et forme des films protecteurs tenaces<\/td>\n<\/tr>\n<tr>\n<td>Propri\u00e9t\u00e9s anti-usure efficaces<\/td>\n<td>Prot\u00e8ge l&rsquo;\u00e9quipement contre l&rsquo;usure<\/td>\n<\/tr>\n<tr>\n<td>Lubrifiant \u00e0 double usage\/nature antirouille<\/td>\n<td>R\u00e9duction des co\u00fbts et du temps n\u00e9cessaires aux proc\u00e9dures de rodage, de test ou de r\u00e9glage, \u00e9limine les \u00e9tapes de rin\u00e7age et de vidange inutiles<\/td>\n<\/tr>\n<\/tbody>\n<\/table>\n<h2>Applications<\/h2>\n<ul>\n<li>Huile de rodage et huile de d\u00e9p\u00f4t pour moteurs et \u00e9quipements industriels<\/li>\n<li>Turbines qui seront hors service pendant de longues p\u00e9riodes<\/li>\n<li>Les syst\u00e8mes hydrauliques dans lesquels de l&rsquo;eau est pr\u00e9sente et o\u00f9 la formation d&rsquo;\u00e9mulsions n&rsquo;affectera pas le fonctionnement<\/li>\n<li>Test de l&rsquo;huile d&rsquo;\u00e9talonnage<\/li>\n<\/ul>\n","protected":false},"excerpt":{"rendered":"<p>La s\u00e9rie Mobilarma 500 comprend des produits largement utilis\u00e9s, principalement destin\u00e9s \u00e0 \u00eatre utilis\u00e9s comme huiles de rodage ou de conservation, offrant une protection efficace contre la rouille sur les surfaces internes des machines.<\/p>\n","protected":false},"featured_media":0,"template":"","meta":{"_acf_changed":false,"inline_featured_image":false},"product_brand":[],"product_cat":[183],"product_tag":[],"class_list":{"0":"post-8986","1":"product","2":"type-product","3":"status-publish","5":"product_cat-divers","7":"first","8":"instock","9":"taxable","10":"shipping-taxable","11":"purchasable","12":"product-type-simple"},"acf":[],"_links":{"self":[{"href":"https:\/\/webshop.ingelbeen.be\/fr\/wp-json\/wp\/v2\/product\/8986","targetHints":{"allow":["GET"]}}],"collection":[{"href":"https:\/\/webshop.ingelbeen.be\/fr\/wp-json\/wp\/v2\/product"}],"about":[{"href":"https:\/\/webshop.ingelbeen.be\/fr\/wp-json\/wp\/v2\/types\/product"}],"wp:attachment":[{"href":"https:\/\/webshop.ingelbeen.be\/fr\/wp-json\/wp\/v2\/media?parent=8986"}],"wp:term":[{"taxonomy":"product_brand","embeddable":true,"href":"https:\/\/webshop.ingelbeen.be\/fr\/wp-json\/wp\/v2\/product_brand?post=8986"},{"taxonomy":"product_cat","embeddable":true,"href":"https:\/\/webshop.ingelbeen.be\/fr\/wp-json\/wp\/v2\/product_cat?post=8986"},{"taxonomy":"product_tag","embeddable":true,"href":"https:\/\/webshop.ingelbeen.be\/fr\/wp-json\/wp\/v2\/product_tag?post=8986"}],"curies":[{"name":"wp","href":"https:\/\/api.w.org\/{rel}","templated":true}]}}