{"id":8988,"date":"2024-04-30T13:10:46","date_gmt":"2024-04-30T12:10:46","guid":{"rendered":"https:\/\/ingelbeen.kneet.be\/product\/mobilarma-798\/"},"modified":"2024-06-26T16:14:32","modified_gmt":"2024-06-26T15:14:32","slug":"mobilarma-798","status":"publish","type":"product","link":"https:\/\/webshop.ingelbeen.be\/fr\/produit\/mobilarma-798\/","title":{"rendered":"Mobilarma 798"},"content":{"rendered":"<div class=\"compensation des d\u00e9tails du produit\">\n<div class=\"description de l'attribut du produit\">\n<div class=\"description de la valeur\">\n<p> La s\u00e9rie Mobilarma 700 contient trois produits antirouille performants qui couvrent une gamme d&rsquo;applications, y compris le stockage et les activit\u00e9s interop\u00e9rationnelles. Les Mobilarma 777 et 778 sont destin\u00e9s \u00e0 la protection des t\u00f4les lamin\u00e9es \u00e0 froid et des aciers en bobines dans l&rsquo;industrie m\u00e9tallurgique. Mobilarma 798 est destin\u00e9 \u00e0 la lubrification et \u00e0 la protection contre la rouille des c\u00e2bles m\u00e9talliques dans les applications industrielles, de construction, mini\u00e8res et marines. Les produits Mobilarma s\u00e9rie 700 pr\u00e9sentent d&rsquo;excellentes propri\u00e9t\u00e9s de d\u00e9placement de l&rsquo;eau et forment de minces films tenaces qui prot\u00e8gent les surfaces m\u00eame dans des conditions difficiles comprenant des niveaux d&rsquo;humidit\u00e9 \u00e9lev\u00e9s et une exposition \u00e0 des fum\u00e9es acides ou corrosives.<\/p>\n<p> Les Mobilarma 777 et 778 forment des films barri\u00e8res humides, huileux et extr\u00eamement fins qui ne sont pas collants et n&rsquo;attirent donc pas la salet\u00e9 ou d&rsquo;autres corps \u00e9trangers. Ils prot\u00e9geront les t\u00f4les et les bobines d&rsquo;acier jusqu&rsquo;\u00e0 douze mois, m\u00eame dans des conditions s\u00e9v\u00e8res incluant des variations d&rsquo;humidit\u00e9 et une exposition aux vapeurs acides pouvant se trouver \u00e0 proximit\u00e9 des op\u00e9rations de d\u00e9capage.<\/p>\n<p> Mobilarma 798 forme un film semblable \u00e0 de la graisse qui prot\u00e8ge les c\u00e2bles m\u00e9talliques des tendances \u00e0 la corrosion des brouillards salins et des atmosph\u00e8res charg\u00e9es d&rsquo;humidit\u00e9. Il est efficace malgr\u00e9 les temp\u00e9ratures extr\u00eames que l\u2019on peut rencontrer en mer et offre une bonne protection contre les acides doux. Il est souple \u00e0 \u201335 \u00baC et ne coule pas \u00e0 60 \u00baC. Il r\u00e9siste aux rejets en service \u00e0 grande vitesse et adh\u00e8re sans \u00eatre collant ou filandreux. Le film est auto-cicatrisant et ne s\u2019\u00e9caille pas.<\/p><\/div><\/div><\/div>\n<h2>Fonctionnalit\u00e9 et avantages potentiels<\/h2>\n<p> Mobilarma 798 fonctionne bien entre les brins du c\u00e2ble m\u00e9tallique, offrant une excellente lubrification ainsi que des films protecteurs. Ces caract\u00e9ristiques r\u00e9duisent l&rsquo;usure et am\u00e9liorent la dur\u00e9e de vie des c\u00e2bles m\u00e9talliques ainsi que minimisent les co\u00fbts de maintenance associ\u00e9s \u00e0 leur utilisation. Il est compatible avec d\u2019autres mat\u00e9riaux d\u2019impr\u00e9gnation des \u00e2mes de c\u00e2bles m\u00e9talliques qui peuvent avoir \u00e9t\u00e9 appliqu\u00e9s lors de la fabrication. Il est facile \u00e0 appliquer et \u00e9conomique \u00e0 utiliser.<\/p>\n<table class=\"table table-striped\">\n <t\u00eate><\/p>\n<tr>\n<th>Fonctionnalit\u00e9s<\/th>\n<th>Avantages et b\u00e9n\u00e9fices potentiels<\/th>\n<\/tr>\n<p> <\/t\u00eate><br \/>\n <corps><\/p>\n<tr>\n<td>Protection efficace contre la rouille et la corrosion<\/td>\n<td>Moins de gaspillage et r\u00e9duction des co\u00fbts<\/td>\n<\/tr>\n<tr>\n<td>Application facile<\/td>\n<td>Moins de gaspillage et r\u00e9duction des co\u00fbts<\/td>\n<\/tr>\n<tr>\n<td>\u00c9conomique \u00e0 utiliser<\/td>\n<td>Bonne couverture et protection avec des films fins<\/td>\n<\/tr>\n<\/tbody>\n<\/table>\n<h2>Applications<\/h2>\n<p> Mobilarma 798 est recommand\u00e9 pour une utilisation pour\u00a0:<\/p>\n<ul>\n<li>Lubrification et pr\u00e9servation des torons et des c\u00e2bles de roulement<\/li>\n<li>Impr\u00e9gnation des c\u00e2bles en acier pendant la fabrication<\/li>\n<\/ul>\n<div class=\"product-list-wrapper\"><\/div>\n","protected":false},"excerpt":{"rendered":"<p>Les produits de la s\u00e9rie Mobilarma 700 comprennent trois agents de conservation de performance sup\u00e9rieure pour une large gamme d&rsquo;applications, y compris le stockage et les activit\u00e9s interop\u00e9rationnelles.<\/p>\n","protected":false},"featured_media":0,"template":"","meta":{"_acf_changed":false,"inline_featured_image":false},"product_brand":[],"product_cat":[183],"product_tag":[],"class_list":{"0":"post-8988","1":"product","2":"type-product","3":"status-publish","5":"product_cat-divers","7":"first","8":"instock","9":"taxable","10":"shipping-taxable","11":"purchasable","12":"product-type-simple"},"acf":[],"_links":{"self":[{"href":"https:\/\/webshop.ingelbeen.be\/fr\/wp-json\/wp\/v2\/product\/8988","targetHints":{"allow":["GET"]}}],"collection":[{"href":"https:\/\/webshop.ingelbeen.be\/fr\/wp-json\/wp\/v2\/product"}],"about":[{"href":"https:\/\/webshop.ingelbeen.be\/fr\/wp-json\/wp\/v2\/types\/product"}],"wp:attachment":[{"href":"https:\/\/webshop.ingelbeen.be\/fr\/wp-json\/wp\/v2\/media?parent=8988"}],"wp:term":[{"taxonomy":"product_brand","embeddable":true,"href":"https:\/\/webshop.ingelbeen.be\/fr\/wp-json\/wp\/v2\/product_brand?post=8988"},{"taxonomy":"product_cat","embeddable":true,"href":"https:\/\/webshop.ingelbeen.be\/fr\/wp-json\/wp\/v2\/product_cat?post=8988"},{"taxonomy":"product_tag","embeddable":true,"href":"https:\/\/webshop.ingelbeen.be\/fr\/wp-json\/wp\/v2\/product_tag?post=8988"}],"curies":[{"name":"wp","href":"https:\/\/api.w.org\/{rel}","templated":true}]}}