{"id":8998,"date":"2024-04-30T13:10:46","date_gmt":"2024-04-30T12:10:46","guid":{"rendered":"https:\/\/ingelbeen.kneet.be\/product\/mobilect-39\/"},"modified":"2024-06-26T16:14:32","modified_gmt":"2024-06-26T15:14:32","slug":"mobilect-39","status":"publish","type":"product","link":"https:\/\/webshop.ingelbeen.be\/fr\/produit\/mobilect-39\/","title":{"rendered":"Mobilect 39"},"content":{"rendered":"<div class=\"compensation des d\u00e9tails du produit\">\n<div class=\"description de l'attribut du produit\">\n<div class=\"description de la valeur\">\n<p> Mobilect\u2122 39 est une huile isolante min\u00e9rale non inhib\u00e9e de haute qualit\u00e9 avec de tr\u00e8s bonnes propri\u00e9t\u00e9s di\u00e9lectriques et une stabilit\u00e9 \u00e0 l&rsquo;oxydation destin\u00e9e aux transformateurs, appareillages de commutation et autres \u00e9quipements \u00e9lectriques.<\/p>\n<p> Mobilect 39 est non inhib\u00e9 et r\u00e9pond aux sp\u00e9cifications CEI 60296 (04) et aux exigences des tests de corrosion ASTM D1275B\/CIGRE.<\/p><\/div><\/div><\/div>\n<h2>Fonctionnalit\u00e9 et avantages potentiels<\/h2>\n<ul>\n<li>\n<div>Mobilect 39 pr\u00e9sente une r\u00e9sistance \u00e9lev\u00e9e \u00e0 la d\u00e9gradation thermique et chimique en pr\u00e9sence de fer et de cuivre, ce qui r\u00e9duit la tendance \u00e0 produire des boues et des produits d&rsquo;oxydation solubles dans l&rsquo;huile. Lorsque des huiles de qualit\u00e9 inf\u00e9rieure sont utilis\u00e9es, celles-ci peuvent former des d\u00e9p\u00f4ts dans le transformateur et entraver le transfert de chaleur en interf\u00e9rant avec les courants de convection. De plus, les d\u00e9p\u00f4ts peuvent acc\u00e9l\u00e9rer les d\u00e9fauts d&rsquo;isolation et sont souvent tr\u00e8s difficiles \u00e0 \u00e9liminer sans un d\u00e9montage complet.<\/div>\n<\/li>\n<li>\n<div>Mobilect 39 est sp\u00e9cifiquement trait\u00e9 lors de la fabrication pour \u00e9liminer l&rsquo;humidit\u00e9. L&rsquo;eau r\u00e9duira les propri\u00e9t\u00e9s d&rsquo;isolation \u00e9lectrique de l&rsquo;huile et favorisera l&rsquo;oxydation. Il est important de rappeler qu\u2019une huile s\u00e8che est hygroscopique et absorbe l\u2019humidit\u00e9 de l\u2019air. Il doit donc toujours \u00eatre stock\u00e9 au sec et dans des r\u00e9cipients bien ferm\u00e9s. Il est fortement recommand\u00e9 de s\u00e9cher le produit avant utilisation ou de l&rsquo;utiliser dans un court d\u00e9lai apr\u00e8s l&rsquo;achat pour \u00e9viter un stockage \u00e0 long terme.<\/div>\n<\/li>\n<li>\n<div>La rigidit\u00e9 di\u00e9lectrique du Mobilect 39 est une mesure de la r\u00e9sistance de l&rsquo;huile aux contraintes \u00e9lectriques et est exprim\u00e9e en kV \u00e0 travers un espace sp\u00e9cifi\u00e9 dans des conditions de test. Il ne s&rsquo;agit pas d&rsquo;une mesure de la qualit\u00e9 de l&rsquo;huile mais de l&rsquo;absence de contaminants, notamment d&rsquo;humidit\u00e9, de fibres et de produits chimiques polaires.<\/div>\n<\/li>\n<li>\n<div>Mobilect 39 est exempt de cire m\u00eame \u00e0 basse temp\u00e9rature et circule ainsi librement dans les applications ext\u00e9rieures. Sa viscosit\u00e9 assure un transfert de chaleur ais\u00e9 par courants de convection mobiles. La mobilit\u00e9 est \u00e9galement essentielle pour \u00e9teindre rapidement les arcs dans les appareils de commutation.<\/div>\n<\/li>\n<li>\n<div>Le faible point d&rsquo;\u00e9coulement du Mobilect 39 assure une libre circulation dans la plupart des conditions entre le transformateur et le conservateur et maintient la fiabilit\u00e9 des changeurs de prises aux temp\u00e9ratures les plus basses.<\/div>\n<\/li>\n<\/ul>\n<h2>Applications<\/h2>\n<ul>\n<li>\n<div>Mobilect 39 est recommand\u00e9 pour une utilisation dans les transformateurs et les appareillages de commutation remplis d&rsquo;huile dans lesquels l&rsquo;huile est requise comme moyen d&rsquo;isolation ou comme moyen de transfert de chaleur.<\/div>\n<\/li>\n<li>\n<div>Mobilect 39 doit \u00eatre utilis\u00e9 dans les applications sp\u00e9cifiant les sp\u00e9cifications g\u00e9n\u00e9rales CEI 60296 (04) et la protection renforc\u00e9e contre la corrosion du cuivre (r\u00e9ussite du test de corrosion ASTM D1275B).<\/div>\n<\/li>\n<li>\n<div>Mobilect 39 ne convient pas pour une utilisation dans des c\u00e2bles remplis d&rsquo;huile, pour des processus d&rsquo;impr\u00e9gnation sp\u00e9ciaux ou pour une utilisation dans des condensateurs.<\/div>\n<\/li>\n<\/ul>\n<h2>Sp\u00e9cifications et homologations<\/h2>\n<h3>Satisfait ou d\u00e9passe les exigences de<\/h3>\n<ul>\n<li>Sp\u00e9cifications g\u00e9n\u00e9rales CEI 60296 (04)<\/li>\n<\/ul>\n","protected":false},"excerpt":{"rendered":"<p>Mobilect\u2122 39 est une huile min\u00e9rale non inhib\u00e9e de haute qualit\u00e9 avec d&rsquo;excellentes propri\u00e9t\u00e9s di\u00e9lectriques et une stabilit\u00e9 \u00e0 l&rsquo;oxydation, destin\u00e9e aux transformateurs, interrupteurs et autres \u00e9quipements \u00e9lectriques. Mobilect 39 n&rsquo;est pas inhib\u00e9e et r\u00e9pond aux exigences de la norme IEC 60296 (04) et aux exigences du test de corrosion ASTM D1275B \/ CIGRE.<\/p>\n","protected":false},"featured_media":10102,"template":"","meta":{"_acf_changed":false,"inline_featured_image":false},"product_brand":[],"product_cat":[183],"product_tag":[],"class_list":{"0":"post-8998","1":"product","2":"type-product","3":"status-publish","4":"has-post-thumbnail","6":"product_cat-divers","8":"first","9":"instock","10":"taxable","11":"shipping-taxable","12":"purchasable","13":"product-type-simple"},"acf":[],"_links":{"self":[{"href":"https:\/\/webshop.ingelbeen.be\/fr\/wp-json\/wp\/v2\/product\/8998","targetHints":{"allow":["GET"]}}],"collection":[{"href":"https:\/\/webshop.ingelbeen.be\/fr\/wp-json\/wp\/v2\/product"}],"about":[{"href":"https:\/\/webshop.ingelbeen.be\/fr\/wp-json\/wp\/v2\/types\/product"}],"wp:featuredmedia":[{"embeddable":true,"href":"https:\/\/webshop.ingelbeen.be\/fr\/wp-json\/wp\/v2\/media\/10102"}],"wp:attachment":[{"href":"https:\/\/webshop.ingelbeen.be\/fr\/wp-json\/wp\/v2\/media?parent=8998"}],"wp:term":[{"taxonomy":"product_brand","embeddable":true,"href":"https:\/\/webshop.ingelbeen.be\/fr\/wp-json\/wp\/v2\/product_brand?post=8998"},{"taxonomy":"product_cat","embeddable":true,"href":"https:\/\/webshop.ingelbeen.be\/fr\/wp-json\/wp\/v2\/product_cat?post=8998"},{"taxonomy":"product_tag","embeddable":true,"href":"https:\/\/webshop.ingelbeen.be\/fr\/wp-json\/wp\/v2\/product_tag?post=8998"}],"curies":[{"name":"wp","href":"https:\/\/api.w.org\/{rel}","templated":true}]}}