{"id":9002,"date":"2024-04-30T13:10:46","date_gmt":"2024-04-30T12:10:46","guid":{"rendered":"https:\/\/ingelbeen.kneet.be\/product\/mobilfluid-125-2\/"},"modified":"2024-06-26T16:14:32","modified_gmt":"2024-06-26T15:14:32","slug":"mobilfluid-125-2","status":"publish","type":"product","link":"https:\/\/webshop.ingelbeen.be\/fr\/produit\/mobilfluid-125-2\/","title":{"rendered":"Mobilfluid 125"},"content":{"rendered":"<div class=\"compensation des d\u00e9tails du produit\">\n<div class=\"description de l'attribut du produit\">\n<div class=\"description de la valeur\">\n<p> Mobilfluid 125 est un fluide de transmission de puissance tr\u00e8s haute performance formul\u00e9 pour \u00eatre utilis\u00e9 dans les engrenages hydrodynamiques et les syst\u00e8mes hydrauliques que l&rsquo;on trouve g\u00e9n\u00e9ralement dans les applications ferroviaires, maritimes, de construction et industrielles. Il est formul\u00e9 \u00e0 partir de mati\u00e8res premi\u00e8res hautes performances et d&rsquo;additifs avanc\u00e9s pour offrir les performances pr\u00e9cises requises pour transf\u00e9rer la puissance de mani\u00e8re r\u00e9active. Mobilfluid 125 est con\u00e7u pour r\u00e9sister aux contraintes des applications intensives, \u00e0 basse et haute vitesse, dans une large gamme d&rsquo;environnements d&rsquo;exploitation s\u00e9v\u00e8res.<\/p><\/div><\/div><\/div>\n<h2>Fonctionnalit\u00e9 et avantages potentiels<\/h2>\n<p> L&rsquo;utilisation de syst\u00e8mes d&rsquo;engrenages hydrodynamiques et de syst\u00e8mes de commande hydrauliques d\u00e9pend de fluides hautes performances pour obtenir un contr\u00f4le et une efficacit\u00e9 coh\u00e9rents et r\u00e9actifs de l&rsquo;\u00e9quipement. Ces syst\u00e8mes fonctionnent sous des pressions et des temp\u00e9ratures \u00e9lev\u00e9es qui peuvent provoquer des d\u00e9p\u00f4ts dans les vannes de r\u00e9gulation o\u00f9 s&rsquo;effectue un contr\u00f4le pr\u00e9cis des convertisseurs de couple et du syst\u00e8me hydraulique. Les principaux avantages de Mobilfluid 125 comprennent\u00a0:<\/p>\n<table class=\"table table-striped\">\n <t\u00eate><\/p>\n<tr>\n<th>Fonctionnalit\u00e9s<\/th>\n<th>Avantages et b\u00e9n\u00e9fices potentiels<\/th>\n<\/tr>\n<p> <\/t\u00eate><br \/>\n <corps><\/p>\n<tr>\n<td>Bonne protection contre l&rsquo;usure<\/td>\n<td>Dur\u00e9e de vie prolong\u00e9e des composants, productivit\u00e9 accrue et co\u00fbts de maintenance r\u00e9duits<\/td>\n<\/tr>\n<tr>\n<td>R\u00e9sistance efficace \u00e0 la d\u00e9gradation thermique et \u00e0 l&rsquo;oxydation<\/td>\n<td>R\u00e9duction significative des laques, d\u00e9p\u00f4ts et boues nocifs Maintient le transfert de puissance et une bonne r\u00e9ponse de contr\u00f4le Prolonge la dur\u00e9e de vie de l&rsquo;huile<\/td>\n<\/tr>\n<tr>\n<td>Bonnes propri\u00e9t\u00e9s \u00e0 basse temp\u00e9rature<\/td>\n<td>D\u00e9marrage facile et commande hydraulique r\u00e9active<\/td>\n<\/tr>\n<tr>\n<td>Protection efficace contre la rouille et la corrosion, y compris les arr\u00eats prolong\u00e9s dans des conditions ambiantes mouill\u00e9es ou humides<\/td>\n<td>R\u00e9duit l&rsquo;usure gr\u00e2ce \u00e0 un d\u00e9marrage fiable de l&rsquo;\u00e9quipement et des co\u00fbts de maintenance r\u00e9duits<\/td>\n<\/tr>\n<tr>\n<td>Excellentes propri\u00e9t\u00e9s de lib\u00e9ration d&rsquo;air \u00e9liminant les probl\u00e8mes de mousse<\/td>\n<td>Offre une r\u00e9ponse hydraulique et un transfert de puissance optimaux Maintient le film fluide pour une lubrification am\u00e9lior\u00e9e<\/td>\n<\/tr>\n<tr>\n<td>Compatible avec les joints et les mat\u00e9riaux de joints utilis\u00e9s dans ces syst\u00e8mes<\/td>\n<td>R\u00e9duction des fuites de fluide, des pertes de pression et de la contamination<\/td>\n<\/tr>\n<\/tbody>\n<\/table>\n<h2>Applications<\/h2>\n<ul>\n<li>Accouplements et entra\u00eenements hydrauliques, convertisseurs de couple et syst\u00e8mes de commande hydrauliques utilis\u00e9s dans les applications ferroviaires, maritimes, de construction et industrielles<\/li>\n<\/ul>\n<h2>Sp\u00e9cifications et homologations<\/h2>\n<h3>Ce produit r\u00e9pond aux exigences selon Exxonmobil<\/h3>\n<ul>\n<li>Transmissions turbo UTTO Voith 3.285-149<\/li>\n<\/ul>\n","protected":false},"excerpt":{"rendered":"<p>Mobilfluid 125 est un fluide de transmission de puissance de tr\u00e8s haute qualit\u00e9, formul\u00e9 pour une utilisation dans les transmissions hydrodynamiques et les syst\u00e8mes hydrauliques, comme ceux utilis\u00e9s dans les chemins de fer, la marine, la construction et les applications industrielles.<\/p>\n","protected":false},"featured_media":10102,"template":"","meta":{"_acf_changed":false,"inline_featured_image":false},"product_brand":[],"product_cat":[220],"product_tag":[],"class_list":{"0":"post-9002","1":"product","2":"type-product","3":"status-publish","4":"has-post-thumbnail","6":"product_cat-huiles-pour-transmissions-et-atf","8":"first","9":"instock","10":"taxable","11":"shipping-taxable","12":"purchasable","13":"product-type-simple"},"acf":[],"_links":{"self":[{"href":"https:\/\/webshop.ingelbeen.be\/fr\/wp-json\/wp\/v2\/product\/9002","targetHints":{"allow":["GET"]}}],"collection":[{"href":"https:\/\/webshop.ingelbeen.be\/fr\/wp-json\/wp\/v2\/product"}],"about":[{"href":"https:\/\/webshop.ingelbeen.be\/fr\/wp-json\/wp\/v2\/types\/product"}],"wp:featuredmedia":[{"embeddable":true,"href":"https:\/\/webshop.ingelbeen.be\/fr\/wp-json\/wp\/v2\/media\/10102"}],"wp:attachment":[{"href":"https:\/\/webshop.ingelbeen.be\/fr\/wp-json\/wp\/v2\/media?parent=9002"}],"wp:term":[{"taxonomy":"product_brand","embeddable":true,"href":"https:\/\/webshop.ingelbeen.be\/fr\/wp-json\/wp\/v2\/product_brand?post=9002"},{"taxonomy":"product_cat","embeddable":true,"href":"https:\/\/webshop.ingelbeen.be\/fr\/wp-json\/wp\/v2\/product_cat?post=9002"},{"taxonomy":"product_tag","embeddable":true,"href":"https:\/\/webshop.ingelbeen.be\/fr\/wp-json\/wp\/v2\/product_tag?post=9002"}],"curies":[{"name":"wp","href":"https:\/\/api.w.org\/{rel}","templated":true}]}}