{"id":9004,"date":"2024-04-30T13:10:46","date_gmt":"2024-04-30T12:10:46","guid":{"rendered":"https:\/\/ingelbeen.kneet.be\/product\/mobilfluid-316m\/"},"modified":"2024-06-26T16:14:32","modified_gmt":"2024-06-26T15:14:32","slug":"mobilfluid-316m","status":"publish","type":"product","link":"https:\/\/webshop.ingelbeen.be\/fr\/produit\/mobilfluid-316m\/","title":{"rendered":"Mobilfluid 316M"},"content":{"rendered":"<div class=\"compensation des d\u00e9tails du produit\">\n<div class=\"description de l'attribut du produit\">\n<div class=\"description de la valeur\">\n<p> Mobilfluid 316M est une huile hydraulique haute performance formul\u00e9e \u00e0 partir d&rsquo;huiles de base soigneusement s\u00e9lectionn\u00e9es et d&rsquo;un syst\u00e8me d&rsquo;additifs \u00e9quilibr\u00e9. Il est con\u00e7u pour r\u00e9pondre aux exigences d&rsquo;une large gamme d&rsquo;\u00e9quipements hydrauliques et hydrostatiques robustes utilis\u00e9s dans les applications sur route et hors route. Il a une viscosit\u00e9 cin\u00e9matique typique de 53,1 cSt \u00e0 40 \u00b0C, ce qui correspond \u00e0 un grade interm\u00e9diaire entre les grades de viscosit\u00e9 ISO VG 46 et ISO VG 68. Il offre la possibilit\u00e9 d&rsquo;utiliser un seul fluide hydraulique dans les syst\u00e8mes n\u00e9cessitant ces deux grades de viscosit\u00e9 les plus courants.<\/p><\/div><\/div><\/div>\n<h2>Fonctionnalit\u00e9 et avantages potentiels<\/h2>\n<p> Mobilfluid 316M offre d&rsquo;excellentes performances dans une large gamme de syst\u00e8mes et de composants hydrauliques utilisant diverses conceptions multim\u00e9talliques. Le produit offre \u00e9galement des performances efficaces \u00e0 basse et haute temp\u00e9rature ambiante gr\u00e2ce \u00e0 son indice de viscosit\u00e9 tr\u00e8s \u00e9lev\u00e9. La couleur bleue aide \u00e0 \u00e9viter un m\u00e9lange accidentel avec d\u2019autres types d\u2019huiles. Les principaux avantages comprennent\u00a0:<\/p>\n<table class=\"table table-striped\">\n <t\u00eate><\/p>\n<tr>\n<th>Fonctionnalit\u00e9s<\/th>\n<th>Avantages et b\u00e9n\u00e9fices potentiels<\/th>\n<\/tr>\n<p> <\/t\u00eate><br \/>\n <corps><\/p>\n<tr>\n<td>Bonne protection contre l&rsquo;\u00e9paississement de l&rsquo;huile, les d\u00e9p\u00f4ts \u00e0 haute temp\u00e9rature et la d\u00e9gradation de l&rsquo;huile<\/td>\n<td>Syst\u00e8mes hydrauliques propres, aide \u00e0 prot\u00e9ger contre le grippage des palettes, performances de longue dur\u00e9e<\/td>\n<\/tr>\n<tr>\n<td>Bonne protection anti-usure<\/td>\n<td>Aide \u00e0 r\u00e9duire l&rsquo;usure et \u00e0 prolonger la dur\u00e9e de vie de l&rsquo;\u00e9quipement<\/td>\n<\/tr>\n<tr>\n<td>Performances sur une large plage de temp\u00e9ratures<\/td>\n<td>Aide \u00e0 r\u00e9duire l&rsquo;usure \u00e0 des temp\u00e9ratures de d\u00e9marrage froides R\u00e9sistance efficace du film lubrifiant \u00e0 haute temp\u00e9rature<\/td>\n<\/tr>\n<tr>\n<td>Prot\u00e8ge contre la rouille et la corrosion<\/td>\n<td>Longue dur\u00e9e de vie de l&rsquo;\u00e9quipement et faibles co\u00fbts de maintenance<\/td>\n<\/tr>\n<\/tbody>\n<\/table>\n","protected":false},"excerpt":{"rendered":"<p>Mobilfluid 316M est une huile hydraulique haute performance, formul\u00e9e \u00e0 partir d&rsquo;huiles de base soigneusement s\u00e9lectionn\u00e9es et d&rsquo;un syst\u00e8me d&rsquo;additifs \u00e9quilibr\u00e9.<\/p>\n","protected":false},"featured_media":10143,"template":"","meta":{"_acf_changed":false,"inline_featured_image":false},"product_brand":[],"product_cat":[220],"product_tag":[],"class_list":{"0":"post-9004","1":"product","2":"type-product","3":"status-publish","4":"has-post-thumbnail","6":"product_cat-huiles-pour-transmissions-et-atf","8":"first","9":"instock","10":"taxable","11":"shipping-taxable","12":"purchasable","13":"product-type-simple"},"acf":[],"_links":{"self":[{"href":"https:\/\/webshop.ingelbeen.be\/fr\/wp-json\/wp\/v2\/product\/9004","targetHints":{"allow":["GET"]}}],"collection":[{"href":"https:\/\/webshop.ingelbeen.be\/fr\/wp-json\/wp\/v2\/product"}],"about":[{"href":"https:\/\/webshop.ingelbeen.be\/fr\/wp-json\/wp\/v2\/types\/product"}],"wp:featuredmedia":[{"embeddable":true,"href":"https:\/\/webshop.ingelbeen.be\/fr\/wp-json\/wp\/v2\/media\/10143"}],"wp:attachment":[{"href":"https:\/\/webshop.ingelbeen.be\/fr\/wp-json\/wp\/v2\/media?parent=9004"}],"wp:term":[{"taxonomy":"product_brand","embeddable":true,"href":"https:\/\/webshop.ingelbeen.be\/fr\/wp-json\/wp\/v2\/product_brand?post=9004"},{"taxonomy":"product_cat","embeddable":true,"href":"https:\/\/webshop.ingelbeen.be\/fr\/wp-json\/wp\/v2\/product_cat?post=9004"},{"taxonomy":"product_tag","embeddable":true,"href":"https:\/\/webshop.ingelbeen.be\/fr\/wp-json\/wp\/v2\/product_tag?post=9004"}],"curies":[{"name":"wp","href":"https:\/\/api.w.org\/{rel}","templated":true}]}}