{"id":9012,"date":"2024-04-30T13:10:46","date_gmt":"2024-04-30T12:10:46","guid":{"rendered":"https:\/\/ingelbeen.kneet.be\/product\/mobilfluid-424-3\/"},"modified":"2024-06-26T16:14:33","modified_gmt":"2024-06-26T15:14:33","slug":"mobilfluid-424-3","status":"publish","type":"product","link":"https:\/\/webshop.ingelbeen.be\/fr\/produit\/mobilfluid-424-3\/","title":{"rendered":"Mobilfluid 424"},"content":{"rendered":"<div class=\"compensation des d\u00e9tails du produit\">\n<div class=\"description de l'attribut du produit\">\n<div class=\"description de la valeur\">\n<p> Mobilfluid 424 est un lubrifiant polyvalent pour tracteurs tr\u00e8s hautes performances con\u00e7u pour r\u00e9pondre ou d\u00e9passer les exigences en mati\u00e8re de fluides de transmission et hydrauliques. \u00a0La technologie avanc\u00e9e de Mobilfluid 424 est con\u00e7ue pour optimiser les performances des tracteurs agricoles et commerciaux op\u00e9rant dans un large \u00e9ventail d&rsquo;environnements et de conditions. \u00a0Mobilfluid 424 combine des huiles de base s\u00e9lectionn\u00e9es et un ensemble d&rsquo;additifs avanc\u00e9s pour offrir les propri\u00e9t\u00e9s de performance lubrifiantes vari\u00e9es requises dans les applications s\u00e9v\u00e8res des transmissions d&rsquo;\u00e9quipements agricoles et de construction. \u00a0Il est particuli\u00e8rement bien adapt\u00e9 pour r\u00e9duire les vibrations des freins humides et des prises de force (PDF).<\/p><\/div><\/div><\/div>\n<h2>Fonctionnalit\u00e9 et avantages potentiels<\/h2>\n<p> La technologie de nouvelle g\u00e9n\u00e9ration a consid\u00e9rablement am\u00e9lior\u00e9 les capacit\u00e9s de performance des \u00e9quipements lourds en termes de charge, de vitesse, de contr\u00f4le et de fiabilit\u00e9 gr\u00e2ce \u00e0 des conceptions innovantes de groupes motopropulseurs. Ces conceptions ont consid\u00e9rablement modifi\u00e9 et augment\u00e9 les exigences en mati\u00e8re de fluides du groupe motopropulseur pour offrir des niveaux plus \u00e9lev\u00e9s de performances et de productivit\u00e9 tout en r\u00e9duisant les co\u00fbts d&rsquo;exploitation. Le contr\u00f4le de friction, la protection contre l&rsquo;usure, la stabilit\u00e9 thermique, la stabilit\u00e9 au cisaillement, la protection contre la rouille et la corrosion et la pompabilit\u00e9 sont des caract\u00e9ristiques qui doivent \u00eatre \u00e9quilibr\u00e9es de mani\u00e8re optimale pour prolonger la dur\u00e9e de vie de l&#8217;embrayage, maximiser la charge sur la barre d&rsquo;attelage et maintenir les op\u00e9rations sur terrain accident\u00e9 sur une large plage de temp\u00e9ratures ambiantes. Mobilfluid 424 offre des performances exceptionnelles dans les transmissions de groupe motopropulseur, les essieux moteurs, les embrayages, les prises de force et les syst\u00e8mes hydrauliques d&rsquo;aujourd&rsquo;hui. Les principaux avantages comprennent\u00a0:<\/p>\n<table class=\"table table-striped\">\n <t\u00eate><\/p>\n<tr>\n<th>Fonctionnalit\u00e9s<\/th>\n<th>Avantages et b\u00e9n\u00e9fices potentiels<\/th>\n<\/tr>\n<p> <\/t\u00eate><br \/>\n <corps><\/p>\n<tr>\n<td>Propri\u00e9t\u00e9s de friction am\u00e9lior\u00e9es<\/td>\n<td>Performances optimis\u00e9es de l&#8217;embrayage et de la prise de force. Contr\u00f4le am\u00e9lior\u00e9 des freins humides et du broutage de la prise de force.<\/td>\n<\/tr>\n<tr>\n<td>Compatible avec les derniers mat\u00e9riaux d&#8217;embrayage et \u00e9lastom\u00e8res<\/td>\n<td>Dur\u00e9e de vie de l&#8217;embrayage plus longue et fuites r\u00e9duites<\/td>\n<\/tr>\n<tr>\n<td>Indice de viscosit\u00e9 \u00e9lev\u00e9 et stabilit\u00e9 au cisaillement<\/td>\n<td>R\u00e9ponse op\u00e9rationnelle coh\u00e9rente<\/td>\n<\/tr>\n<tr>\n<td>Excellente protection contre la rouille, la corrosion et la gravure du m\u00e9tal jaune<\/td>\n<td>Prot\u00e8ge les \u00e9quipements dans les environnements mouill\u00e9s ou humides et pr\u00e9vient l&rsquo;usure pr\u00e9matur\u00e9e<\/td>\n<\/tr>\n<tr>\n<td>Excellentes propri\u00e9t\u00e9s \u00e0 basse temp\u00e9rature<\/td>\n<td>Fonctionnement r\u00e9actif et lubrification efficace dans les applications par temps froid<\/td>\n<\/tr>\n<tr>\n<td>Fortes propri\u00e9t\u00e9s anti-usure et extr\u00eame pression<\/td>\n<td>R\u00e9duit l&rsquo;usure, prolonge la dur\u00e9e de vie de l&rsquo;\u00e9quipement et r\u00e9duit les co\u00fbts de maintenance<\/td>\n<\/tr>\n<tr>\n<td>Excellente stabilit\u00e9 thermique et \u00e0 l&rsquo;oxydation<\/td>\n<td>R\u00e9duit les d\u00e9p\u00f4ts, prolonge la dur\u00e9e de vie des joints et augmente la dur\u00e9e de vie de l&rsquo;\u00e9quipement et du lubrifiant<\/td>\n<\/tr>\n<tr>\n<td>Capacit\u00e9 polyvalente<\/td>\n<td>Simplifie l&rsquo;inventaire et r\u00e9duit les probl\u00e8mes de mauvaise application<\/td>\n<\/tr>\n<tr>\n<td>Bonne filtrabilit\u00e9<\/td>\n<td>Maintient les syst\u00e8mes propres et fonctionnent correctement<\/td>\n<\/tr>\n<\/tbody>\n<\/table>\n<h2>Applications<\/h2>\n<ul>\n<li>Transmissions robustes, diff\u00e9rentiels, transmissions finales, syst\u00e8mes hydrauliques, syst\u00e8mes de direction assist\u00e9e, freins humides, prises de force et transmissions hydrostatiques<\/li>\n<li>Industries hors route, notamment\u00a0: agriculture, construction et carri\u00e8res<\/li>\n<li>Rechargement et recharge des syst\u00e8mes<\/li>\n<li>Applications de transmission commerciale n\u00e9cessitant des fluides de type A (suffixe A), Dexron et de type F. Ne pas utiliser dans les transmissions automatiques de voitures particuli\u00e8res<\/li>\n<li>Applications n\u00e9cessitant des lubrifiants de qualit\u00e9 API GL-4 ou SAE 80W dans toutes les applications d&rsquo;engrenages, \u00e0 l&rsquo;exception des mod\u00e8les d&rsquo;engrenages hypo\u00efdes<\/li>\n<li>Remplacement exceptionnel des huiles moteur recommand\u00e9es pour les syst\u00e8mes hydrauliques et de transmission<\/li>\n<\/ul>\n<h2>Sp\u00e9cifications et homologations<\/h2>\n<h3>Satisfait ou d\u00e9passe les exigences de<\/h3>\n<ul>\n<li>Kubota UDT<\/li>\n<li>ASTM D6973 (Eaton 35VQ)<\/li>\n<\/ul>\n<h3>Ce produit r\u00e9pond aux exigences selon Exxonmobil<\/h3>\n<ul>\n<li>Allison C-4 (enkel voor landbouwtoepassingen)<\/li>\n<li>API GL-4<\/li>\n<li>Caterpillar TO-2<\/li>\n<li>CNH MAT 3525, 3505<\/li>\n<li>Denison UTTO\/THF<\/li>\n<li>Ford ESN-M2C-134 D<\/li>\n<li>Ford New Holland FNHA-2C-201.00<\/li>\n<li>Affaire JI MS 1204-07\/09<\/li>\n<li>Massey Ferguson M-1135, M-1141<\/li>\n<li>New Holland WB NWH 410B<\/li>\n<li>Powerfluide 821 XL<\/li>\n<li>John Deere JDM J20C<\/li>\n<\/ul>\n<h3>Ce produit poss\u00e8de les approbations de constructeur suivantes<\/h3>\n<ul>\n<li>ZF TE-ML 03E\/05F\/17E<\/li>\n<li>Volvo WB-101<\/li>\n<\/ul>\n","protected":false},"excerpt":{"rendered":"<p>Mobilfluid est une huile de tracteur universelle haute performance d\u00e9velopp\u00e9e pour r\u00e9pondre aux exigences des huiles de transmission et hydrauliques ou les d\u00e9passer.<\/p>\n","protected":false},"featured_media":10102,"template":"","meta":{"_acf_changed":false,"inline_featured_image":false},"product_brand":[],"product_cat":[220],"product_tag":[],"class_list":{"0":"post-9012","1":"product","2":"type-product","3":"status-publish","4":"has-post-thumbnail","6":"product_cat-huiles-pour-transmissions-et-atf","8":"first","9":"instock","10":"taxable","11":"shipping-taxable","12":"purchasable","13":"product-type-simple"},"acf":[],"_links":{"self":[{"href":"https:\/\/webshop.ingelbeen.be\/fr\/wp-json\/wp\/v2\/product\/9012","targetHints":{"allow":["GET"]}}],"collection":[{"href":"https:\/\/webshop.ingelbeen.be\/fr\/wp-json\/wp\/v2\/product"}],"about":[{"href":"https:\/\/webshop.ingelbeen.be\/fr\/wp-json\/wp\/v2\/types\/product"}],"wp:featuredmedia":[{"embeddable":true,"href":"https:\/\/webshop.ingelbeen.be\/fr\/wp-json\/wp\/v2\/media\/10102"}],"wp:attachment":[{"href":"https:\/\/webshop.ingelbeen.be\/fr\/wp-json\/wp\/v2\/media?parent=9012"}],"wp:term":[{"taxonomy":"product_brand","embeddable":true,"href":"https:\/\/webshop.ingelbeen.be\/fr\/wp-json\/wp\/v2\/product_brand?post=9012"},{"taxonomy":"product_cat","embeddable":true,"href":"https:\/\/webshop.ingelbeen.be\/fr\/wp-json\/wp\/v2\/product_cat?post=9012"},{"taxonomy":"product_tag","embeddable":true,"href":"https:\/\/webshop.ingelbeen.be\/fr\/wp-json\/wp\/v2\/product_tag?post=9012"}],"curies":[{"name":"wp","href":"https:\/\/api.w.org\/{rel}","templated":true}]}}