{"id":9014,"date":"2024-04-30T13:10:46","date_gmt":"2024-04-30T12:10:46","guid":{"rendered":"https:\/\/ingelbeen.kneet.be\/product\/mobilfluid-428\/"},"modified":"2024-06-26T16:14:33","modified_gmt":"2024-06-26T15:14:33","slug":"mobilfluid-428","status":"publish","type":"product","link":"https:\/\/webshop.ingelbeen.be\/fr\/produit\/mobilfluid-428\/","title":{"rendered":"Mobilfluid 428"},"content":{"rendered":"<div class=\"compensation des d\u00e9tails du produit\">\n<div class=\"description de l'attribut du produit\">\n<div class=\"description de la valeur\">\n<p> Mobilfluid 428 est un lubrifiant pour tracteur polyvalent moderne \u00e0 tr\u00e8s hautes performances, con\u00e7u pour r\u00e9pondre ou d\u00e9passer les exigences de la plupart des constructeurs d&rsquo;\u00e9quipements pour les compartiments hydrauliques et de transmission. Il est con\u00e7u pour optimiser les performances des tracteurs agricoles et commerciaux op\u00e9rant dans un large \u00e9ventail d\u2019environnements et de conditions. Il est recommand\u00e9 d&rsquo;utiliser Mobilfluid 428 dans les industries hors route, notamment\u00a0: l&rsquo;agriculture, la construction et les carri\u00e8res. Ses caract\u00e9ristiques de friction contribuent \u00e0 r\u00e9duire les vibrations des freins mouill\u00e9s et des prises de force (PDF). Ce produit de nouvelle g\u00e9n\u00e9ration est formul\u00e9 \u00e0 partir d&rsquo;huiles de base de haute qualit\u00e9 et d&rsquo;une technologie d&rsquo;additifs avanc\u00e9e pour offrir une excellente stabilit\u00e9 thermique combin\u00e9e \u00e0 une stabilit\u00e9 \u00e9lev\u00e9e au cisaillement pour un grade de viscosit\u00e9 SAE 10W-30.<\/p><\/div><\/div><\/div>\n<h2>Fonctionnalit\u00e9 et avantages potentiels<\/h2>\n<p> La technologie de nouvelle g\u00e9n\u00e9ration a consid\u00e9rablement am\u00e9lior\u00e9 les capacit\u00e9s de performance des \u00e9quipements lourds en termes de charge, de vitesse, de contr\u00f4le et de fiabilit\u00e9 gr\u00e2ce \u00e0 des conceptions innovantes de groupes motopropulseurs. Ces conceptions ont modifi\u00e9 et augment\u00e9 les exigences en mati\u00e8re de fluides pour le groupe motopropulseur afin d&rsquo;offrir des niveaux plus \u00e9lev\u00e9s de performances et de productivit\u00e9 tout en r\u00e9duisant les co\u00fbts d&rsquo;exploitation. Le contr\u00f4le de friction, la protection contre l&rsquo;usure, la stabilit\u00e9 thermique, la stabilit\u00e9 au cisaillement, la protection contre la rouille et la corrosion et la pompabilit\u00e9 sont des caract\u00e9ristiques qui doivent \u00eatre \u00e9quilibr\u00e9es de mani\u00e8re optimale pour prolonger la dur\u00e9e de vie de l&#8217;embrayage, maximiser la charge sur la barre d&rsquo;attelage et maintenir les op\u00e9rations sur terrain accident\u00e9 sur une large plage de temp\u00e9ratures ambiantes. Mobilfluid 428 offre des performances exceptionnelles dans les transmissions de groupe motopropulseur, les essieux moteurs, les embrayages, les prises de force et les syst\u00e8mes hydrauliques d&rsquo;aujourd&rsquo;hui.<\/p>\n<table class=\"table table-striped\">\n <t\u00eate><\/p>\n<tr>\n<th>Fonctionnalit\u00e9s<\/th>\n<th>Avantages et b\u00e9n\u00e9fices potentiels<\/th>\n<\/tr>\n<p> <\/t\u00eate><br \/>\n <corps><\/p>\n<tr>\n<td>Excellentes propri\u00e9t\u00e9s de friction<\/td>\n<td>Performances optimales de l&#8217;embrayage et de la prise de force<\/td>\n<\/tr>\n<tr>\n<td>Compatible avec les mat\u00e9riaux d&#8217;embrayage et les \u00e9lastom\u00e8res<\/td>\n<td>Longue dur\u00e9e de vie de l&#8217;embrayage et fuites r\u00e9duites<\/td>\n<\/tr>\n<tr>\n<td>Indice de viscosit\u00e9 \u00e9lev\u00e9 et stabilit\u00e9 au cisaillement am\u00e9lior\u00e9e<\/td>\n<td>R\u00e9ponse op\u00e9rationnelle coh\u00e9rente<\/td>\n<\/tr>\n<tr>\n<td>Excellente protection contre la rouille, la corrosion et la gravure du m\u00e9tal jaune<\/td>\n<td>Prot\u00e8ge les \u00e9quipements dans les environnements mouill\u00e9s ou humides et pr\u00e9vient l&rsquo;usure pr\u00e9matur\u00e9e<\/td>\n<\/tr>\n<tr>\n<td>Propri\u00e9t\u00e9s am\u00e9lior\u00e9es \u00e0 basse temp\u00e9rature<\/td>\n<td>Fonctionnement r\u00e9actif et lubrification efficace dans les applications par temps froid<\/td>\n<\/tr>\n<tr>\n<td>Fortes propri\u00e9t\u00e9s anti-usure et extr\u00eame pression<\/td>\n<td>R\u00e9duit l&rsquo;usure, prolonge la dur\u00e9e de vie de l&rsquo;\u00e9quipement et r\u00e9duit les co\u00fbts de maintenance<\/td>\n<\/tr>\n<tr>\n<td>Excellente stabilit\u00e9 thermique et \u00e0 l&rsquo;oxydation<\/td>\n<td>R\u00e9duit les d\u00e9p\u00f4ts, prolonge la dur\u00e9e de vie des joints et augmente la dur\u00e9e de vie de l&rsquo;\u00e9quipement et<\/td>\n<\/tr>\n<tr>\n<td>lubrifiant<\/td>\n<\/tr>\n<tr>\n<td>Capacit\u00e9 polyvalente<\/td>\n<td>Simplifie l&rsquo;inventaire et r\u00e9duit les probl\u00e8mes de mauvaise application<\/td>\n<\/tr>\n<tr>\n<td>Bonne filtrabilit\u00e9<\/td>\n<td>Maintient les syst\u00e8mes propres et fonctionnent correctement<\/td>\n<\/tr>\n<\/tbody>\n<\/table>\n<h2>Sp\u00e9cifications et homologations<\/h2>\n<h3>Satisfait ou d\u00e9passe les exigences de<\/h3>\n<ul>\n<li>AGCO Powerfluide 821\u00a0XL<\/li>\n<li>Allison C-4<\/li>\n<li>API GL-4<\/li>\n<li>CNH MAT 3505<\/li>\n<li>CNH MAT 3525<\/li>\n<li>CNH MAT 3540<\/li>\n<li>Denison HF-0<\/li>\n<li>Denison HF-1<\/li>\n<li>Denison HF-2<\/li>\n<li>FORDNH FNHA-2-C-201.00<\/li>\n<li>Ford ESEN-M2C86-B<\/li>\n<li>FORD ESN-M2C134-D<\/li>\n<li>JICASE MS\u00a01204<\/li>\n<li>JICASE MS\u00a01205<\/li>\n<li>JICASE MS\u00a01206<\/li>\n<li>JICASE MS\u00a01207<\/li>\n<li>JICASE MS\u00a01209<\/li>\n<li>JOHN DEERE JDM J20C<\/li>\n<li>MASSEY FERGUSON CMS M1145<\/li>\n<li>MASSEY FERGUSON CMS M1143<\/li>\n<li>MASSEY FERGUSON CMS M1141<\/li>\n<li>MASSEY FERGUSON CMS M1135<\/li>\n<li>New Holland WB NWH 410B<\/li>\n<li>ZF TE-ML 03E<\/li>\n<li>ZF TE-ML 05F<\/li>\n<li>ZF TE-ML 06K<\/li>\n<li>ZF TE-ML 17E<\/li>\n<li>ZF TE-ML 21F<\/li>\n<li>Test de pompe Schotten ASTM D6973 (Eaton 35VQ)<\/li>\n<li>VOLVO WB-101<\/li>\n<li>Denison UTTO\/THF<\/li>\n<\/ul>\n<div class=\"product-list-wrapper\"><\/div>\n","protected":false},"excerpt":{"rendered":"<p>Mobilfluid 428 est une huile de tracteur universelle moderne haute performance d\u00e9velopp\u00e9e pour r\u00e9pondre aux exigences des huiles de transmission et hydrauliques de la plupart des fabricants ou les d\u00e9passer.<\/p>\n","protected":false},"featured_media":10102,"template":"","meta":{"_acf_changed":false,"inline_featured_image":false},"product_brand":[],"product_cat":[219,220],"product_tag":[],"class_list":{"0":"post-9014","1":"product","2":"type-product","3":"status-publish","4":"has-post-thumbnail","6":"product_cat-huiles-hydrauliques","7":"product_cat-huiles-pour-transmissions-et-atf","9":"first","10":"instock","11":"taxable","12":"shipping-taxable","13":"purchasable","14":"product-type-simple"},"acf":[],"_links":{"self":[{"href":"https:\/\/webshop.ingelbeen.be\/fr\/wp-json\/wp\/v2\/product\/9014","targetHints":{"allow":["GET"]}}],"collection":[{"href":"https:\/\/webshop.ingelbeen.be\/fr\/wp-json\/wp\/v2\/product"}],"about":[{"href":"https:\/\/webshop.ingelbeen.be\/fr\/wp-json\/wp\/v2\/types\/product"}],"wp:featuredmedia":[{"embeddable":true,"href":"https:\/\/webshop.ingelbeen.be\/fr\/wp-json\/wp\/v2\/media\/10102"}],"wp:attachment":[{"href":"https:\/\/webshop.ingelbeen.be\/fr\/wp-json\/wp\/v2\/media?parent=9014"}],"wp:term":[{"taxonomy":"product_brand","embeddable":true,"href":"https:\/\/webshop.ingelbeen.be\/fr\/wp-json\/wp\/v2\/product_brand?post=9014"},{"taxonomy":"product_cat","embeddable":true,"href":"https:\/\/webshop.ingelbeen.be\/fr\/wp-json\/wp\/v2\/product_cat?post=9014"},{"taxonomy":"product_tag","embeddable":true,"href":"https:\/\/webshop.ingelbeen.be\/fr\/wp-json\/wp\/v2\/product_tag?post=9014"}],"curies":[{"name":"wp","href":"https:\/\/api.w.org\/{rel}","templated":true}]}}