{"id":9018,"date":"2024-04-30T13:10:46","date_gmt":"2024-04-30T12:10:46","guid":{"rendered":"https:\/\/ingelbeen.kneet.be\/product\/mobilgard-1-shc-2\/"},"modified":"2024-06-26T16:14:33","modified_gmt":"2024-06-26T15:14:33","slug":"mobilgard-1-shc-2","status":"publish","type":"product","link":"https:\/\/webshop.ingelbeen.be\/fr\/produit\/mobilgard-1-shc-2\/","title":{"rendered":"Mobilgard 1 SHC"},"content":{"rendered":"","protected":false},"excerpt":{"rendered":"<p>Mobilgard 1 SHC d&rsquo;ExxonMobil est une huile moteur diesel synth\u00e9tique de haute qualit\u00e9 sp\u00e9cifiquement formul\u00e9e pour r\u00e9pondre aux besoins des moteurs diesel \u00e0 haute puissance fonctionnant avec des distillats. Elle offre une lubrification in\u00e9gal\u00e9e, y compris une capacit\u00e9 de vidange prolong\u00e9e et une dur\u00e9e de vie du moteur \u00e9tendue pour les moteurs diesel marins modernes op\u00e9rant dans des conditions s\u00e9v\u00e8res.<\/p>\n","protected":false},"featured_media":10105,"template":"","meta":{"_acf_changed":false,"inline_featured_image":false},"product_brand":[],"product_cat":[214],"product_tag":[],"class_list":{"0":"post-9018","1":"product","2":"type-product","3":"status-publish","4":"has-post-thumbnail","6":"product_cat-huiles-moteurs","8":"first","9":"instock","10":"taxable","11":"shipping-taxable","12":"purchasable","13":"product-type-simple"},"acf":[],"_links":{"self":[{"href":"https:\/\/webshop.ingelbeen.be\/fr\/wp-json\/wp\/v2\/product\/9018","targetHints":{"allow":["GET"]}}],"collection":[{"href":"https:\/\/webshop.ingelbeen.be\/fr\/wp-json\/wp\/v2\/product"}],"about":[{"href":"https:\/\/webshop.ingelbeen.be\/fr\/wp-json\/wp\/v2\/types\/product"}],"wp:featuredmedia":[{"embeddable":true,"href":"https:\/\/webshop.ingelbeen.be\/fr\/wp-json\/wp\/v2\/media\/10105"}],"wp:attachment":[{"href":"https:\/\/webshop.ingelbeen.be\/fr\/wp-json\/wp\/v2\/media?parent=9018"}],"wp:term":[{"taxonomy":"product_brand","embeddable":true,"href":"https:\/\/webshop.ingelbeen.be\/fr\/wp-json\/wp\/v2\/product_brand?post=9018"},{"taxonomy":"product_cat","embeddable":true,"href":"https:\/\/webshop.ingelbeen.be\/fr\/wp-json\/wp\/v2\/product_cat?post=9018"},{"taxonomy":"product_tag","embeddable":true,"href":"https:\/\/webshop.ingelbeen.be\/fr\/wp-json\/wp\/v2\/product_tag?post=9018"}],"curies":[{"name":"wp","href":"https:\/\/api.w.org\/{rel}","templated":true}]}}