{"id":9032,"date":"2024-04-30T13:10:45","date_gmt":"2024-04-30T12:10:45","guid":{"rendered":"https:\/\/ingelbeen.kneet.be\/product\/mobil-velocite-oil-no-3-2\/"},"modified":"2024-06-26T16:14:29","modified_gmt":"2024-06-26T15:14:29","slug":"mobil-velocite-oil-no-3-2","status":"publish","type":"product","link":"https:\/\/webshop.ingelbeen.be\/fr\/produit\/mobil-velocite-oil-no-3-2\/","title":{"rendered":"Mobil Velocite Oil NO. 3"},"content":{"rendered":"<div class=\"compensation des d\u00e9tails du produit\">\n<div class=\"description de l'attribut du produit\">\n<div class=\"description de la valeur\">\n<p> Les huiles Mobil Velocite\u2122 Oil Numbered Series sont des produits de haute performance principalement con\u00e7us pour la lubrification des broches \u00e0 grande vitesse des machines-outils. Ils sont \u00e9galement utilis\u00e9s dans certains syst\u00e8mes hydrauliques, de circulation et de lubrification de conduites d&rsquo;air critiques o\u00f9 le degr\u00e9 de viscosit\u00e9 appropri\u00e9 est s\u00e9lectionn\u00e9. Ils sont formul\u00e9s \u00e0 partir d\u2019huiles de base et d\u2019additifs s\u00e9lectionn\u00e9s de haute qualit\u00e9 \u00e0 faible viscosit\u00e9 qui conf\u00e8rent une bonne r\u00e9sistance \u00e0 l\u2019oxydation et une protection contre la rouille et la corrosion. Ils poss\u00e8dent une tr\u00e8s bonne r\u00e9sistance au moussage et se s\u00e9parent facilement de l&rsquo;eau.<\/p><\/div><\/div><\/div>\n<h2>Fonctionnalit\u00e9 et avantages potentiels<\/h2>\n<p> La s\u00e9rie num\u00e9rot\u00e9e d&rsquo;huile Mobil Velocite offre une lubrification exceptionnelle des roulements \u00e0 tol\u00e9rance \u00e9troite, ce qui permet de maintenir les roulements au frais et de maintenir la pr\u00e9cision requise par de nombreuses machines-outils critiques d&rsquo;aujourd&rsquo;hui. Bien que les huiles Mobil Velocite Oil Numbered Series aient \u00e9t\u00e9 con\u00e7ues pour les roulements de broche, elles pr\u00e9sentent les propri\u00e9t\u00e9s requises pour fonctionner comme des huiles hydrauliques et de circulation basse pression, \u00e0 condition que la viscosit\u00e9 appropri\u00e9e soit s\u00e9lectionn\u00e9e. Cette fonctionnalit\u00e9 peut aider \u00e0 minimiser les co\u00fbts d\u2019inventaire et \u00e0 r\u00e9duire le risque de mauvaise utilisation des produits.<\/p>\n<h2>Applications<\/h2>\n<ul>\n<li>Roulements de broche \u00e0 grande vitesse dans les machines-outils et les \u00e9quipements impliquant des vitesses \u00e9lev\u00e9es et des jeux fins<\/li>\n<li>Meuleuses de pr\u00e9cision, tours, al\u00e9seuses et m\u00e9canismes de tra\u00e7age<\/li>\n<li>L&rsquo;huile Mobil Velocite n\u00b0\u00a03 est recommand\u00e9e pour les roulements de broche de type \u00ab\u00a0jeu nul\u00a0\u00bb qui fonctionnent avec des jeux extr\u00eamement r\u00e9duits.<\/li>\n<li>Pour les roulements de broche \u00e0 manchon pr\u00e9sentant des jeux plus importants, le choix de la viscosit\u00e9 d\u00e9pend de la relation entre le jeu et la vitesse de broche<\/li>\n<li>Syst\u00e8mes hydrauliques basse pression o\u00f9 la viscosit\u00e9 appropri\u00e9e est s\u00e9lectionn\u00e9e<\/li>\n<li>Huileurs pour conduites d&rsquo;air (Mobil Velocite Oil n\u00b0\u00a010)<\/li>\n<li>Pour certains instruments sensibles tels que les t\u00e9lescopes, les \u00e9quipements de laboratoire, etc.<\/li>\n<\/ul>\n","protected":false},"excerpt":{"rendered":"<p>Les huiles de la s\u00e9rie Mobil Velocite\u2122 Oil Number sont des produits de haute performance principalement con\u00e7us pour la lubrification des broches \u00e0 haute vitesse dans les machines-outils.<\/p>\n","protected":false},"featured_media":10102,"template":"","meta":{"_acf_changed":false,"inline_featured_image":false},"product_brand":[],"product_cat":[222],"product_tag":[],"class_list":{"0":"post-9032","1":"product","2":"type-product","3":"status-publish","4":"has-post-thumbnail","6":"product_cat-huiles-pour-glissieres-de-machines-outils-et-de-broches","8":"first","9":"instock","10":"taxable","11":"shipping-taxable","12":"purchasable","13":"product-type-simple"},"acf":[],"_links":{"self":[{"href":"https:\/\/webshop.ingelbeen.be\/fr\/wp-json\/wp\/v2\/product\/9032","targetHints":{"allow":["GET"]}}],"collection":[{"href":"https:\/\/webshop.ingelbeen.be\/fr\/wp-json\/wp\/v2\/product"}],"about":[{"href":"https:\/\/webshop.ingelbeen.be\/fr\/wp-json\/wp\/v2\/types\/product"}],"wp:featuredmedia":[{"embeddable":true,"href":"https:\/\/webshop.ingelbeen.be\/fr\/wp-json\/wp\/v2\/media\/10102"}],"wp:attachment":[{"href":"https:\/\/webshop.ingelbeen.be\/fr\/wp-json\/wp\/v2\/media?parent=9032"}],"wp:term":[{"taxonomy":"product_brand","embeddable":true,"href":"https:\/\/webshop.ingelbeen.be\/fr\/wp-json\/wp\/v2\/product_brand?post=9032"},{"taxonomy":"product_cat","embeddable":true,"href":"https:\/\/webshop.ingelbeen.be\/fr\/wp-json\/wp\/v2\/product_cat?post=9032"},{"taxonomy":"product_tag","embeddable":true,"href":"https:\/\/webshop.ingelbeen.be\/fr\/wp-json\/wp\/v2\/product_tag?post=9032"}],"curies":[{"name":"wp","href":"https:\/\/api.w.org\/{rel}","templated":true}]}}