{"id":9044,"date":"2024-04-30T13:10:45","date_gmt":"2024-04-30T12:10:45","guid":{"rendered":"https:\/\/ingelbeen.kneet.be\/product\/mobil-wyrol-12\/"},"modified":"2024-06-26T16:14:30","modified_gmt":"2024-06-26T15:14:30","slug":"mobil-wyrol-12","status":"publish","type":"product","link":"https:\/\/webshop.ingelbeen.be\/fr\/produit\/mobil-wyrol-12\/","title":{"rendered":"Mobil Wyrol 12"},"content":{"rendered":"<div class=\"compensation des d\u00e9tails du produit\">\n<div class=\"description de l'attribut du produit\">\n<div class=\"description de la valeur\">\n<p> Les produits Wyrol\u2122 constituent une gamme compl\u00e8te de concentr\u00e9s d&rsquo;additifs liquides destin\u00e9s \u00e0 optimiser les caract\u00e9ristiques de friction des huiles de laminage \u00e0 froid telles que la s\u00e9rie Somentor. Ils sont con\u00e7us et mis \u00e0 disposition pour permettre aux laminoirs d&rsquo;aluminium d&rsquo;optimiser les performances du laminoir et d&rsquo;obtenir la finition de surface et la qualit\u00e9 requises du substrat.<\/p>\n<p> Wyrol 2 est un concentr\u00e9 d&rsquo;inhibiteur d&rsquo;oxydation utilis\u00e9 pour prolonger la dur\u00e9e de vie de l&rsquo;huile des rouleaux.<\/p>\n<p> Wyrol 4 et 8 sont chacun compos\u00e9s d&rsquo;un seul additif lubrifiant, ainsi que d&rsquo;une petite quantit\u00e9 d&rsquo;antioxydant. Ces produits sont utilis\u00e9s pour optimiser les propri\u00e9t\u00e9s des huiles pour rouleaux en aluminium en termes de caract\u00e9ristiques de friction. Ils donnent \u00e9galement \u00e0 l&rsquo;op\u00e9rateur de l&rsquo;usine la possibilit\u00e9 d&rsquo;optimiser la formulation pour l&rsquo;adapter aux conditions pr\u00e9valant dans une usine sp\u00e9cifique.<\/p>\n<p> Wyrol 10, 12 et 15 sont constitu\u00e9s d&rsquo;une combinaison de diff\u00e9rents additifs lubrifiants qui, associ\u00e9s \u00e0 un inhibiteur d&rsquo;oxydation, contribuent \u00e0 fournir d&rsquo;excellentes caract\u00e9ristiques de friction pour une gamme d&rsquo;huiles de laminage \u00e0 froid dans diff\u00e9rentes conditions.<\/p>\n<p> Wyrol 2, 4, 6, 8, 10 et 12 sont con\u00e7us pour \u00eatre conformes \u00e0 la norme FDA 21\u00a0CFR 178.3910(a), \u00ab Lubrifiants de surface utilis\u00e9s dans la fabrication d&rsquo;articles m\u00e9talliques \u00bb, et\u00a0sont utilis\u00e9s pour le laminage de feuilles ou de feuilles pour applications alimentaires.<\/p><\/div><\/div><\/div>\n<h2>Fonctionnalit\u00e9 et avantages potentiels<\/h2>\n<p> Les produits Wyrol offrent au client un haut degr\u00e9 de flexibilit\u00e9 pour affiner les huiles de cylindre afin d&rsquo;obtenir les performances optimales de leurs huiles de cylindre et des broyeurs. Cela conduit \u00e0 une production accrue de mat\u00e9riaux de qualit\u00e9 acceptable et r\u00e9duit le risque de rejet de mat\u00e9riaux.<\/p>\n<p> Les produits Wyrol offrent les avantages suivants :<\/p>\n<ul>\n<li>Production optimis\u00e9e de l&rsquo;usine et qualit\u00e9 du produit fini<\/li>\n<li>Peut prolonger consid\u00e9rablement la dur\u00e9e de vie de l&rsquo;huile des rouleaux<\/li>\n<li>Am\u00e9lioration de la qualit\u00e9 du produit fini<\/li>\n<li>R\u00e9duction des rejets et des d\u00e9chets de production<\/li>\n<\/ul>\n<h2>Applications<\/h2>\n<ul>\n<li>Concentr\u00e9s d&rsquo;additifs pour optimiser la dur\u00e9e de vie et les performances de l&rsquo;huile des rouleaux dans les applications de laminoirs \u00e0 froid d&rsquo;aluminium<\/li>\n<\/ul>\n<h2>Sp\u00e9cifications et homologations<\/h2>\n<h3>Satisfait ou d\u00e9passe les exigences de<\/h3>\n<ul>\n<li>FDA 21 CFR 178.3910(a)<\/li>\n<\/ul>\n","protected":false},"excerpt":{"rendered":"<p>La gamme de produits WYROL\u2122 est une s\u00e9rie compl\u00e8te de concentr\u00e9s d&rsquo;additifs liquides pour optimiser les caract\u00e9ristiques de friction des huiles de laminage \u00e0 froid, telles que la gamme Somentor. Ils sont formul\u00e9s et mis \u00e0 disposition pour optimiser l&rsquo;efficacit\u00e9 des processus de laminage de l&rsquo;aluminium et pour obtenir une finition de surface fine et une structure de noyau de haute qualit\u00e9.<\/p>\n","protected":false},"featured_media":10102,"template":"","meta":{"_acf_changed":false,"inline_featured_image":false},"product_brand":[],"product_cat":[183],"product_tag":[],"class_list":{"0":"post-9044","1":"product","2":"type-product","3":"status-publish","4":"has-post-thumbnail","6":"product_cat-divers","8":"first","9":"instock","10":"taxable","11":"shipping-taxable","12":"purchasable","13":"product-type-simple"},"acf":[],"_links":{"self":[{"href":"https:\/\/webshop.ingelbeen.be\/fr\/wp-json\/wp\/v2\/product\/9044","targetHints":{"allow":["GET"]}}],"collection":[{"href":"https:\/\/webshop.ingelbeen.be\/fr\/wp-json\/wp\/v2\/product"}],"about":[{"href":"https:\/\/webshop.ingelbeen.be\/fr\/wp-json\/wp\/v2\/types\/product"}],"wp:featuredmedia":[{"embeddable":true,"href":"https:\/\/webshop.ingelbeen.be\/fr\/wp-json\/wp\/v2\/media\/10102"}],"wp:attachment":[{"href":"https:\/\/webshop.ingelbeen.be\/fr\/wp-json\/wp\/v2\/media?parent=9044"}],"wp:term":[{"taxonomy":"product_brand","embeddable":true,"href":"https:\/\/webshop.ingelbeen.be\/fr\/wp-json\/wp\/v2\/product_brand?post=9044"},{"taxonomy":"product_cat","embeddable":true,"href":"https:\/\/webshop.ingelbeen.be\/fr\/wp-json\/wp\/v2\/product_cat?post=9044"},{"taxonomy":"product_tag","embeddable":true,"href":"https:\/\/webshop.ingelbeen.be\/fr\/wp-json\/wp\/v2\/product_tag?post=9044"}],"curies":[{"name":"wp","href":"https:\/\/api.w.org\/{rel}","templated":true}]}}