{"id":9050,"date":"2024-04-30T13:10:45","date_gmt":"2024-04-30T12:10:45","guid":{"rendered":"https:\/\/ingelbeen.kneet.be\/product\/mobil-wyrol-bg-320\/"},"modified":"2024-06-26T16:14:30","modified_gmt":"2024-06-26T15:14:30","slug":"mobil-wyrol-bg-320","status":"publish","type":"product","link":"https:\/\/webshop.ingelbeen.be\/fr\/produit\/mobil-wyrol-bg-320\/","title":{"rendered":"Mobil Wyrol BG 320"},"content":{"rendered":"<div class=\"compensation des d\u00e9tails du produit\">\n<div class=\"description de l'attribut du produit\">\n<div class=\"description de la valeur\">\n<p>La s\u00e9rie WYROL BG est compos\u00e9e d&rsquo;huiles synth\u00e9tiques hautes performances \u00e0 faible coloration pour roulements et engrenages, con\u00e7ues pour \u00eatre utilis\u00e9es dans les laminoirs. En raison de leur faible tendance aux taches, ils sont particuli\u00e8rement adapt\u00e9s \u00e0 une utilisation dans les applications de laminoirs non ferreux. Ils sont formul\u00e9s avec des ingr\u00e9dients synth\u00e9tiques peu tachants qui garantissent une lubrification ad\u00e9quate pour les conditions de roulements et d&rsquo;engrenages \u00e0 usage intensif. Leurs faibles caract\u00e9ristiques de coloration garantissent que la qualit\u00e9 du m\u00e9tal lamin\u00e9 n&rsquo;est pas alt\u00e9r\u00e9e par des fuites dans les syst\u00e8mes de refroidissement des rouleaux. Cela garantira une dur\u00e9e de vie et une qualit\u00e9 optimales du liquide de refroidissement des rouleaux\u00a0; cela r\u00e9duit la maintenance et les co\u00fbts globaux. Les huiles WYROL BG ont de bonnes performances anti-usure et de charge et prot\u00e8gent les engrenages et roulements fortement charg\u00e9s contre les dommages et l&rsquo;usure. Les huiles WYROL BG pr\u00e9sentent \u00e9galement d\u2019excellentes propri\u00e9t\u00e9s de stabilit\u00e9 \u00e0 l\u2019oxydation et de pr\u00e9vention de la corrosion.<\/p>\n<\/div>\n<\/div>\n<\/div>\n<h2>Fonctionnalit\u00e9 et avantages potentiels<\/h2>\n<p>Les huiles WYROL BG sont sp\u00e9cialement con\u00e7ues pour surmonter les probl\u00e8mes g\u00e9n\u00e9r\u00e9s lorsque les huiles lubrifiantes pour roulements conventionnelles contaminent les huiles des rouleaux et entra\u00eenent des taches sur le produit fini. Ils offrent \u00e9galement d&rsquo;excellentes caract\u00e9ristiques de lubrification pour r\u00e9duire l&rsquo;usure et am\u00e9liorer la dur\u00e9e de vie des \u00e9quipements. Leur excellente stabilit\u00e9 chimique permet des intervalles d&rsquo;entretien prolong\u00e9s et des co\u00fbts de maintenance r\u00e9duits.<\/p>\n<p>Les huiles WYROL BG offrent les avantages suivants :<\/p>\n<ul>\n<li>Des propri\u00e9t\u00e9s de coloration tr\u00e8s faibles am\u00e9liorent la production de mat\u00e9riaux acceptables<\/li>\n<li>Taux de mise au rebut inf\u00e9rieurs<\/li>\n<li>Dur\u00e9e de vie am\u00e9lior\u00e9e du liquide de refroidissement des rouleaux et co\u00fbts de maintenance r\u00e9duits<\/li>\n<li>De bonnes caract\u00e9ristiques anti-usure et de r\u00e9sistance \u00e0 la charge augmentent la dur\u00e9e de vie des roulements et des engrenages<\/li>\n<li>Une stabilit\u00e9 \u00e9lev\u00e9e \u00e0 l&rsquo;oxydation augmente la dur\u00e9e de vie de l&rsquo;huile<\/li>\n<\/ul>\n<h2>Applications<\/h2>\n<p>Les huiles WYROL BG sont incompatibles avec les huiles min\u00e9rales conventionnelles et le passage \u00e0 ces fluides n\u00e9cessite un rin\u00e7age et un nettoyage approfondis avant d&rsquo;ajouter les huiles WYROL BG. Consultez votre repr\u00e9sentant technique marketing local pour obtenir des conseils concernant les proc\u00e9dures de changement.<\/p>\n<ul>\n<li>Lubrification des roulements et des engrenages dans les applications de laminoirs en aluminium<\/li>\n<li>Ils conviennent aux syst\u00e8mes de lubrification par barbotage et par brouillard<\/li>\n<\/ul>\n<div class=\"product-list-wrapper\"><\/div>\n","protected":false},"excerpt":{"rendered":"<p>Les huiles de la s\u00e9rie WYROL BG sont des huiles synth\u00e9tiques de haute performance pour paliers et engrenages, peu tachantes, con\u00e7ues pour une utilisation dans les laminoirs. En raison de leur faible tendance \u00e0 tacher, elles sont particuli\u00e8rement adapt\u00e9es aux applications de laminoirs non ferreux.<\/p>\n","protected":false},"featured_media":0,"template":"","meta":{"_acf_changed":false,"inline_featured_image":false},"product_brand":[],"product_cat":[183],"product_tag":[],"class_list":{"0":"post-9050","1":"product","2":"type-product","3":"status-publish","5":"product_cat-divers","7":"first","8":"instock","9":"taxable","10":"shipping-taxable","11":"purchasable","12":"product-type-simple"},"acf":[],"_links":{"self":[{"href":"https:\/\/webshop.ingelbeen.be\/fr\/wp-json\/wp\/v2\/product\/9050","targetHints":{"allow":["GET"]}}],"collection":[{"href":"https:\/\/webshop.ingelbeen.be\/fr\/wp-json\/wp\/v2\/product"}],"about":[{"href":"https:\/\/webshop.ingelbeen.be\/fr\/wp-json\/wp\/v2\/types\/product"}],"wp:attachment":[{"href":"https:\/\/webshop.ingelbeen.be\/fr\/wp-json\/wp\/v2\/media?parent=9050"}],"wp:term":[{"taxonomy":"product_brand","embeddable":true,"href":"https:\/\/webshop.ingelbeen.be\/fr\/wp-json\/wp\/v2\/product_brand?post=9050"},{"taxonomy":"product_cat","embeddable":true,"href":"https:\/\/webshop.ingelbeen.be\/fr\/wp-json\/wp\/v2\/product_cat?post=9050"},{"taxonomy":"product_tag","embeddable":true,"href":"https:\/\/webshop.ingelbeen.be\/fr\/wp-json\/wp\/v2\/product_tag?post=9050"}],"curies":[{"name":"wp","href":"https:\/\/api.w.org\/{rel}","templated":true}]}}