{"id":9054,"date":"2024-04-30T13:10:45","date_gmt":"2024-04-30T12:10:45","guid":{"rendered":"https:\/\/ingelbeen.kneet.be\/product\/mobil-wyrol-hs-22\/"},"modified":"2024-06-26T16:14:31","modified_gmt":"2024-06-26T15:14:31","slug":"mobil-wyrol-hs-22","status":"publish","type":"product","link":"https:\/\/webshop.ingelbeen.be\/fr\/produit\/mobil-wyrol-hs-22\/","title":{"rendered":"Mobil Wyrol HS 22"},"content":{"rendered":"<div class=\"compensation des d\u00e9tails du produit\">\n<div class=\"description de l'attribut du produit\">\n<div class=\"description de la valeur\">\n<p>Les huiles Wyrol HS sont des fluides hydrauliques synth\u00e9tiques de premi\u00e8re qualit\u00e9, \u00e0 faible coloration, \u00e0 faible formation de gomme et anti-usure, sp\u00e9cialement con\u00e7us pour \u00eatre utilis\u00e9s dans les laminoirs d&rsquo;aluminium modernes. Ils sont con\u00e7us pour r\u00e9pondre aux exigences les plus r\u00e9centes des laminoirs \u00e0 froid d&rsquo;aluminium \u00e0 haute productivit\u00e9. Les fuites de fluides hydrauliques conventionnels entra\u00eenent une contamination du syst\u00e8me d&rsquo;huile de laminage en aluminium\u00a0; cela peut provoquer des taches et la formation de gomme sur les surfaces m\u00e9talliques finies. Cependant, la contamination de l&rsquo;huile des rouleaux par du Wyrol HS r\u00e9duit consid\u00e9rablement cet effet. Wyrol HS poss\u00e8de de bonnes propri\u00e9t\u00e9s anti-usure, une excellente stabilit\u00e9 \u00e0 l&rsquo;oxydation et une bonne protection contre la rouille et la corrosion. Bien que Wyrol HS soit un produit synth\u00e9tique, il est miscible \u00e0 l&rsquo;huile min\u00e9rale, le passage de l&rsquo;huile hydraulique conventionnelle \u00e0 la Wyrol HS peut donc \u00eatre r\u00e9alis\u00e9 avec une relative facilit\u00e9. En raison de la nature de l&rsquo;huile de base, Wyrol HS ne respecte pas le r\u00e8glement 21 CFR 178.3910(a) de la FDA des \u00c9tats-Unis. Si cela est n\u00e9cessaire, Wyrol H doit \u00eatre utilis\u00e9.<\/p>\n<\/div>\n<\/div>\n<\/div>\n<h2>Fonctionnalit\u00e9 et avantages potentiels<\/h2>\n<p>Les Wyrol HS sont des fluides hydrauliques synth\u00e9tiques haute performance, qui pr\u00e9sentent de tr\u00e8s faibles caract\u00e9ristiques de coloration, r\u00e9duisant ainsi le risque de rejets de mat\u00e9riaux de production. Leur excellente stabilit\u00e9 \u00e0 l\u2019oxydation et leurs bonnes propri\u00e9t\u00e9s de protection contre l\u2019usure se traduisent par une dur\u00e9e de vie plus longue de l\u2019huile et des performances am\u00e9lior\u00e9es des composants hydrauliques.<\/p>\n<p>Les huiles Wyrol HS offrent les avantages suivants :<\/p>\n<ul>\n<li>Les faibles caract\u00e9ristiques de coloration r\u00e9duisent le risque de rejets de production<\/li>\n<li>De bonnes propri\u00e9t\u00e9s anti-usure r\u00e9duisent l&rsquo;usure des composants du syst\u00e8me hydraulique et prolongent la dur\u00e9e de vie<\/li>\n<li>L&rsquo;excellente stabilit\u00e9 \u00e0 l&rsquo;oxydation minimise les d\u00e9p\u00f4ts dans le syst\u00e8me et am\u00e9liore la dur\u00e9e de vie de l&rsquo;huile, C<\/li>\n<\/ul>\n<h2>Applications<\/h2>\n<ul>\n<li>Syst\u00e8mes hydrauliques dans les laminoirs \u00e0 froid d&rsquo;aluminium<\/li>\n<li>Convient pour une utilisation dans les syst\u00e8mes hydrauliques basse et haute pression<\/li>\n<li>Recommand\u00e9 pour les pompes \u00e0 engrenages, \u00e0 palettes et \u00e0 pistons dans les applications hydrauliques<\/li>\n<\/ul>\n","protected":false},"excerpt":{"rendered":"<p>Les huiles Wyrol HS sont des fluides hydrauliques anti-usure synth\u00e9tiques haut de gamme, peu tachants et formant peu de gomme, sp\u00e9cifiquement con\u00e7us pour une utilisation dans les laminoirs modernes en aluminium. Elles sont con\u00e7ues pour r\u00e9pondre aux exigences les plus r\u00e9centes des laminoirs \u00e0 froid \u00e0 haute productivit\u00e9 en aluminium.<\/p>\n","protected":false},"featured_media":10102,"template":"","meta":{"_acf_changed":false,"inline_featured_image":false},"product_brand":[],"product_cat":[183],"product_tag":[],"class_list":{"0":"post-9054","1":"product","2":"type-product","3":"status-publish","4":"has-post-thumbnail","6":"product_cat-divers","8":"first","9":"instock","10":"taxable","11":"shipping-taxable","12":"purchasable","13":"product-type-simple"},"acf":[],"_links":{"self":[{"href":"https:\/\/webshop.ingelbeen.be\/fr\/wp-json\/wp\/v2\/product\/9054","targetHints":{"allow":["GET"]}}],"collection":[{"href":"https:\/\/webshop.ingelbeen.be\/fr\/wp-json\/wp\/v2\/product"}],"about":[{"href":"https:\/\/webshop.ingelbeen.be\/fr\/wp-json\/wp\/v2\/types\/product"}],"wp:featuredmedia":[{"embeddable":true,"href":"https:\/\/webshop.ingelbeen.be\/fr\/wp-json\/wp\/v2\/media\/10102"}],"wp:attachment":[{"href":"https:\/\/webshop.ingelbeen.be\/fr\/wp-json\/wp\/v2\/media?parent=9054"}],"wp:term":[{"taxonomy":"product_brand","embeddable":true,"href":"https:\/\/webshop.ingelbeen.be\/fr\/wp-json\/wp\/v2\/product_brand?post=9054"},{"taxonomy":"product_cat","embeddable":true,"href":"https:\/\/webshop.ingelbeen.be\/fr\/wp-json\/wp\/v2\/product_cat?post=9054"},{"taxonomy":"product_tag","embeddable":true,"href":"https:\/\/webshop.ingelbeen.be\/fr\/wp-json\/wp\/v2\/product_tag?post=9054"}],"curies":[{"name":"wp","href":"https:\/\/api.w.org\/{rel}","templated":true}]}}