{"id":9066,"date":"2024-04-30T13:10:45","date_gmt":"2024-04-30T12:10:45","guid":{"rendered":"https:\/\/ingelbeen.kneet.be\/product\/mobil-zerice-s-46-2\/"},"modified":"2024-06-26T16:14:31","modified_gmt":"2024-06-26T15:14:31","slug":"mobil-zerice-s-46-2","status":"publish","type":"product","link":"https:\/\/webshop.ingelbeen.be\/fr\/produit\/mobil-zerice-s-46-2\/","title":{"rendered":"Mobil Zerice S 46"},"content":{"rendered":"<div class=\"compensation des d\u00e9tails du produit\">\n<div class=\"description de l'attribut du produit\">\n<div class=\"description de la valeur\">\n<p> Les huiles Mobil Zerice S sont des lubrifiants synth\u00e9tiques pour compresseurs de r\u00e9frig\u00e9ration de premi\u00e8re qualit\u00e9 \u00e0 base d&rsquo;alkylbenz\u00e8nes qui, de par leur nature, ont une miscibilit\u00e9 sup\u00e9rieure avec l&rsquo;hydrochlorofluorocarbone (R22). Cela leur permet d&rsquo;\u00eatre utilis\u00e9s dans des applications \u00e0 tr\u00e8s basse temp\u00e9rature, jusqu&rsquo;\u00e0 -60\u00b0C. Dans certaines circonstances, ils peuvent \u00e9galement \u00eatre utilis\u00e9s dans des compresseurs o\u00f9 l\u2019ammoniac joue le r\u00f4le de fluide r\u00e9frig\u00e9rant.<\/p><\/div><\/div><\/div>\n<h2>Fonctionnalit\u00e9 et avantages potentiels<\/h2>\n<p> Par rapport aux lubrifiants min\u00e9raux et autres lubrifiants synth\u00e9tiques, Mobil Zerice S a une solubilit\u00e9 sup\u00e9rieure avec les r\u00e9frig\u00e9rants halocarbon\u00e9s. Cela permet d&rsquo;\u00e9viter le probl\u00e8me courant de s\u00e9paration et de cong\u00e9lation de l&rsquo;huile sur les surfaces des vannes et de transfert de chaleur du syst\u00e8me de r\u00e9frig\u00e9ration.<\/p>\n<p> De plus, les lubrifiants Mobil Zerice S ont des points d&rsquo;\u00e9coulement et de floculation tr\u00e8s bas, ce qui aide \u00e0 pr\u00e9venir les pr\u00e9cipitations de cire nocives qui peuvent bloquer les d\u00e9tendeurs et les surfaces de transfert de chaleur.<\/p>\n<p> La nature synth\u00e9tique des lubrifiants Mobil Zerice S offre une excellente stabilit\u00e9 chimique qui r\u00e9siste aux r\u00e9actions avec les r\u00e9frig\u00e9rants, ainsi qu&rsquo;une stabilit\u00e9 thermique \u00e9lev\u00e9e qui aide \u00e0 pr\u00e9venir la d\u00e9gradation de l&rsquo;huile.<\/p>\n<table class=\"table table-striped\">\n <t\u00eate><\/p>\n<tr>\n<th>Fonctionnalit\u00e9s<\/th>\n<th>Avantages et b\u00e9n\u00e9fices potentiels<\/th>\n<\/tr>\n<p> <\/t\u00eate><br \/>\n <corps><\/p>\n<tr>\n<td>Miscibilit\u00e9 avec les r\u00e9frig\u00e9rants halocarbures<\/td>\n<td>Efficacit\u00e9 accrue du syst\u00e8me<\/td>\n<\/tr>\n<tr>\n<td>Points d&rsquo;\u00e9coulement et de flocage faibles<\/td>\n<td>\u00c9vite la pr\u00e9cipitation de cire et augmente l&rsquo;efficacit\u00e9 du syst\u00e8me<\/td>\n<\/tr>\n<tr>\n<td>Stabilit\u00e9 chimique<\/td>\n<td>Longue dur\u00e9e de vie de l&rsquo;huile<\/td>\n<\/tr>\n<\/tbody>\n<\/table>\n<h2>Applications<\/h2>\n<p> Les lubrifiants Mobil Zerice S sont recommand\u00e9s pour tous les types de compresseurs frigorifiques : alternatifs ou rotatifs \u00e0 vis. Ils conviennent parfaitement \u00e0 une utilisation avec des r\u00e9frig\u00e9rants hydrochlorofluorocarbon\u00e9s et peuvent \u00e9galement convenir \u00e0 une utilisation avec de l&rsquo;ammoniac dans les compresseurs de certains constructeurs d&rsquo;\u00e9quipements. Ils ne doivent pas \u00eatre utilis\u00e9s avec du dioxyde de soufre ou des r\u00e9frig\u00e9rants R134A. Le degr\u00e9 de viscosit\u00e9 sp\u00e9cifique doit \u00eatre s\u00e9lectionn\u00e9 conform\u00e9ment aux recommandations du fabricant du compresseur.<\/p>\n","protected":false},"excerpt":{"rendered":"<p>Les huiles Mobil Zerice S sont des lubrifiants synth\u00e9tiques de qualit\u00e9 sup\u00e9rieure pour compresseurs frigorifiques \u00e0 base d&rsquo;alkylbenz\u00e8nes, qui, en raison de leur nature, ont une miscibilit\u00e9 sup\u00e9rieure avec les hydrochlorofluorocarbones (R22).<\/p>\n","protected":false},"featured_media":0,"template":"","meta":{"_acf_changed":false,"inline_featured_image":false},"product_brand":[],"product_cat":[223],"product_tag":[],"class_list":{"0":"post-9066","1":"product","2":"type-product","3":"status-publish","5":"product_cat-huiles-de-refrigeration","7":"first","8":"instock","9":"taxable","10":"shipping-taxable","11":"purchasable","12":"product-type-simple"},"acf":[],"_links":{"self":[{"href":"https:\/\/webshop.ingelbeen.be\/fr\/wp-json\/wp\/v2\/product\/9066","targetHints":{"allow":["GET"]}}],"collection":[{"href":"https:\/\/webshop.ingelbeen.be\/fr\/wp-json\/wp\/v2\/product"}],"about":[{"href":"https:\/\/webshop.ingelbeen.be\/fr\/wp-json\/wp\/v2\/types\/product"}],"wp:attachment":[{"href":"https:\/\/webshop.ingelbeen.be\/fr\/wp-json\/wp\/v2\/media?parent=9066"}],"wp:term":[{"taxonomy":"product_brand","embeddable":true,"href":"https:\/\/webshop.ingelbeen.be\/fr\/wp-json\/wp\/v2\/product_brand?post=9066"},{"taxonomy":"product_cat","embeddable":true,"href":"https:\/\/webshop.ingelbeen.be\/fr\/wp-json\/wp\/v2\/product_cat?post=9066"},{"taxonomy":"product_tag","embeddable":true,"href":"https:\/\/webshop.ingelbeen.be\/fr\/wp-json\/wp\/v2\/product_tag?post=9066"}],"curies":[{"name":"wp","href":"https:\/\/api.w.org\/{rel}","templated":true}]}}