{"id":9070,"date":"2024-04-30T13:10:44","date_gmt":"2024-04-30T12:10:44","guid":{"rendered":"https:\/\/ingelbeen.kneet.be\/product\/mobil-vacuoline-128-2\/"},"modified":"2024-06-26T16:14:27","modified_gmt":"2024-06-26T15:14:27","slug":"mobil-vacuoline-128-2","status":"publish","type":"product","link":"https:\/\/webshop.ingelbeen.be\/fr\/produit\/mobil-vacuoline-128-2\/","title":{"rendered":"Mobil Vacuoline 128"},"content":{"rendered":"<div class=\"compensation des d\u00e9tails du produit\">\n<div class=\"description de l'attribut du produit\">\n<div class=\"description de la valeur\">\n<p> La gamme Mobil Vacuoline\u2122 100 est une s\u00e9rie d&rsquo;huiles pour syst\u00e8mes de circulation de tr\u00e8s haute qualit\u00e9, principalement destin\u00e9es \u00e0 la lubrification des paliers lisses dans les syst\u00e8mes con\u00e7us pour une lubrification enti\u00e8rement fluide, en particulier ceux soumis \u00e0 une forte contamination par l&rsquo;eau, comme ceux qui peuvent \u00eatre utilis\u00e9s pour les rouleaux d&rsquo;appui. roulements dans les laminoirs \u00e0 m\u00e9taux. Plus pr\u00e9cis\u00e9ment, ils r\u00e9pondent aux exigences des roulements de laminoirs, y compris la sp\u00e9cification de lubrifiant avanc\u00e9 Morgan \u00ab super d\u00e9mulsibilit\u00e9 \u00bb. Les huiles Mobil Vacuoline s\u00e9rie 100 sont formul\u00e9es \u00e0 partir d&rsquo;huiles de base et d&rsquo;additifs de haute qualit\u00e9 pour offrir une capacit\u00e9 exceptionnelle de s\u00e9paration de l&rsquo;eau, une bonne r\u00e9sistance \u00e0 la d\u00e9gradation thermique et \u00e0 l&rsquo;oxydation, ainsi qu&rsquo;une protection contre la rouille et la corrosion.<\/p>\n<p> Les huiles Mobil Vacuoline s\u00e9rie 100 r\u00e9sistent \u00e0 la formation d&rsquo;\u00e9mulsion et de boue. Par cons\u00e9quent, les huiles peuvent contribuer \u00e0 des syst\u00e8mes et des filtres plus propres. Les contaminants solides se s\u00e9parent \u00e9galement facilement pour un nettoyage facile par centrifugeuse, filtration ou d\u00e9cantation. La s\u00e9rie Mobil Vacuoline 100 poss\u00e8de un indice de viscosit\u00e9 \u00e9lev\u00e9 et une bonne d\u00e9s\u00e9mulsibilit\u00e9 qui est conserv\u00e9e dans des conditions de contamination s\u00e9v\u00e8re de l&rsquo;eau et est recommand\u00e9e pour les syst\u00e8mes de circulation \u00e0 un ou deux r\u00e9servoirs.<\/p>\n<p> Les huiles Mobil Vacuoline s\u00e9rie 100 sont le choix des op\u00e9rateurs de laminoirs du monde entier. Ils b\u00e9n\u00e9ficient du soutien important de constructeurs d&rsquo;\u00e9quipements cl\u00e9s, notamment Morgan Construction Company, Worcester, MA, \u00c9tats-Unis.<\/p><\/div><\/div><\/div>\n<h2>Fonctionnalit\u00e9 et avantages potentiels<\/h2>\n<p> La famille de produits Mobil Vacuoline est bien connue et hautement appr\u00e9ci\u00e9e dans le monde entier en raison de ses performances exceptionnelles et du support technique mondial qui soutient la marque. Les performances exceptionnelles des huiles Mobil Vacuoline s\u00e9rie 100 en ont fait le choix des utilisateurs de laminoirs du monde entier. L&rsquo;exp\u00e9rience acquise en contact \u00e9troit avec les principaux constructeurs de laminoirs, notamment Morgan Construction aux \u00c9tats-Unis, a \u00e9t\u00e9 appliqu\u00e9e pour garantir que les huiles Vacuoline r\u00e9pondent aux besoins des conceptions et des applications \u00e9volutives des laminoirs.<\/p>\n<p> Pour les huiles Mobil Vacuoline s\u00e9rie 100, ce travail a abouti \u00e0 une formulation bas\u00e9e sur des huiles de base de haute qualit\u00e9, ainsi que des additifs sp\u00e9cialement choisis, pour fournir une protection contre la rouille et la corrosion et une excellente d\u00e9s\u00e9mulsibilit\u00e9 qui se traduit par une superbe protection de l&rsquo;\u00e9quipement, un fonctionnement tr\u00e8s fiable et une longue dur\u00e9e d&rsquo;huile. charger la vie. Un aper\u00e7u des caract\u00e9ristiques, des avantages et des b\u00e9n\u00e9fices potentiels du produit est pr\u00e9sent\u00e9 ci-dessous\u00a0:<\/p>\n<table class=\"table table-striped\">\n <t\u00eate><\/p>\n<tr>\n<th>Fonctionnalit\u00e9s<\/th>\n<th>Avantages et b\u00e9n\u00e9fices potentiels<\/th>\n<\/tr>\n<p> <\/t\u00eate><br \/>\n <corps><\/p>\n<tr>\n<td>D\u00e9mulsibilit\u00e9 exceptionnelle<\/td>\n<td>S\u00e9paration facile de l&rsquo;eau et des contaminants tout au long de la dur\u00e9e de vie de l&rsquo;huile pour un fonctionnement sans probl\u00e8me et des temps d&rsquo;arr\u00eat r\u00e9duits<\/td>\n<\/tr>\n<tr>\n<td>Bonne r\u00e9sistance \u00e0 la d\u00e9gradation oxydative<\/td>\n<td>Dur\u00e9e de vie prolong\u00e9e de la charge d&rsquo;huile et co\u00fbts de remplacement d&rsquo;huile r\u00e9duits, syst\u00e8me et filtres plus propres et co\u00fbts de maintenance r\u00e9duits<\/td>\n<\/tr>\n<tr>\n<td>Excellente protection contre la rouille et la corrosion<\/td>\n<td>Protection et dur\u00e9e de vie am\u00e9lior\u00e9es des \u00e9quipements<\/td>\n<\/tr>\n<\/tbody>\n<\/table>\n<h2>Applications<\/h2>\n<p> Les huiles Mobil Vacuoline s\u00e9rie 100 sont principalement recommand\u00e9es et utilis\u00e9es presque exclusivement pour les applications de laminoirs. Les huiles conviennent pour :<\/p>\n<ul>\n<li>Roulements de secours des laminoirs, en particulier des syst\u00e8mes de roulements, o\u00f9 un r\u00e9servoir simple ou double est utilis\u00e9<\/li>\n<li>Autres syst\u00e8mes de roulements enti\u00e8rement fluides et applications de type similaire dans d&rsquo;autres industries, en particulier lorsque les roulements sont soumis \u00e0 une forte contamination par l&rsquo;eau<\/li>\n<\/ul>\n<h2>Sp\u00e9cifications et homologations<\/h2>\n<h3>Satisfait ou d\u00e9passe les exigences de<\/h3>\n<ul>\n<li>SMS SIEMAGE &#8211; Sp\u00e9cifications du lubrifiant MORGOIL\u00ae Lubrifiant avanc\u00e9, SN 180 Partie 4\u00a0:\u00a02009-07<\/li>\n<li>SMS SIEMAGE &#8211; Sp\u00e9cifications du lubrifiant MORGOIL\u00ae Lubrifiant avanc\u00e9, SN 180 Partie 3\u00a0:\u00a02009-07<\/li>\n<li>DIN 51517-2\u00a0:\u00a02009-06<\/li>\n<\/ul>\n","protected":false},"excerpt":{"rendered":"<p>La s\u00e9rie d&rsquo;huiles Mobil Vacuoline\u2122 100 est compos\u00e9e d&rsquo;huiles de circulation de haute qualit\u00e9 principalement destin\u00e9es \u00e0 la lubrification des paliers lisses dans les syst\u00e8mes de lubrification \u00e0 film fluide complet, en particulier ceux expos\u00e9s \u00e0 une contamination importante par l&rsquo;eau, comme les rouleaux de support dans l&rsquo;industrie m\u00e9tallurgique.<\/p>\n","protected":false},"featured_media":10105,"template":"","meta":{"_acf_changed":false,"inline_featured_image":false},"product_brand":[],"product_cat":[221],"product_tag":[],"class_list":{"0":"post-9070","1":"product","2":"type-product","3":"status-publish","4":"has-post-thumbnail","6":"product_cat-huiles-pour-turbines-et-huiles-de-circulation","8":"first","9":"instock","10":"taxable","11":"shipping-taxable","12":"purchasable","13":"product-type-simple"},"acf":[],"_links":{"self":[{"href":"https:\/\/webshop.ingelbeen.be\/fr\/wp-json\/wp\/v2\/product\/9070","targetHints":{"allow":["GET"]}}],"collection":[{"href":"https:\/\/webshop.ingelbeen.be\/fr\/wp-json\/wp\/v2\/product"}],"about":[{"href":"https:\/\/webshop.ingelbeen.be\/fr\/wp-json\/wp\/v2\/types\/product"}],"wp:featuredmedia":[{"embeddable":true,"href":"https:\/\/webshop.ingelbeen.be\/fr\/wp-json\/wp\/v2\/media\/10105"}],"wp:attachment":[{"href":"https:\/\/webshop.ingelbeen.be\/fr\/wp-json\/wp\/v2\/media?parent=9070"}],"wp:term":[{"taxonomy":"product_brand","embeddable":true,"href":"https:\/\/webshop.ingelbeen.be\/fr\/wp-json\/wp\/v2\/product_brand?post=9070"},{"taxonomy":"product_cat","embeddable":true,"href":"https:\/\/webshop.ingelbeen.be\/fr\/wp-json\/wp\/v2\/product_cat?post=9070"},{"taxonomy":"product_tag","embeddable":true,"href":"https:\/\/webshop.ingelbeen.be\/fr\/wp-json\/wp\/v2\/product_tag?post=9070"}],"curies":[{"name":"wp","href":"https:\/\/api.w.org\/{rel}","templated":true}]}}