{"id":9080,"date":"2024-04-30T13:10:44","date_gmt":"2024-04-30T12:10:44","guid":{"rendered":"https:\/\/ingelbeen.kneet.be\/product\/mobil-vacuoline-525\/"},"modified":"2024-06-26T16:14:28","modified_gmt":"2024-06-26T15:14:28","slug":"mobil-vacuoline-525","status":"publish","type":"product","link":"https:\/\/webshop.ingelbeen.be\/fr\/produit\/mobil-vacuoline-525\/","title":{"rendered":"Mobil Vacuoline 525"},"content":{"rendered":"<div class=\"compensation des d\u00e9tails du produit\">\n<div class=\"description de l'attribut du produit\">\n<div class=\"description de la valeur\">\n<p> La famille de produits Mobil Vacuoline s\u00e9rie 500 constitue une source de lubrifiant polyvalente pour une large gamme d&rsquo;\u00e9quipements industriels.\u00a0 Les lubrifiants Mobil Vacuoline s\u00e9rie 500 sont des huiles de circulation robustes hautes performances con\u00e7ues pour r\u00e9pondre aux exigences des broyeurs \u00e0 tige sans torsion. Cependant, leurs performances globales en font un excellent choix pour les syst\u00e8mes de circulation lubrifiant les engrenages et les roulements. La s\u00e9rie Mobil Vacuoline 500 est con\u00e7ue pour r\u00e9pondre aux exigences critiques des broyeurs \u00e0 tiges sans torsion \u00e0 grande vitesse de Morgan Construction Company, ainsi qu&rsquo;aux exigences en mati\u00e8re de circulation d&rsquo;huile des broyeurs \u00e0 tiges Danielli.<\/p>\n<p> Ils sont formul\u00e9s \u00e0 partir d&rsquo;huiles de base de haute qualit\u00e9 et d&rsquo;un syst\u00e8me d&rsquo;additifs exclusif pour offrir une mouillabilit\u00e9 sup\u00e9rieure, une r\u00e9tention d&rsquo;huile suppl\u00e9mentaire et une fine protection contre la rouille et la corrosion.\u00a0\u00a0\u00a0 Mobil Vacuoline 500 offre une excellente r\u00e9sistance \u00e0 l&rsquo;oxydation et \u00e0 la d\u00e9gradation thermique, ainsi qu&rsquo;un haut niveau de protection contre l&rsquo;usure. Ils poss\u00e8dent une excellente d\u00e9s\u00e9mulsibilit\u00e9 qui permet \u00e0 l&rsquo;eau et aux autres contaminants de se s\u00e9parer facilement de l&rsquo;huile dans le r\u00e9servoir du syst\u00e8me.\u00a0 La s\u00e9rie Mobil Vacuoline 500 est disponible en six grades de viscosit\u00e9.<\/p><\/div><\/div><\/div>\n<h2>Fonctionnalit\u00e9 et avantages potentiels<\/h2>\n<p> La famille de produits Mobil Vacuoline s\u00e9rie 500 est bien connue et appr\u00e9ci\u00e9e dans le monde entier en raison de ses performances exceptionnelles, de l&rsquo;expertise en recherche et d\u00e9veloppement et du support technique mondial qui soutiennent la marque. Les performances tr\u00e8s polyvalentes des huiles Mobil Vacuoline s\u00e9rie 500 en ont fait le choix de nombreux utilisateurs \u00e0 travers le monde depuis de nombreuses d\u00e9cennies.<\/p>\n<p> &nbsp;<\/p>\n<p> La s\u00e9rie Mobil Vacuoline 500 est con\u00e7ue pour la lubrification des syst\u00e8mes de circulation des broyeurs \u00e0 tige sans torsion, des bo\u00eetes de vitesses industrielles et marines, des syst\u00e8mes hydrauliques ainsi qu&rsquo;une grande vari\u00e9t\u00e9 d&rsquo;\u00e9quipements auxiliaires.<\/p>\n<table class=\"table table-striped\">\n <t\u00eate><\/p>\n<tr>\n<th>Fonctionnalit\u00e9s<\/th>\n<th>Avantages et b\u00e9n\u00e9fices potentiels<\/th>\n<\/tr>\n<p> <\/t\u00eate><br \/>\n <corps><\/p>\n<tr>\n<td>Bonne protection contre la rouille et la corrosion gr\u00e2ce \u00e0 une formulation lubrifiante haute performance \u00e9quilibr\u00e9e<\/td>\n<td>Moins d&rsquo;arr\u00eats impr\u00e9vus et co\u00fbts de maintenance r\u00e9duits<\/td>\n<\/tr>\n<tr>\n<td>Performance anti-usure exceptionnelle<\/td>\n<td>Excellente protection des roulements et engrenages critiques<\/td>\n<\/tr>\n<tr>\n<td>Excellentes caract\u00e9ristiques de s\u00e9paration de l&rsquo;eau<\/td>\n<td>S\u00e9paration rapide de l&rsquo;eau pour un fonctionnement fluide et efficace, des temps d&rsquo;arr\u00eat r\u00e9duits et une protection contre l&rsquo;usure intacte<\/td>\n<\/tr>\n<tr>\n<td>Haute r\u00e9sistance \u00e0 l&rsquo;oxydation et \u00e0 la d\u00e9gradation thermique<\/td>\n<td>Longue dur\u00e9e de vie de la charge d&rsquo;huile et \u00e9vitement des co\u00fbts li\u00e9s aux interruptions de production impr\u00e9vues<\/td>\n<\/tr>\n<tr>\n<td>Capacit\u00e9 d&rsquo;applications multiples<\/td>\n<td>\u00c9conomies d&rsquo;inventaire<\/td>\n<\/tr>\n<\/tbody>\n<\/table>\n<h2>Applications<\/h2>\n<p> Ces huiles sont principalement destin\u00e9es \u00e0 la lubrification des paliers lisses, des roulements \u00e0 rouleaux, des arbres parall\u00e8les et des engrenages coniques. Ils conviennent comme lubrifiants polyvalents dans les syst\u00e8mes non soumis \u00e0 des charges de choc et qui ne n\u00e9cessitent pas de performances \u00e0 pression extr\u00eame. La s\u00e9rie Mobil Vacuoline 500 poss\u00e8de une bonne d\u00e9s\u00e9mulsibilit\u00e9 qui est conserv\u00e9e dans des conditions de contamination s\u00e9v\u00e8re de l&rsquo;eau.\u00a0 La s\u00e9rie Mobil Vacuoline 500 est utilis\u00e9e dans les applications utilisant des dispositifs d&rsquo;huile par \u00e9claboussure, bain et anneau et toutes les autres m\u00e9thodes d&rsquo;application impliquant des pompes, des vannes et des \u00e9quipements auxiliaires. Ils sont recommand\u00e9s pour une utilisation dans les syst\u00e8mes hydrauliques o\u00f9 des huiles \u00e0 viscosit\u00e9 plus \u00e9lev\u00e9e sont sp\u00e9cifi\u00e9es. Ils sont particuli\u00e8rement r\u00e9sistants aux effets d\u2019une exposition prolong\u00e9e \u00e0 des temp\u00e9ratures \u00e9lev\u00e9es et fonctionnent bien dans les syst\u00e8mes de circulation avec des temps de s\u00e9jour d\u2019huile courts.<\/p>\n<p> &nbsp;<\/p>\n<p> Les applications typiques incluent\u00a0:<\/p>\n<p> \u2022\u00a0Pas de broyeurs \u00e0 tiges h\u00e9lico\u00efdales<\/p>\n<p> \u2022\u00a0R\u00e9ducteurs \u00e0 engrenages droits, coniques, h\u00e9lico\u00efdaux et \u00e0 chevrons pour service mod\u00e9r\u00e9<\/p>\n<p> \u2022\u00a0\u00a0Syst\u00e8mes de circulation<\/p>\n<p> \u2022\u00a0 Mobil Vacuoline 525, 528, 533 peut \u00e9galement \u00eatre utilis\u00e9 dans les syst\u00e8mes hydrauliques utilisant des pompes \u00e0 engrenages, \u00e0 palettes, \u00e0 pistons radiaux et axiaux o\u00f9 des fluides hydrauliques anti-usure \u00e0 haute viscosit\u00e9 sont requis.<\/p>\n<p> \u2022\u00a0Certains compresseurs et pompes \u00e0 vide manipulant de l&rsquo;air et des gaz inertes \u00e0 condition que les temp\u00e9ratures de refoulement ne d\u00e9passent pas 150\u00a0\u00b0C, ne conviennent pas aux compresseurs d&rsquo;air respirable.<\/p>\n","protected":false},"excerpt":{"rendered":"<p>La famille des produits de la s\u00e9rie Mobil Vacuoline 500 offre une solution polyvalente pour la lubrification d&rsquo;une large gamme d&rsquo;\u00e9quipements industriels.<\/p>\n","protected":false},"featured_media":10102,"template":"","meta":{"_acf_changed":false,"inline_featured_image":false},"product_brand":[],"product_cat":[221],"product_tag":[],"class_list":{"0":"post-9080","1":"product","2":"type-product","3":"status-publish","4":"has-post-thumbnail","6":"product_cat-huiles-pour-turbines-et-huiles-de-circulation","8":"first","9":"instock","10":"taxable","11":"shipping-taxable","12":"purchasable","13":"product-type-simple"},"acf":[],"_links":{"self":[{"href":"https:\/\/webshop.ingelbeen.be\/fr\/wp-json\/wp\/v2\/product\/9080","targetHints":{"allow":["GET"]}}],"collection":[{"href":"https:\/\/webshop.ingelbeen.be\/fr\/wp-json\/wp\/v2\/product"}],"about":[{"href":"https:\/\/webshop.ingelbeen.be\/fr\/wp-json\/wp\/v2\/types\/product"}],"wp:featuredmedia":[{"embeddable":true,"href":"https:\/\/webshop.ingelbeen.be\/fr\/wp-json\/wp\/v2\/media\/10102"}],"wp:attachment":[{"href":"https:\/\/webshop.ingelbeen.be\/fr\/wp-json\/wp\/v2\/media?parent=9080"}],"wp:term":[{"taxonomy":"product_brand","embeddable":true,"href":"https:\/\/webshop.ingelbeen.be\/fr\/wp-json\/wp\/v2\/product_brand?post=9080"},{"taxonomy":"product_cat","embeddable":true,"href":"https:\/\/webshop.ingelbeen.be\/fr\/wp-json\/wp\/v2\/product_cat?post=9080"},{"taxonomy":"product_tag","embeddable":true,"href":"https:\/\/webshop.ingelbeen.be\/fr\/wp-json\/wp\/v2\/product_tag?post=9080"}],"curies":[{"name":"wp","href":"https:\/\/api.w.org\/{rel}","templated":true}]}}