{"id":9090,"date":"2024-04-30T13:10:44","date_gmt":"2024-04-30T12:10:44","guid":{"rendered":"https:\/\/ingelbeen.kneet.be\/product\/mobil-vactra-oil-no-3-2\/"},"modified":"2024-06-26T16:14:27","modified_gmt":"2024-06-26T15:14:27","slug":"mobil-vactra-oil-no-3-2","status":"publish","type":"product","link":"https:\/\/webshop.ingelbeen.be\/fr\/produit\/mobil-vactra-oil-no-3-2\/","title":{"rendered":"Mobil Vactra Oil NO. 3"},"content":{"rendered":"<div class=\"compensation des d\u00e9tails du produit\">\n<div class=\"description de l'attribut du produit\">\n<div class=\"description de la valeur\">\n<p> Les s\u00e9ries d&rsquo;huiles num\u00e9rot\u00e9es Mobil Vactra\u2122 sont des lubrifiants pour glissi\u00e8res de qualit\u00e9 sup\u00e9rieure sp\u00e9cialement con\u00e7us pour r\u00e9pondre aux exigences de pr\u00e9cision, de s\u00e9parabilit\u00e9 du liquide de refroidissement aqueux et de protection de l&rsquo;\u00e9quipement des machines-outils de pr\u00e9cision.<\/p>\n<p> La s\u00e9rie num\u00e9rot\u00e9e d&rsquo;huiles Mobil Vactra est soigneusement formul\u00e9e \u00e0 partir d&rsquo;huiles de base de haute qualit\u00e9 et de performances \u00e9quilibr\u00e9es avec un syst\u00e8me d&rsquo;additifs avanc\u00e9 qui offre des propri\u00e9t\u00e9s de friction contr\u00f4l\u00e9es, une compatibilit\u00e9 avec les fluides aqueux de travail des m\u00e9taux et une protection contre la corrosion des pi\u00e8ces et des \u00e9quipements. L&rsquo;ensemble d&rsquo;additifs unique offre des propri\u00e9t\u00e9s de friction exceptionnelles sur une grande vari\u00e9t\u00e9 de mat\u00e9riaux, notamment l&rsquo;acier sur l&rsquo;acier et l&rsquo;acier sur le polym\u00e8re, r\u00e9duisant ainsi le broutage et le broutage. Cela permet un mouvement fluide et uniforme aux vitesses de d\u00e9placement nominales, am\u00e9liorant ainsi la productivit\u00e9 et la pr\u00e9cision de la machine, contribuant ainsi \u00e0 prolonger la dur\u00e9e de vie de l&rsquo;outil et \u00e0 am\u00e9liorer la finition de surface. La s\u00e9rie num\u00e9rot\u00e9e d&rsquo;huile Mobil Vactra a \u00e9t\u00e9 optimis\u00e9e pour permettre la s\u00e9parabilit\u00e9 de nombreux liquides de refroidissement aqueux tout en minimisant les effets corrosifs des liquides de refroidissement \u00e0 pH \u00e9lev\u00e9 sur les surfaces lubrifi\u00e9es.<\/p><\/div><\/div><\/div>\n<h2>Fonctionnalit\u00e9 et avantages potentiels<\/h2>\n<p> La s\u00e9rie num\u00e9rot\u00e9e d&rsquo;huile Mobil Vactra a \u00e9t\u00e9 d\u00e9velopp\u00e9e et sp\u00e9cialement con\u00e7ue pour fournir une marge suppl\u00e9mentaire de protection des machines en satisfaisant les exigences strictes des glissi\u00e8res. Les huiles pr\u00e9sentent d\u2019excellentes performances lubrifiantes et de charge, contribuant de mani\u00e8re significative \u00e0 am\u00e9liorer la production de pi\u00e8ces de qualit\u00e9. La s\u00e9rie num\u00e9rot\u00e9e d&rsquo;huile Mobil Vactra offre une s\u00e9parabilit\u00e9 de nombreux liquides de refroidissement aqueux et aqueux, r\u00e9duisant les effets n\u00e9gatifs potentiels de la contamination crois\u00e9e, ce qui contribue \u00e0 am\u00e9liorer la dur\u00e9e de vie et les performances du lubrifiant et du liquide de refroidissement.<\/p>\n<table class=\"table table-striped\">\n <t\u00eate><\/p>\n<tr>\n<th>Fonctionnalit\u00e9s<\/th>\n<th>Avantages et b\u00e9n\u00e9fices potentiels<\/th>\n<\/tr>\n<p> <\/t\u00eate><br \/>\n <corps><\/p>\n<tr>\n<td>Caract\u00e9ristiques de friction contr\u00f4l\u00e9es<\/td>\n<td>Aide \u00e0 \u00e9liminer le stick slip\u00a0; permet un usinage toujours pr\u00e9cis<\/td>\n<\/tr>\n<tr>\n<td>Capacit\u00e9s multi-mat\u00e9riaux<\/td>\n<td>Convient \u00e0 un large \u00e9ventail de combinaisons de mat\u00e9riaux permettant la consolidation du produit<\/td>\n<\/tr>\n<tr>\n<td>S\u00e9parabilit\u00e9 de l&rsquo;eau et du liquide de refroidissement aqueux<\/td>\n<td>Contribue \u00e0 am\u00e9liorer la dur\u00e9e de vie et les performances de nombreux liquides de refroidissement aqueux<\/td>\n<\/tr>\n<tr>\n<td>Adh\u00e9rence<\/td>\n<td>Emp\u00eache le retrait du lubrifiant des surfaces critiques<\/td>\n<\/tr>\n<tr>\n<td>Protection \u00e0 long terme contre la rouille et la corrosion<\/td>\n<td>Contribue \u00e0 r\u00e9duire la d\u00e9t\u00e9rioration des surfaces de glissement en pr\u00e9sence d&rsquo;eau et de liquides de refroidissement aqueux<\/td>\n<\/tr>\n<\/tbody>\n<\/table>\n<h2>Applications<\/h2>\n<p> Les produits Mobil Vactra Oil Numbered Series sont recommand\u00e9s pour la lubrification des syst\u00e8mes de glissi\u00e8res de machines-outils. Ils sont con\u00e7us pour \u00eatre utilis\u00e9s avec des combinaisons de fonte, d&rsquo;acier et de mat\u00e9riaux non m\u00e9talliques. Les huiles Mobil Vactra de la s\u00e9rie num\u00e9rot\u00e9e peuvent \u00eatre appliqu\u00e9es \u00e0 la main, avec un lubrificateur \u00e0 alimentation forc\u00e9e ou par inondation par syst\u00e8me de circulation.<\/p>\n<ul>\n<li>\n<div>La s\u00e9rie de produits Mobil Vactra Oil No. convient \u00e0 une utilisation dans les applications qui n\u00e9cessitent les sp\u00e9cifications Fives Cincinnati P53, P47 et P50.<\/div>\n<\/li>\n<li>\n<div>Les huiles Mobil Vactra n\u00b01 et n\u00b02 sont recommand\u00e9es pour les glissi\u00e8res horizontales des machines-outils de petite \u00e0 moyenne taille. Ils conviennent \u00e9galement aux applications de circulation dans les grandes machines et comme fluide hydraulique \u00e0 usage mod\u00e9r\u00e9.<\/div>\n<\/li>\n<li>\n<div>Les huiles Mobil Vactra n\u00b0 3 et n\u00b0 4 sont normalement recommand\u00e9es pour les grandes machines o\u00f9 les pressions de voie sont \u00e9lev\u00e9es et o\u00f9 une bonne pr\u00e9cision est requise. Ils sont \u00e9galement recommand\u00e9s pour les glissi\u00e8res verticales et inclin\u00e9es o\u00f9 la vidange peut \u00eatre un probl\u00e8me et pour les m\u00e9canismes d&rsquo;entra\u00eenement par engrenages de machines-outils \u00e0 service mod\u00e9r\u00e9.<\/div>\n<\/li>\n<li>\n<div>La s\u00e9rie num\u00e9rot\u00e9e d&rsquo;huile Mobil Vactra peut \u00eatre utilis\u00e9e pour la lubrification des vis \u00e0 billes, des guides lin\u00e9aires, des poup\u00e9es, des vis de translation.<\/div>\n<\/li>\n<li>\n<div>La s\u00e9rie num\u00e9rot\u00e9e d&rsquo;huile Mobil Vactra est recommand\u00e9e pour les applications o\u00f9 la contamination par l&rsquo;huile des liquides de refroidissement aqueux r\u00e9duit la dur\u00e9e de vie du lot de liquide de refroidissement.<\/div>\n<\/li>\n<\/ul>\n","protected":false},"excerpt":{"rendered":"<p>La s\u00e9rie Mobil Vactra\u2122 Oil Number est compos\u00e9e d&rsquo;huiles de glissi\u00e8re de haute qualit\u00e9, sp\u00e9cialement formul\u00e9es pour r\u00e9pondre aux exigences de pr\u00e9cision, de capacit\u00e9 de s\u00e9paration des fluides de refroidissement aqueux et de protection des instruments de pr\u00e9cision.<\/p>\n","protected":false},"featured_media":10102,"template":"","meta":{"_acf_changed":false,"inline_featured_image":false},"product_brand":[],"product_cat":[222],"product_tag":[],"class_list":{"0":"post-9090","1":"product","2":"type-product","3":"status-publish","4":"has-post-thumbnail","6":"product_cat-huiles-pour-glissieres-de-machines-outils-et-de-broches","8":"first","9":"instock","10":"taxable","11":"shipping-taxable","12":"purchasable","13":"product-type-simple"},"acf":[],"_links":{"self":[{"href":"https:\/\/webshop.ingelbeen.be\/fr\/wp-json\/wp\/v2\/product\/9090","targetHints":{"allow":["GET"]}}],"collection":[{"href":"https:\/\/webshop.ingelbeen.be\/fr\/wp-json\/wp\/v2\/product"}],"about":[{"href":"https:\/\/webshop.ingelbeen.be\/fr\/wp-json\/wp\/v2\/types\/product"}],"wp:featuredmedia":[{"embeddable":true,"href":"https:\/\/webshop.ingelbeen.be\/fr\/wp-json\/wp\/v2\/media\/10102"}],"wp:attachment":[{"href":"https:\/\/webshop.ingelbeen.be\/fr\/wp-json\/wp\/v2\/media?parent=9090"}],"wp:term":[{"taxonomy":"product_brand","embeddable":true,"href":"https:\/\/webshop.ingelbeen.be\/fr\/wp-json\/wp\/v2\/product_brand?post=9090"},{"taxonomy":"product_cat","embeddable":true,"href":"https:\/\/webshop.ingelbeen.be\/fr\/wp-json\/wp\/v2\/product_cat?post=9090"},{"taxonomy":"product_tag","embeddable":true,"href":"https:\/\/webshop.ingelbeen.be\/fr\/wp-json\/wp\/v2\/product_tag?post=9090"}],"curies":[{"name":"wp","href":"https:\/\/api.w.org\/{rel}","templated":true}]}}