{"id":9108,"date":"2024-04-30T13:10:43","date_gmt":"2024-04-30T12:10:43","guid":{"rendered":"https:\/\/ingelbeen.kneet.be\/product\/mobil-unirex-ep-2-2\/"},"modified":"2024-06-26T16:14:25","modified_gmt":"2024-06-26T15:14:25","slug":"mobil-unirex-ep-2-2","status":"publish","type":"product","link":"https:\/\/webshop.ingelbeen.be\/fr\/produit\/mobil-unirex-ep-2-2\/","title":{"rendered":"Mobil Unirex EP 2"},"content":{"rendered":"<p>Unirex\u2122 EP 2 est une graisse de qualit\u00e9 sup\u00e9rieure qui combine une technologie avanc\u00e9e de savon complexe au lithium et une technologie de pointe d&rsquo;enrichissement de polym\u00e8res pour offrir une excellente adh\u00e9rence, une r\u00e9sistance au lavage \u00e0 l&rsquo;eau, une stabilit\u00e9 m\u00e9canique et des performances \u00e0 haute temp\u00e9rature. M\u00eame apr\u00e8s un barattage prolong\u00e9 avec de l&rsquo;eau, Unirex EP 2 conserve sa consistance, ses propri\u00e9t\u00e9s adh\u00e9sives et antirouille. Unirex EP 2 offre une bonne protection contre la corrosion et offre une excellente protection extr\u00eame pression contre l&rsquo;usure, m\u00eame dans des conditions de chocs s\u00e9v\u00e8res.<\/p>\n<p>Unirex EP 2 est particuli\u00e8rement utile dans les applications pr\u00e9sentant une forte contamination de l&rsquo;eau. Unirex EP 2 est recommand\u00e9 pour une utilisation dans les applications emball\u00e9es \u00e0 la main ou avec pistolet \u00e0 graisse, ou dans les syst\u00e8mes centralis\u00e9s non critiques, ainsi que dans les accouplements flexibles de type grille, et est particuli\u00e8rement adapt\u00e9 \u00e0 une utilisation dans les roulements de roue de v\u00e9hicules.<\/p>\n<h2>Caract\u00e9ristiques et avantages<\/h2>\n<div class=\"table-responsive\">\n<table class=\"table table-striped\">\n<corps><\/p>\n<tr>\n<td><strong>Fonctionnalit\u00e9s<\/strong><\/td>\n<td><strong>Avantages et b\u00e9n\u00e9fices potentiels<\/strong><\/td>\n<\/tr>\n<tr>\n<td>Formul\u00e9 \u00e0 l&rsquo;aide d&rsquo;un \u00e9paississant de savon complexe au lithium avanc\u00e9<\/td>\n<td>Permet une dur\u00e9e de vie plus longue de la graisse \u00e0 des temp\u00e9ratures plus \u00e9lev\u00e9es que ce qui est possible avec les graisses fabriqu\u00e9es avec la plupart des autres types de savons.<\/td>\n<\/tr>\n<tr>\n<td>Excellentes propri\u00e9t\u00e9s EP et anti-usure<\/td>\n<td>Protection des \u00e9quipements et prolongation potentielle de leur dur\u00e9e de vie, m\u00eame dans des conditions de fonctionnement difficiles.<\/td>\n<\/tr>\n<tr>\n<td>Puissante protection contre la corrosion<\/td>\n<td>Prot\u00e9ger les \u00e9quipements contre la rouille et la corrosion dans les applications lourdes et automobiles.<\/td>\n<\/tr>\n<tr>\n<td>Excellente r\u00e9sistance au lessivage et \u00e0 la pulv\u00e9risation d&rsquo;eau<\/td>\n<td>Utilise une nouvelle technologie polym\u00e8re. Cela am\u00e9liore la tendance d&rsquo;adh\u00e9sion d\u00e9j\u00e0 excellente du produit et sa r\u00e9sistance au lavage \u00e0 l&rsquo;eau. Assure une lubrification et une protection ad\u00e9quates m\u00eame dans des environnements humides hostiles.<\/td>\n<\/tr>\n<\/tbody>\n<\/table>\n<\/div>\n<h2>Applications<\/h2>\n<p>Unirex EP 2 est une excellente graisse polyvalente pour les applications intensives dans les applications automobiles et industrielles.\u00a0 Son excellente r\u00e9sistance \u00e0 l\u2019eau et sa protection contre les pressions extr\u00eames d\u00e9passent les niveaux de performance des graisses polyvalentes conventionnelles pour usages l\u00e9gers \u00e0 moyens.<\/p>\n<p>Unirex EP 2 est particuli\u00e8rement adapt\u00e9 aux roulements antifriction \u00e0 usage g\u00e9n\u00e9ral fonctionnant \u00e0 des temp\u00e9ratures \u00e9lev\u00e9es. De plus, ses propri\u00e9t\u00e9s de faible fuite d\u2019huile offrent un avantage distinct l\u00e0 o\u00f9 une fuite minimale est critique.<\/p>\n","protected":false},"excerpt":{"rendered":"<p>UNIREX\u2122 graisses sont des produits lithium-complex de haute qualit\u00e9 adapt\u00e9s \u00e0 une utilisation \u00e0 des temp\u00e9ratures \u00e9lev\u00e9es dans les roulements \u00e0 \u00e9l\u00e9ments roulants. Ces graisses polyvalentes peuvent \u00eatre utilis\u00e9es dans une large gamme d&rsquo;applications industrielles et sont particuli\u00e8rement recommand\u00e9es pour la lubrification des moteurs \u00e9lectriques.<\/p>\n","protected":false},"featured_media":0,"template":"","meta":{"_acf_changed":false,"inline_featured_image":false},"product_brand":[],"product_cat":[217],"product_tag":[],"class_list":{"0":"post-9108","1":"product","2":"type-product","3":"status-publish","5":"product_cat-graisses","7":"first","8":"instock","9":"taxable","10":"shipping-taxable","11":"purchasable","12":"product-type-simple"},"acf":[],"_links":{"self":[{"href":"https:\/\/webshop.ingelbeen.be\/fr\/wp-json\/wp\/v2\/product\/9108","targetHints":{"allow":["GET"]}}],"collection":[{"href":"https:\/\/webshop.ingelbeen.be\/fr\/wp-json\/wp\/v2\/product"}],"about":[{"href":"https:\/\/webshop.ingelbeen.be\/fr\/wp-json\/wp\/v2\/types\/product"}],"wp:attachment":[{"href":"https:\/\/webshop.ingelbeen.be\/fr\/wp-json\/wp\/v2\/media?parent=9108"}],"wp:term":[{"taxonomy":"product_brand","embeddable":true,"href":"https:\/\/webshop.ingelbeen.be\/fr\/wp-json\/wp\/v2\/product_brand?post=9108"},{"taxonomy":"product_cat","embeddable":true,"href":"https:\/\/webshop.ingelbeen.be\/fr\/wp-json\/wp\/v2\/product_cat?post=9108"},{"taxonomy":"product_tag","embeddable":true,"href":"https:\/\/webshop.ingelbeen.be\/fr\/wp-json\/wp\/v2\/product_tag?post=9108"}],"curies":[{"name":"wp","href":"https:\/\/api.w.org\/{rel}","templated":true}]}}