{"id":9110,"date":"2024-04-30T13:10:43","date_gmt":"2024-04-30T12:10:43","guid":{"rendered":"https:\/\/ingelbeen.kneet.be\/product\/mobil-unirex-n-2\/"},"modified":"2024-06-26T16:14:25","modified_gmt":"2024-06-26T15:14:25","slug":"mobil-unirex-n-2","status":"publish","type":"product","link":"https:\/\/webshop.ingelbeen.be\/fr\/produit\/mobil-unirex-n-2\/","title":{"rendered":"Mobil Unirex N 2"},"content":{"rendered":"<div class=\"compensation des d\u00e9tails du produit\">\n<div class=\"description de l'attribut du produit\">\n<div class=\"description de la valeur\">\n<p>Les graisses UNIREX\u2122 N sont des produits au complexe de lithium de premi\u00e8re qualit\u00e9, adapt\u00e9s au service \u00e0 haute temp\u00e9rature dans les roulements. Ces graisses polyvalentes peuvent \u00eatre utilis\u00e9es dans une large gamme d&rsquo;applications industrielles et sont particuli\u00e8rement recommand\u00e9es pour la lubrification des moteurs \u00e9lectriques.<\/p>\n<p>Unirex N 2 dans un grade NLGI No. 2 et est pr\u00e9f\u00e9r\u00e9 dans la plupart des cas pour une application \u00e0 la main ou au pistolet graisseur.\u00a0UNIREX N 3 est une qualit\u00e9 NLGI n\u00b0 3 souvent utilis\u00e9e pour des applications sp\u00e9ciales telles que les roulements de moteurs \u00e9lectriques scell\u00e9s \u00e0 vie, les roulements mont\u00e9s verticalement et les applications \u00e0 vitesse plus \u00e9lev\u00e9e.\u00a0Les graisses UNIREX N ne sont pas destin\u00e9es \u00e0 \u00eatre utilis\u00e9es dans des conditions de pression extr\u00eames o\u00f9 des propri\u00e9t\u00e9s anti-soudure suppl\u00e9mentaires sont requises.<\/p>\n<p>UNIREX N 2 r\u00e9pond aux exigences de la Graisse Lubrifiante DIN 51825 &#8211; K2N &#8211; 20L et ISO L-XBDHA 2.<\/p>\n<p>UNIREX N 3 r\u00e9pond aux exigences de la Graisse Lubrifiante DIN 51825 &#8211; K3N &#8211; 20L et ISO L-XBDHA 3.<\/p>\n<\/div>\n<\/div>\n<\/div>\n<h2>Fonctionnalit\u00e9 et avantages potentiels<\/h2>\n<p>Les graisses Unirex N pr\u00e9sentent d&rsquo;excellentes performances \u00e0 hautes et basses temp\u00e9ratures, une r\u00e9sistance \u00e0 l&rsquo;eau et \u00e0 la corrosion et une longue dur\u00e9e de vie dans une gamme d&rsquo;applications de roulements.<\/p>\n<table class=\"table table-striped\">\n<t\u00eate><\/p>\n<tr>\n<th>Fonctionnalit\u00e9s<\/th>\n<th>Avantages et b\u00e9n\u00e9fices potentiels<\/th>\n<\/tr>\n<p><\/t\u00eate><br \/>\n<corps><\/p>\n<tr>\n<td>Excellentes performances \u00e0 haute temp\u00e9rature<\/td>\n<td>L&rsquo;\u00e9paississant au complexe de lithium r\u00e9siste au ramollissement\/\u00e0 l&rsquo;\u00e9puisement des roulements \u00e0 des temp\u00e9ratures allant jusqu&rsquo;\u00e0 190\u00b0C<\/td>\n<\/tr>\n<tr>\n<td>Dur\u00e9e de vie exceptionnelle de la graisse<\/td>\n<td>Les tests de roulements en laboratoire montrent des performances de lubrification continue exceptionnelles \u00e0 des temp\u00e9ratures de roulement allant jusqu&rsquo;\u00e0 140\u00a0\u00b0C<\/td>\n<\/tr>\n<tr>\n<td>Tr\u00e8s bonnes caract\u00e9ristiques \u00e0 basse temp\u00e9rature<\/td>\n<td>Les besoins en \u00e9nergie de d\u00e9marrage sont faibles \u00e0 des temp\u00e9ratures allant jusqu&rsquo;\u00e0 -20\u00a0\u00b0C au moins. Conforme aux exigences de couple \u00e0 basse temp\u00e9rature de la norme DIN 51825 \u00e0 -20\u00a0\u00b0C<\/td>\n<\/tr>\n<tr>\n<td>Excellente stabilit\u00e9 m\u00e9canique<\/td>\n<td>Pr\u00e9sente une excellente r\u00e9sistance au ramollissement d\u00fb au travail m\u00e9canique<\/td>\n<\/tr>\n<tr>\n<td>Excellente r\u00e9sistance \u00e0 l&rsquo;eau et \u00e0 la corrosion<\/td>\n<td>R\u00e9siste au lavage \u00e0 l&rsquo;eau et prot\u00e8ge les roulements contre la corrosion<\/td>\n<\/tr>\n<tr>\n<td>Excellentes performances dans les applications \u00e0 grande vitesse<\/td>\n<td>Les caract\u00e9ristiques de canalisation offrent d&rsquo;excellentes performances dans les roulements \u00e0 billes \u00e0 gorge profonde \u00e0 grande vitesse. Unirex N3 est recommand\u00e9 lorsque le DmN (diam\u00e8tre moyen du roulement X tr\/min) d\u00e9passe 360\u00a0000<\/td>\n<\/tr>\n<\/tbody>\n<\/table>\n<h2>Applications<\/h2>\n<p>UNIREX N 2 est un grade NLGI No. 2 et est pr\u00e9f\u00e9r\u00e9 dans la plupart des cas pour une application \u00e0 la main ou au pistolet graisseur. UNIREX N 2 est recommand\u00e9 pour la lubrification des moteurs \u00e9lectriques. Il convient aux moteurs de classe d&rsquo;isolation A, B et F de la NEMA (National Electric Manufacturer&rsquo;s Association).<\/p>\n<p>UNIREX N 3 est une qualit\u00e9 NLGI n\u00b0 3 et est utilis\u00e9 pour des applications sp\u00e9ciales telles que les roulements scell\u00e9s \u00e0 vie, les roulements mont\u00e9s verticalement et les roulements \u00e0 vitesse plus \u00e9lev\u00e9e.<\/p>\n<p>La plupart des utilisations d\u2019UNIREX N impliquent des m\u00e9thodes d\u2019application manuelles. Bien qu&rsquo;UNIREX N 2 soit adapt\u00e9 \u00e0 une utilisation dans des syst\u00e8mes centralis\u00e9s automatiques, les \u00e9quipements desservis par ces syst\u00e8mes ne n\u00e9cessitent normalement pas les propri\u00e9t\u00e9s de longue dur\u00e9e d&rsquo;UNIREX N, car l&rsquo;une des fonctions des syst\u00e8mes automatiques est de r\u00e9approvisionner en lubrifiant \u00e0 des intervalles de temps relativement courts. UNIREX N 3 ne doit pas \u00eatre utilis\u00e9 dans de tels syst\u00e8mes.<\/p>\n<h2>Sp\u00e9cifications et homologations<\/h2>\n<h3>Satisfait ou d\u00e9passe les exigences de<\/h3>\n<ul>\n<li>DIN 51825\u00a0: (2004-06)\u00a0: K3N-20L<\/li>\n<\/ul>\n","protected":false},"excerpt":{"rendered":"<p>UNIREX\u2122 graisses sont des produits lithium-complex de haute qualit\u00e9 adapt\u00e9s \u00e0 une utilisation \u00e0 des temp\u00e9ratures \u00e9lev\u00e9es dans les roulements \u00e0 \u00e9l\u00e9ments roulants. Ces graisses polyvalentes peuvent \u00eatre utilis\u00e9es dans une large gamme d&rsquo;applications industrielles et sont particuli\u00e8rement recommand\u00e9es pour la lubrification des moteurs \u00e9lectriques.<\/p>\n","protected":false},"featured_media":0,"template":"","meta":{"_acf_changed":false,"inline_featured_image":false},"product_brand":[],"product_cat":[217],"product_tag":[],"class_list":{"0":"post-9110","1":"product","2":"type-product","3":"status-publish","5":"product_cat-graisses","7":"first","8":"instock","9":"taxable","10":"shipping-taxable","11":"purchasable","12":"product-type-simple"},"acf":[],"_links":{"self":[{"href":"https:\/\/webshop.ingelbeen.be\/fr\/wp-json\/wp\/v2\/product\/9110","targetHints":{"allow":["GET"]}}],"collection":[{"href":"https:\/\/webshop.ingelbeen.be\/fr\/wp-json\/wp\/v2\/product"}],"about":[{"href":"https:\/\/webshop.ingelbeen.be\/fr\/wp-json\/wp\/v2\/types\/product"}],"wp:attachment":[{"href":"https:\/\/webshop.ingelbeen.be\/fr\/wp-json\/wp\/v2\/media?parent=9110"}],"wp:term":[{"taxonomy":"product_brand","embeddable":true,"href":"https:\/\/webshop.ingelbeen.be\/fr\/wp-json\/wp\/v2\/product_brand?post=9110"},{"taxonomy":"product_cat","embeddable":true,"href":"https:\/\/webshop.ingelbeen.be\/fr\/wp-json\/wp\/v2\/product_cat?post=9110"},{"taxonomy":"product_tag","embeddable":true,"href":"https:\/\/webshop.ingelbeen.be\/fr\/wp-json\/wp\/v2\/product_tag?post=9110"}],"curies":[{"name":"wp","href":"https:\/\/api.w.org\/{rel}","templated":true}]}}