{"id":9120,"date":"2024-04-30T13:10:43","date_gmt":"2024-04-30T12:10:43","guid":{"rendered":"https:\/\/ingelbeen.kneet.be\/product\/mobil-univis-hvi-26-2\/"},"modified":"2024-06-26T16:14:25","modified_gmt":"2024-06-26T15:14:25","slug":"mobil-univis-hvi-26-2","status":"publish","type":"product","link":"https:\/\/webshop.ingelbeen.be\/fr\/produit\/mobil-univis-hvi-26-2\/","title":{"rendered":"Mobil Univis HVI 26"},"content":{"rendered":"<div class=\"compensation des d\u00e9tails du produit\">\n<div class=\"description de l'attribut du produit\">\n<div class=\"description de la valeur\">\n<p>Univis HVI est une gamme d&rsquo;huiles hydrauliques anti-usure de haute performance caract\u00e9ris\u00e9es par leurs indices de viscosit\u00e9 inhabituellement \u00e9lev\u00e9s. Ils sont con\u00e7us pour maintenir un contr\u00f4le \u00e9troit de la viscosit\u00e9 sur une large plage de temp\u00e9ratures. En raison de leur r\u00e9sistance aux changements de viscosit\u00e9, les huiles Univis HVI sont recommand\u00e9es pour les syst\u00e8mes hydrauliques soumis \u00e0 de fortes variations de temp\u00e9rature. Beaucoup de ces syst\u00e8mes sont sensibles aux changements de viscosit\u00e9 de l\u2019huile hydraulique, car ils d\u00e9pendent d\u2019une viscosit\u00e9 uniforme pour la pr\u00e9cision hydraulique. Elles pr\u00e9sentent des caract\u00e9ristiques de d\u00e9bit optimales \u00e0 des temp\u00e9ratures inf\u00e9rieures \u00e0 z\u00e9ro et les huiles r\u00e9sistent au cisaillement et \u00e0 la perte de viscosit\u00e9, de sorte que l&rsquo;efficacit\u00e9 du syst\u00e8me est maintenue et que les fuites internes de la pompe sont minimis\u00e9es \u00e0 des temp\u00e9ratures et pressions de fonctionnement \u00e9lev\u00e9es. Ces huiles hydrauliques de haute qualit\u00e9 offrent \u00e9galement une tr\u00e8s bonne protection anti-usure pour les pompes haute pression \u00e0 palettes, \u00e0 pistons et \u00e0 engrenages. Les huiles Univis HVI sont con\u00e7ues avec une excellente stabilit\u00e9 \u00e0 l&rsquo;oxydation, r\u00e9duisant la formation de d\u00e9p\u00f4ts et am\u00e9liorant les performances des pompes et des vannes. Ils ont \u00e9t\u00e9 d\u00e9velopp\u00e9s en collaboration avec les principaux \u00e9quipementiers pour r\u00e9pondre aux exigences strictes des syst\u00e8mes hydrauliques s\u00e9v\u00e8res utilisant des pompes haute pression et \u00e0 haut d\u00e9bit ainsi que pour r\u00e9pondre aux exigences critiques d&rsquo;autres composants du syst\u00e8me hydraulique.<\/p>\n<\/div>\n<\/div>\n<\/div>\n<h2>Fonctionnalit\u00e9 et avantages potentiels<\/h2>\n<p>Les huiles Univis HVI offrent un contr\u00f4le de viscosit\u00e9 exceptionnel sur une large plage de temp\u00e9ratures. Leur excellente r\u00e9sistance \u00e0 l\u2019oxydation permet de prolonger les intervalles de changement d\u2019huile et de filtre tout en garantissant la propret\u00e9 des syst\u00e8mes. Leur haut niveau de propri\u00e9t\u00e9s anti-usure et leurs excellentes caract\u00e9ristiques de r\u00e9sistance du film se traduisent par des performances exceptionnelles des \u00e9quipements qui entra\u00eenent non seulement moins de pannes, mais contribuent \u00e9galement \u00e0 am\u00e9liorer la capacit\u00e9 de production. Leur d\u00e9mulsibilit\u00e9 contr\u00f4l\u00e9e permet aux huiles de bien fonctionner dans les syst\u00e8mes contamin\u00e9s par de petites quantit\u00e9s d&rsquo;eau tout en s\u00e9parant facilement de grandes quantit\u00e9s d&rsquo;eau.<\/p>\n<p>Les huiles Univis HVI offrent les avantages suivants :<\/p>\n<ul>\n<li>Un indice de viscosit\u00e9 inhabituellement \u00e9lev\u00e9 et d&rsquo;excellentes caract\u00e9ristiques de contr\u00f4le de la viscosit\u00e9 am\u00e9liorent la pr\u00e9cision de la machine et r\u00e9duisent le couple<\/li>\n<li>Des points d&rsquo;\u00e9coulement tr\u00e8s bas maintiennent d&rsquo;excellentes conditions de fluidit\u00e9 \u00e0 basse temp\u00e9rature<\/li>\n<li>Convient aux \u00e9quipements hydrauliques fonctionnant dans des conditions tr\u00e8s froides, tels que les entrep\u00f4ts frigorifiques et les \u00e9quipements mobiles fonctionnant dans des climats tr\u00e8s froids.<\/li>\n<li>Op\u00e9rations hydrauliques hautes performances et fluides d\u00e9riv\u00e9es d&rsquo;un contr\u00f4le uniforme de la viscosit\u00e9, d&rsquo;une lib\u00e9ration d&rsquo;air rapide, d&rsquo;un tr\u00e8s bon contr\u00f4le de la mousse et d&rsquo;une bonne s\u00e9parabilit\u00e9 de l&rsquo;eau<\/li>\n<li>Une protection exceptionnelle contre la rouille et la corrosion r\u00e9duit les effets n\u00e9gatifs de l&rsquo;humidit\u00e9 sur les composants du syst\u00e8me<\/li>\n<li>La stabilit\u00e9 efficace \u00e0 l&rsquo;oxydation r\u00e9duit les d\u00e9p\u00f4ts et am\u00e9liore les performances des vannes<\/li>\n<\/ul>\n<h2>Applications<\/h2>\n<ul>\n<li>Les syst\u00e8mes hydrauliques sont essentiels pour uniformiser la viscosit\u00e9 de l&rsquo;huile hydraulique sur une large plage de temp\u00e9ratures<\/li>\n<li>Transmissions hydrostatiques et pots de tableau de bord<\/li>\n<li>Ils peuvent \u00e9galement \u00eatre utilis\u00e9s dans des instruments fins et d&rsquo;autres m\u00e9canismes o\u00f9 la puissance absorb\u00e9e est limit\u00e9e et o\u00f9 les augmentations de couple dues \u00e0 l&rsquo;\u00e9paississement du lubrifiant ne peuvent pas \u00eatre tol\u00e9r\u00e9es.<\/li>\n<li>Pour r\u00e9duire la formation de d\u00e9p\u00f4ts dans les \u00e9quipements utilisant des servovalves \u00e0 jeu r\u00e9duit<\/li>\n<li>Syst\u00e8mes caract\u00e9ris\u00e9s par un d\u00e9marrage \u00e0 froid et des temp\u00e9ratures de fonctionnement \u00e9lev\u00e9es<\/li>\n<li>Syst\u00e8mes n\u00e9cessitant un degr\u00e9 \u00e9lev\u00e9 de capacit\u00e9 de charge et de protection anti-usure<\/li>\n<li>Applications dans lesquelles la protection contre la rouille et la corrosion est un atout, telles que les syst\u00e8mes dans lesquels de petites quantit\u00e9s d&rsquo;eau sont in\u00e9vitables.<\/li>\n<\/ul>\n","protected":false},"excerpt":{"rendered":"<p>Univis HVI est une gamme d&rsquo;huiles hydrauliques anti-usure de haute qualit\u00e9 caract\u00e9ris\u00e9es par leur indice de viscosit\u00e9 exceptionnellement \u00e9lev\u00e9. Elles sont formul\u00e9es pour maintenir une viscosit\u00e9 aussi stable que possible dans des applications avec des temp\u00e9ratures de fonctionnement tr\u00e8s variables.<\/p>\n","protected":false},"featured_media":10105,"template":"","meta":{"_acf_changed":false,"inline_featured_image":false},"product_brand":[],"product_cat":[219],"product_tag":[],"class_list":{"0":"post-9120","1":"product","2":"type-product","3":"status-publish","4":"has-post-thumbnail","6":"product_cat-huiles-hydrauliques","8":"first","9":"instock","10":"taxable","11":"shipping-taxable","12":"purchasable","13":"product-type-simple"},"acf":[],"_links":{"self":[{"href":"https:\/\/webshop.ingelbeen.be\/fr\/wp-json\/wp\/v2\/product\/9120","targetHints":{"allow":["GET"]}}],"collection":[{"href":"https:\/\/webshop.ingelbeen.be\/fr\/wp-json\/wp\/v2\/product"}],"about":[{"href":"https:\/\/webshop.ingelbeen.be\/fr\/wp-json\/wp\/v2\/types\/product"}],"wp:featuredmedia":[{"embeddable":true,"href":"https:\/\/webshop.ingelbeen.be\/fr\/wp-json\/wp\/v2\/media\/10105"}],"wp:attachment":[{"href":"https:\/\/webshop.ingelbeen.be\/fr\/wp-json\/wp\/v2\/media?parent=9120"}],"wp:term":[{"taxonomy":"product_brand","embeddable":true,"href":"https:\/\/webshop.ingelbeen.be\/fr\/wp-json\/wp\/v2\/product_brand?post=9120"},{"taxonomy":"product_cat","embeddable":true,"href":"https:\/\/webshop.ingelbeen.be\/fr\/wp-json\/wp\/v2\/product_cat?post=9120"},{"taxonomy":"product_tag","embeddable":true,"href":"https:\/\/webshop.ingelbeen.be\/fr\/wp-json\/wp\/v2\/product_tag?post=9120"}],"curies":[{"name":"wp","href":"https:\/\/api.w.org\/{rel}","templated":true}]}}