{"id":9122,"date":"2024-04-30T13:10:43","date_gmt":"2024-04-30T12:10:43","guid":{"rendered":"https:\/\/ingelbeen.kneet.be\/product\/mobil-univis-n-32\/"},"modified":"2024-06-26T16:14:26","modified_gmt":"2024-06-26T15:14:26","slug":"mobil-univis-n-32","status":"publish","type":"product","link":"https:\/\/webshop.ingelbeen.be\/fr\/produit\/mobil-univis-n-32\/","title":{"rendered":"Mobil Univis N 32"},"content":{"rendered":"<div class=\"compensation des d\u00e9tails du produit\">\n<div class=\"description de l'attribut du produit\">\n<div class=\"description de la valeur\">\n<p>Les huiles Univis\u2122 s\u00e9rie N sont des huiles hydrauliques anti-usure hautes performances haut de gamme con\u00e7ues pour satisfaire un large \u00e9ventail d\u2019exigences en mati\u00e8re d\u2019\u00e9quipements hydrauliques. Les produits pr\u00e9sentent des indices de viscosit\u00e9 \u00e9lev\u00e9s contribuant \u00e0 leurs excellentes propri\u00e9t\u00e9s \u00e0 basse et haute temp\u00e9rature, ce qui en fait un excellent choix pour les \u00e9quipements soumis \u00e0 une large plage de temp\u00e9ratures de d\u00e9marrage et de fonctionnement. Les huiles Univis s\u00e9rie N sont formul\u00e9es avec une bonne stabilit\u00e9 au cisaillement, permettant leur utilisation dans des environnements de fonctionnement \u00e0 haute pression et haute temp\u00e9rature pendant des p\u00e9riodes prolong\u00e9es. Ils offrent une longue dur\u00e9e de vie de l&rsquo;huile\/du filtre et une protection optimale de l&rsquo;\u00e9quipement, r\u00e9duisant \u00e0 la fois les co\u00fbts de maintenance et les co\u00fbts d&rsquo;\u00e9limination des produits. Les huiles Univis s\u00e9rie N sont formul\u00e9es avec des huiles de base s\u00e9lectionn\u00e9es de haute qualit\u00e9 et un syst\u00e8me d&rsquo;additifs soigneusement s\u00e9lectionn\u00e9s qui offrent de tr\u00e8s bonnes propri\u00e9t\u00e9s anti-usure, une protection contre la rouille et la corrosion, une bonne d\u00e9s\u00e9mulsibilit\u00e9, une r\u00e9sistance \u00e0 l&rsquo;oxydation, de bonnes propri\u00e9t\u00e9s anti-mousse et une lib\u00e9ration rapide de l&rsquo;air. Ils sont con\u00e7us pour fonctionner avec des syst\u00e8mes fonctionnant dans des conditions mod\u00e9r\u00e9es o\u00f9 des niveaux \u00e9lev\u00e9s de protection anti-usure sont n\u00e9cessaires.<\/p>\n<\/div>\n<\/div>\n<\/div>\n<h2>Fonctionnalit\u00e9 et avantages potentiels<\/h2>\n<p>L&rsquo;utilisation des huiles hydrauliques Univis s\u00e9rie N peut entra\u00eener moins d&rsquo;usure et de corrosion. Cela se traduit par des p\u00e9riodes de fonctionnement plus longues et des co\u00fbts de maintenance r\u00e9duits. Leur excellente stabilit\u00e9 \u00e0 l\u2019oxydation et thermique permet une dur\u00e9e de vie prolong\u00e9e tout en contr\u00f4lant la formation de boues et de d\u00e9p\u00f4ts. Univis N pr\u00e9sente de tr\u00e8s bonnes caract\u00e9ristiques d&rsquo;\u00e9coulement \u00e0 basse temp\u00e9rature et une bonne protection \u00e0 temp\u00e9rature \u00e9lev\u00e9e.<\/p>\n<ul>\n<li>\n<div>Un indice de viscosit\u00e9 \u00e9lev\u00e9 et une bonne stabilit\u00e9 au cisaillement maintiennent d&rsquo;excellentes caract\u00e9ristiques de viscosit\u00e9 pendant de longues p\u00e9riodes<\/div>\n<\/li>\n<li>\n<div>Des points d&rsquo;\u00e9coulement bas maintiennent de bonnes conditions de fluidit\u00e9 \u00e0 basses temp\u00e9ratures<\/div>\n<\/li>\n<li>\n<div>Hautes performances et op\u00e9rations hydrauliques fluides d\u00e9riv\u00e9es d&rsquo;une lib\u00e9ration d&rsquo;air rapide, d&rsquo;un tr\u00e8s bon contr\u00f4le de la mousse et d&rsquo;une bonne s\u00e9parabilit\u00e9 de l&rsquo;eau<\/div>\n<\/li>\n<li>\n<div>Une protection exceptionnelle contre la corrosion r\u00e9duit les effets n\u00e9gatifs de l&rsquo;humidit\u00e9 sur les composants du syst\u00e8me<\/div>\n<\/li>\n<li>\n<div>Les caract\u00e9ristiques efficaces d&rsquo;oxydation et de stabilit\u00e9 thermique r\u00e9duisent les d\u00e9p\u00f4ts et am\u00e9liorent les performances de la vanne<\/div>\n<\/li>\n<\/ul>\n<h2>Applications<\/h2>\n<ul>\n<li>\n<div>Univis N peut \u00eatre utilis\u00e9 dans une grande vari\u00e9t\u00e9 d&rsquo;applications industrielles, mobiles et marines<\/div>\n<\/li>\n<li>\n<div>Syst\u00e8mes o\u00f9 de faibles temp\u00e9ratures de d\u00e9marrage et des temp\u00e9ratures de fonctionnement \u00e9lev\u00e9es sont typiques<\/div>\n<\/li>\n<li>\n<div>Syst\u00e8mes hydrauliques n\u00e9cessitant des huiles anti-usure<\/div>\n<\/li>\n<li>\n<div>Syst\u00e8mes contenant des engrenages et des roulements pour lesquels de l\u00e9g\u00e8res caract\u00e9ristiques anti-usure sont souhaitables<\/div>\n<\/li>\n<li>\n<div>Syst\u00e8mes n\u00e9cessitant un haut degr\u00e9 de capacit\u00e9 de charge et une protection anti-usure<\/div>\n<\/li>\n<li>\n<div>Applications o\u00f9 l&rsquo;humidit\u00e9 est pr\u00e9sente et o\u00f9 une bonne protection contre la corrosion est un atout<\/div>\n<\/li>\n<li>\n<div>Machines employant une large gamme de composants utilisant diverses m\u00e9tallurgies dans leurs conceptions<\/div>\n<\/li>\n<\/ul>\n<h2>Sp\u00e9cifications et homologations<\/h2>\n<h3>Satisfait ou d\u00e9passe les exigences de<\/h3>\n<ul>\n<li>DIN 51524-3 2006-9<\/li>\n<li>ISO L-HV (ISO\u00a011158, 1997)<\/li>\n<\/ul>\n<h3>Ce produit r\u00e9pond aux exigences selon Exxonmobil<\/h3>\n<ul>\n<li>Eaton\u00a0I-286-S<\/li>\n<li>Eaton M-2950-S<\/li>\n<\/ul>\n<h3>Ce produit poss\u00e8de les approbations de constructeur suivantes<\/h3>\n<ul>\n<li>Denison HF-0<\/li>\n<li>Denison HF-1<\/li>\n<li>Denison HF-2<\/li>\n<\/ul>\n","protected":false},"excerpt":{"rendered":"<p>La s\u00e9rie Univis\u2122 N est une gamme d&rsquo;huiles hydrauliques anti-usure de haute qualit\u00e9 formul\u00e9es pour r\u00e9pondre \u00e0 une large gamme d&rsquo;exigences pour les syst\u00e8mes hydrauliques.<\/p>\n","protected":false},"featured_media":10105,"template":"","meta":{"_acf_changed":false,"inline_featured_image":false},"product_brand":[],"product_cat":[219],"product_tag":[],"class_list":{"0":"post-9122","1":"product","2":"type-product","3":"status-publish","4":"has-post-thumbnail","6":"product_cat-huiles-hydrauliques","8":"first","9":"instock","10":"taxable","11":"shipping-taxable","12":"purchasable","13":"product-type-simple"},"acf":[],"_links":{"self":[{"href":"https:\/\/webshop.ingelbeen.be\/fr\/wp-json\/wp\/v2\/product\/9122","targetHints":{"allow":["GET"]}}],"collection":[{"href":"https:\/\/webshop.ingelbeen.be\/fr\/wp-json\/wp\/v2\/product"}],"about":[{"href":"https:\/\/webshop.ingelbeen.be\/fr\/wp-json\/wp\/v2\/types\/product"}],"wp:featuredmedia":[{"embeddable":true,"href":"https:\/\/webshop.ingelbeen.be\/fr\/wp-json\/wp\/v2\/media\/10105"}],"wp:attachment":[{"href":"https:\/\/webshop.ingelbeen.be\/fr\/wp-json\/wp\/v2\/media?parent=9122"}],"wp:term":[{"taxonomy":"product_brand","embeddable":true,"href":"https:\/\/webshop.ingelbeen.be\/fr\/wp-json\/wp\/v2\/product_brand?post=9122"},{"taxonomy":"product_cat","embeddable":true,"href":"https:\/\/webshop.ingelbeen.be\/fr\/wp-json\/wp\/v2\/product_cat?post=9122"},{"taxonomy":"product_tag","embeddable":true,"href":"https:\/\/webshop.ingelbeen.be\/fr\/wp-json\/wp\/v2\/product_tag?post=9122"}],"curies":[{"name":"wp","href":"https:\/\/api.w.org\/{rel}","templated":true}]}}