{"id":9144,"date":"2024-04-30T13:10:42","date_gmt":"2024-04-30T12:10:42","guid":{"rendered":"https:\/\/ingelbeen.kneet.be\/product\/mobil-super-3000-formula-vc-0w30-bag-in-box\/"},"modified":"2024-06-26T16:14:22","modified_gmt":"2024-06-26T15:14:22","slug":"mobil-super-3000-formula-vc-0w30-bag-in-box","status":"publish","type":"product","link":"https:\/\/webshop.ingelbeen.be\/fr\/produit\/mobil-super-3000-formula-vc-0w30-bag-in-box\/","title":{"rendered":"Mobil Super 3000 FORMULA VC 0W30 Bag-in-Box"},"content":{"rendered":"<h2>Fonctionnalit\u00e9 et avantages potentiels<\/h2>\n<p> \u2022\u00a0Excellentes capacit\u00e9s \u00e0 basse temp\u00e9rature pour un d\u00e9marrage fiable par temps froid permettant un d\u00e9marrage rapide du moteur.<\/p>\n<h2>Applications<\/h2>\n<p> Mobil Super 3000 Formula VC 0W-30 \u00e0 utiliser pour les moteurs essence et diesel 5 cylindres n\u00e9cessitant la sp\u00e9cification Volvo VCC 95200377.<\/p>\n<p> Le manuel du propri\u00e9taire doit \u00eatre consult\u00e9 pour conna\u00eetre les niveaux de viscosit\u00e9 et les sp\u00e9cifications recommand\u00e9s.<\/p>\n","protected":false},"excerpt":{"rendered":"<p>Mobil Super\u2122 3000 Formula VC 0W-30 est une huile moteur haute performance approuv\u00e9e selon la sp\u00e9cification d&rsquo;huile moteur Volvo Car Corporation Volvo VCC 95200377.<\/p>\n","protected":false},"featured_media":10291,"template":"","meta":{"_acf_changed":false,"inline_featured_image":false},"product_brand":[],"product_cat":[214],"product_tag":[],"class_list":{"0":"post-9144","1":"product","2":"type-product","3":"status-publish","4":"has-post-thumbnail","6":"product_cat-huiles-moteurs","8":"first","9":"instock","10":"taxable","11":"shipping-taxable","12":"purchasable","13":"product-type-simple"},"acf":[],"_links":{"self":[{"href":"https:\/\/webshop.ingelbeen.be\/fr\/wp-json\/wp\/v2\/product\/9144","targetHints":{"allow":["GET"]}}],"collection":[{"href":"https:\/\/webshop.ingelbeen.be\/fr\/wp-json\/wp\/v2\/product"}],"about":[{"href":"https:\/\/webshop.ingelbeen.be\/fr\/wp-json\/wp\/v2\/types\/product"}],"wp:featuredmedia":[{"embeddable":true,"href":"https:\/\/webshop.ingelbeen.be\/fr\/wp-json\/wp\/v2\/media\/10291"}],"wp:attachment":[{"href":"https:\/\/webshop.ingelbeen.be\/fr\/wp-json\/wp\/v2\/media?parent=9144"}],"wp:term":[{"taxonomy":"product_brand","embeddable":true,"href":"https:\/\/webshop.ingelbeen.be\/fr\/wp-json\/wp\/v2\/product_brand?post=9144"},{"taxonomy":"product_cat","embeddable":true,"href":"https:\/\/webshop.ingelbeen.be\/fr\/wp-json\/wp\/v2\/product_cat?post=9144"},{"taxonomy":"product_tag","embeddable":true,"href":"https:\/\/webshop.ingelbeen.be\/fr\/wp-json\/wp\/v2\/product_tag?post=9144"}],"curies":[{"name":"wp","href":"https:\/\/api.w.org\/{rel}","templated":true}]}}