{"id":9152,"date":"2024-04-30T13:10:42","date_gmt":"2024-04-30T12:10:42","guid":{"rendered":"https:\/\/ingelbeen.kneet.be\/product\/mobil-super-3000-x1-5w-40-4\/"},"modified":"2024-06-26T16:14:23","modified_gmt":"2024-06-26T15:14:23","slug":"mobil-super-3000-x1-5w-40-4","status":"publish","type":"product","link":"https:\/\/webshop.ingelbeen.be\/fr\/produit\/mobil-super-3000-x1-5w-40-4\/","title":{"rendered":"Mobil Super 3000 X1 5W-40"},"content":{"rendered":"<div class=\"compensation des d\u00e9tails du produit\">\n<div class=\"description de l'attribut du produit\">\n<div class=\"description de la valeur\">\n<p> Mobil Super\u2122 3000 X1 5W-40 est une huile moteur enti\u00e8rement synth\u00e9tique qui offre une longue dur\u00e9e de vie du moteur pour de nombreux types et composants. \u00e2ges des v\u00e9hicules avec une protection renforc\u00e9e sur une large plage de temp\u00e9ratures.<\/p><\/div><\/div><\/div>\n<h2>Fonctionnalit\u00e9 et avantages potentiels<\/h2>\n<p> Les produits Mobil Super 3000 sont \u00e9prouv\u00e9s dans l&rsquo;industrie, vous pouvez donc \u00eatre s\u00fbr que vous obtiendrez les performances que vous attendez de votre v\u00e9hicule. Mobil Super 3000 X1 5W-40 apporte :<\/p>\n<ul>\n<li>Protection am\u00e9lior\u00e9e contre les hautes temp\u00e9ratures<\/li>\n<li>Performances am\u00e9lior\u00e9es au d\u00e9marrage \u00e0 froid<\/li>\n<li>Am\u00e9lioration de la propret\u00e9 du moteur et de la pr\u00e9vention des boues<\/li>\n<li>Protection am\u00e9lior\u00e9e contre l&rsquo;usure<\/li>\n<\/ul>\n<h2>Applications<\/h2>\n<p> Les produits Mobil Super 3000 sont formul\u00e9s pour vous offrir une protection sup\u00e9rieure \u00e0 celle des huiles conventionnelles ou semi-synth\u00e9tiques. ExxonMobil recommande Mobil Super 3000 X1 5W-40 si vous rencontrez r\u00e9guli\u00e8rement des conditions exigeantes dans lesquelles il peut aider \u00e0 lutter contre les dommages caus\u00e9s par des contraintes fr\u00e9quentes et \u00e9lev\u00e9es du moteur\u00a0:<\/p>\n<ul>\n<li>De nombreuses technologies de moteur<\/li>\n<li>Essence et diesel sans filtres \u00e0 particules diesel (DPF)<\/li>\n<li>Voitures particuli\u00e8res, SUV, camions l\u00e9gers et fourgonnettes<\/li>\n<li>Croisi\u00e8re sur autoroute et conduite en ville avec arr\u00eats et d\u00e9parts<\/li>\n<li>Moteurs hautes performances<\/li>\n<li>Conditions de fonctionnement normales \u00e0 fr\u00e9quemment s\u00e9v\u00e8res<\/li>\n<li>Turbocompresseurs et moteurs \u00e0 injection directe<\/li>\n<\/ul>\n<p> Consultez toujours votre manuel du propri\u00e9taire pour v\u00e9rifier le degr\u00e9 de viscosit\u00e9 recommand\u00e9 et les sp\u00e9cifications de votre v\u00e9hicule particulier.<\/p>\n<h2>Sp\u00e9cifications et homologations<\/h2>\n<h3>Satisfait ou d\u00e9passe les exigences de<\/h3>\n<ul>\n<li>ACEA\u00a0A3\/B3, A3\/B4<\/li>\n<li>AAE (STO 003) Groupe B6<\/li>\n<\/ul>\n<h3>Ce produit r\u00e9pond aux exigences selon Exxonmobil<\/h3>\n<ul>\n<li>Opel GM-LL-B-025<\/li>\n<\/ul>\n<h3>Ce produit poss\u00e8de les approbations de constructeur suivantes<\/h3>\n<ul>\n<li>MB-blad 229,3<\/li>\n<li>VW502 00\/505 00<\/li>\n<li>BMW Longlife-01<\/li>\n<li>Porsche A40<\/li>\n<li>Peugeot\/Citro\u00ebn Voertuigen B71 2296<\/li>\n<li>Renault RN0710 \/ RN0700<\/li>\n<li>AVTOVAZ (automobiles LADA)<\/li>\n<\/ul>\n<div class=\"li\u00e9 au bloc\" data-limit=\"0\" data-shuffle=\"0\"><\/div>\n","protected":false},"excerpt":{"rendered":"<p>Mobil Super\u2122 3000 X1 5W-40 est une huile moteur enti\u00e8rement synth\u00e9tique qui offre une longue dur\u00e9e de vie du moteur et une protection am\u00e9lior\u00e9e sur une large plage de temp\u00e9ratures pour le moteur de nombreux types de v\u00e9hicules de diff\u00e9rents \u00e2ges.<\/p>\n","protected":false},"featured_media":10379,"template":"","meta":{"_acf_changed":false,"inline_featured_image":false},"product_brand":[],"product_cat":[214],"product_tag":[],"class_list":{"0":"post-9152","1":"product","2":"type-product","3":"status-publish","4":"has-post-thumbnail","6":"product_cat-huiles-moteurs","8":"first","9":"instock","10":"taxable","11":"shipping-taxable","12":"purchasable","13":"product-type-simple"},"acf":[],"_links":{"self":[{"href":"https:\/\/webshop.ingelbeen.be\/fr\/wp-json\/wp\/v2\/product\/9152","targetHints":{"allow":["GET"]}}],"collection":[{"href":"https:\/\/webshop.ingelbeen.be\/fr\/wp-json\/wp\/v2\/product"}],"about":[{"href":"https:\/\/webshop.ingelbeen.be\/fr\/wp-json\/wp\/v2\/types\/product"}],"wp:featuredmedia":[{"embeddable":true,"href":"https:\/\/webshop.ingelbeen.be\/fr\/wp-json\/wp\/v2\/media\/10379"}],"wp:attachment":[{"href":"https:\/\/webshop.ingelbeen.be\/fr\/wp-json\/wp\/v2\/media?parent=9152"}],"wp:term":[{"taxonomy":"product_brand","embeddable":true,"href":"https:\/\/webshop.ingelbeen.be\/fr\/wp-json\/wp\/v2\/product_brand?post=9152"},{"taxonomy":"product_cat","embeddable":true,"href":"https:\/\/webshop.ingelbeen.be\/fr\/wp-json\/wp\/v2\/product_cat?post=9152"},{"taxonomy":"product_tag","embeddable":true,"href":"https:\/\/webshop.ingelbeen.be\/fr\/wp-json\/wp\/v2\/product_tag?post=9152"}],"curies":[{"name":"wp","href":"https:\/\/api.w.org\/{rel}","templated":true}]}}