{"id":9162,"date":"2024-04-30T13:10:42","date_gmt":"2024-04-30T12:10:42","guid":{"rendered":"https:\/\/ingelbeen.kneet.be\/product\/mobil-super-3000-x1-formula-fe-5w30-bag-in-box\/"},"modified":"2024-06-26T16:14:23","modified_gmt":"2024-06-26T15:14:23","slug":"mobil-super-3000-x1-formula-fe-5w30-bag-in-box","status":"publish","type":"product","link":"https:\/\/webshop.ingelbeen.be\/fr\/produit\/mobil-super-3000-x1-formula-fe-5w30-bag-in-box\/","title":{"rendered":"Mobil Super 3000 X1 FORMULA FE 5W30 Bag-in-Box"},"content":{"rendered":"<div class=\"compensation des d\u00e9tails du produit\">\n<div class=\"description de l'attribut du produit\">\n<div class=\"description de la valeur\">\n<div class=\"compensation des d\u00e9tails du produit\">\n<div class=\"description de l'attribut du produit\">\n<div class=\"description de la valeur\">\n<p> Mobil Super\u2122 3000 X1 Formula FE 5W-30 est une huile moteur enti\u00e8rement synth\u00e9tique qui offre une longue dur\u00e9e de vie du moteur pour de nombreux types et moteurs. \u00e2ges des v\u00e9hicules avec une protection renforc\u00e9e sur une large plage de temp\u00e9ratures.<\/p><\/div><\/div><\/div><\/div><\/div><\/div>\n<h2>Fonctionnalit\u00e9 et avantages potentiels<\/h2>\n<p> Les produits Mobil Super 3000 sont \u00e9prouv\u00e9s dans l&rsquo;industrie, vous pouvez donc \u00eatre s\u00fbr que vous obtiendrez les performances que vous attendez de votre v\u00e9hicule. Mobil Super 3000 X1 Formula FE 5W-30 fournit\u00a0:<\/p>\n<ul>\n<li>Protection am\u00e9lior\u00e9e contre les hautes temp\u00e9ratures<\/li>\n<li>Performances am\u00e9lior\u00e9es au d\u00e9marrage \u00e0 froid<\/li>\n<li>Am\u00e9lioration de la propret\u00e9 du moteur et de la pr\u00e9vention des boues<\/li>\n<li>Protection am\u00e9lior\u00e9e contre l&rsquo;usure<\/li>\n<li>Aide \u00e0 r\u00e9aliser des \u00e9conomies de carburant (conform\u00e9ment \u00e0 l&rsquo;ACEA\u00a0A5\/B5)<\/li>\n<\/ul>\n<h2>Applications<\/h2>\n<p> Les produits Mobil Super 3000 sont formul\u00e9s pour vous offrir une protection sup\u00e9rieure \u00e0 celle des huiles conventionnelles ou semi-synth\u00e9tiques. ExxonMobil recommande Mobil Super 3000 X1 Formula FE 5W-30 si vous rencontrez r\u00e9guli\u00e8rement des conditions exigeantes o\u00f9 elle peut aider \u00e0 combattre les dommages caus\u00e9s par des contraintes fr\u00e9quentes et \u00e9lev\u00e9es du moteur. Mobil Super 3000 X1 Formula FE 5W-30 peut \u00eatre utilis\u00e9 dans une vari\u00e9t\u00e9 d&rsquo;automobiles, de camions l\u00e9gers et de fourgonnettes \u00e0 essence et diesel con\u00e7us pour utiliser une huile moteur \u00e0 faible viscosit\u00e9 (HTHS).<\/p>\n<p> Mobil Super 3000 X1 Formula FE 5W-30 est principalement destin\u00e9 \u00e0 r\u00e9pondre aux exigences de Ford, mais convient \u00e9galement \u00e0 une utilisation dans d&rsquo;autres v\u00e9hicules o\u00f9 les all\u00e9gations de viscosit\u00e9 et de qualit\u00e9 sont appropri\u00e9es.<\/p>\n<p> Mobil Super 3000 X1 Formula FE 5W-30 peut \u00eatre utilis\u00e9 dans tous les moteurs n\u00e9cessitant le WSS-M2C913-D et peut toujours \u00eatre utilis\u00e9 partout o\u00f9 le WSS-M2C913-C est recommand\u00e9.<\/p>\n<p> Consultez toujours votre manuel du propri\u00e9taire pour v\u00e9rifier le degr\u00e9 de viscosit\u00e9 recommand\u00e9 et les sp\u00e9cifications de votre v\u00e9hicule particulier.<\/p>\n<h2>Sp\u00e9cifications et homologations<\/h2>\n<h3>Satisfait ou d\u00e9passe les exigences de<\/h3>\n<ul>\n<li>ACEA\u00a0A5\/B5<\/li>\n<li>API SL<\/li>\n<li>Exigences de test du moteur API SN<\/li>\n<li>Ford WSS-M2C913-C<\/li>\n<li>Ford WSS-M2C913-D<\/li>\n<\/ul>\n<h3>Ce produit r\u00e9pond aux exigences selon Exxonmobil<\/h3>\n<ul>\n<li>API\u00a0CF<\/li>\n<\/ul>\n<h3>Ce produit poss\u00e8de les approbations de constructeur suivantes<\/h3>\n<ul>\n<li>Jaguar Land Rover STJLR.03.5003<\/li>\n<\/ul>\n","protected":false},"excerpt":{"rendered":"<p>Mobil Super\u2122 3000 X1 Formula FE 5W-30 est une huile moteur enti\u00e8rement synth\u00e9tique qui offre une longue dur\u00e9e de vie du moteur et une protection am\u00e9lior\u00e9e sur une large plage de temp\u00e9ratures pour le moteur de nombreux types de v\u00e9hicules de diff\u00e9rents \u00e2ges.<\/p>\n","protected":false},"featured_media":10209,"template":"","meta":{"_acf_changed":false,"inline_featured_image":false},"product_brand":[],"product_cat":[214],"product_tag":[],"class_list":{"0":"post-9162","1":"product","2":"type-product","3":"status-publish","4":"has-post-thumbnail","6":"product_cat-huiles-moteurs","8":"first","9":"instock","10":"taxable","11":"shipping-taxable","12":"purchasable","13":"product-type-simple"},"acf":[],"_links":{"self":[{"href":"https:\/\/webshop.ingelbeen.be\/fr\/wp-json\/wp\/v2\/product\/9162","targetHints":{"allow":["GET"]}}],"collection":[{"href":"https:\/\/webshop.ingelbeen.be\/fr\/wp-json\/wp\/v2\/product"}],"about":[{"href":"https:\/\/webshop.ingelbeen.be\/fr\/wp-json\/wp\/v2\/types\/product"}],"wp:featuredmedia":[{"embeddable":true,"href":"https:\/\/webshop.ingelbeen.be\/fr\/wp-json\/wp\/v2\/media\/10209"}],"wp:attachment":[{"href":"https:\/\/webshop.ingelbeen.be\/fr\/wp-json\/wp\/v2\/media?parent=9162"}],"wp:term":[{"taxonomy":"product_brand","embeddable":true,"href":"https:\/\/webshop.ingelbeen.be\/fr\/wp-json\/wp\/v2\/product_brand?post=9162"},{"taxonomy":"product_cat","embeddable":true,"href":"https:\/\/webshop.ingelbeen.be\/fr\/wp-json\/wp\/v2\/product_cat?post=9162"},{"taxonomy":"product_tag","embeddable":true,"href":"https:\/\/webshop.ingelbeen.be\/fr\/wp-json\/wp\/v2\/product_tag?post=9162"}],"curies":[{"name":"wp","href":"https:\/\/api.w.org\/{rel}","templated":true}]}}