{"id":9168,"date":"2024-04-30T13:10:42","date_gmt":"2024-04-30T12:10:42","guid":{"rendered":"https:\/\/ingelbeen.kneet.be\/product\/mobil-super-3000-xe-5w-30-3\/"},"modified":"2024-06-26T16:14:23","modified_gmt":"2024-06-26T15:14:23","slug":"mobil-super-3000-xe-5w-30-3","status":"publish","type":"product","link":"https:\/\/webshop.ingelbeen.be\/fr\/produit\/mobil-super-3000-xe-5w-30-3\/","title":{"rendered":"Mobil Super 3000 XE 5W-30"},"content":{"rendered":"<div class=\"compensation des d\u00e9tails du produit\">\n<div class=\"description de l'attribut du produit\">\n<div class=\"description de la valeur\">\n<p> Mobil Super 3000 XE 5W-30 est une huile moteur synth\u00e9tique haute performance \u00e0 faible teneur en cendres con\u00e7ue pour aider \u00e0 prolonger la dur\u00e9e de vie et \u00e0 maintenir l&rsquo;efficacit\u00e9 des syst\u00e8mes de r\u00e9duction des \u00e9missions d&rsquo;\u00e9chappement des voitures \u00e0 moteur diesel et \u00e0 essence.<\/p><\/div><\/div><\/div>\n<h2>Fonctionnalit\u00e9 et avantages potentiels<\/h2>\n<ul>\n<li>Contribue \u00e0 maintenir l&rsquo;efficacit\u00e9 des syst\u00e8mes de r\u00e9duction des \u00e9missions de gaz d&rsquo;\u00e9chappement des v\u00e9hicules diesel et essence.<\/li>\n<li>Permet un fonctionnement prolong\u00e9 \u00e0 des temp\u00e9ratures \u00e9lev\u00e9es sans \u00e9paississement et d\u00e9gradation de l&rsquo;huile par oxydation.<\/li>\n<li>Offre une excellente fluidit\u00e9 \u00e0 basse temp\u00e9rature permettant un d\u00e9marrage facile en hiver et une circulation rapide de l&rsquo;huile autour du moteur.<\/li>\n<li>Convient pour une utilisation dans les voitures particuli\u00e8res et les v\u00e9hicules utilitaires l\u00e9gers \u00e0 moteur essence et diesel.<\/li>\n<\/ul>\n<h2>Applications<\/h2>\n<p> Mobil Super 3000 XE 5W-30 a \u00e9t\u00e9 d\u00e9velopp\u00e9 pour r\u00e9pondre aux derni\u00e8res sp\u00e9cifications en mati\u00e8re d&rsquo;huiles moteur requises par les principaux constructeurs automobiles et est compatible avec la plupart des derniers filtres \u00e0 particules diesel et tous les convertisseurs catalytiques essence.<\/p>\n<p> Mobil Super 3000 XE 5W-30 offre d&rsquo;excellentes performances \u00e0 des temp\u00e9ratures de fonctionnement tr\u00e8s basses et tr\u00e8s \u00e9lev\u00e9es et une protection \u00e0 long terme du moteur contre l&rsquo;usure et l&rsquo;accumulation de boues et de d\u00e9p\u00f4ts.<\/p>\n<p> Mobil Super 3000 XE 5W-30 est sp\u00e9cialement recommand\u00e9 par ExxonMobil pour une utilisation dans les v\u00e9hicules Mercedes-Benz (n\u00e9cessitant un produit approuv\u00e9 MB 229.31,\u00a0229.51 ou 229.52), dans les v\u00e9hicules BMW (n\u00e9cessitant l&rsquo;huile Longlife 04) et dans les v\u00e9hicules Volkswagen (n\u00e9cessitant un produit VW 505). 00 produit homologu\u00e9).<\/p>\n<p> Mobil Super 3000 XE 5W-30 est \u00e9galement recommand\u00e9 par ExxonMobil pour une utilisation dans les moteurs \u00e0 pompe \u00e0 jerk Volkswagen TDI (intervalles de vidange d&rsquo;huile : 15 000 km \/ 1 an) n\u00e9cessitant une homologation VW 505 01 et dans les Ford Galaxy 1,9 L Turbo Diesel n\u00e9cessitant une homologation VW 505. 01 ou une approbation Ford WSS-M2C917-A.<\/p>\n<p> Mobil Super 3000 XE 5W-30 a l&rsquo;approbation General Motors Service Fill dexos2<sup>\u2122<\/sup>\u00a0, qui est requise pour tous les nouveaux mod\u00e8les GM\/Opel\/Vauxhall\/Chevrolet diesel et essence 2010. GM\/Opel a indiqu\u00e9 que la sp\u00e9cification dexos2<sup>\u2122<\/sup>\u00a0est r\u00e9trocompatible avec les anciennes sp\u00e9cifications GM\/Opel (GM-LL-A-025 et GM-B-LL-025). La majorit\u00e9 des v\u00e9hicules diesel et essence GM\/Opel\/Vauxhall\/Chevrolet peuvent utiliser les lubrifiants dexos2<sup>\u2122<\/sup>\u00a0.<\/p>\n<h2>Sp\u00e9cifications et homologations<\/h2>\n<h3>Satisfait ou d\u00e9passe les exigences de<\/h3>\n<ul>\n<li>ACEA\u00a0:\u00a0C3<\/li>\n<li>API\u00a0: SM\/SL\/SN<\/li>\n<\/ul>\n<h3>Ce produit poss\u00e8de les approbations de constructeur suivantes<\/h3>\n<ul>\n<li>Remplissage de service General Motors\u00a0: dexos2\u2122 (num\u00e9ro de licence GB1A0914015)<\/li>\n<li>BMW\u00a0: Longue vie 04<\/li>\n<li>Approbation MB 229.31<\/li>\n<li>Approbation MB 229.51<\/li>\n<li>Approbation MB 229.52<\/li>\n<li>Volkswagen (Essence\/Diesel)\u00a0: 505 00 \/ 505 01<\/li>\n<\/ul>\n","protected":false},"excerpt":{"rendered":"<p>Mobil Super 3000 XE 5W-30 est une huile moteur synth\u00e9tique haute performance \u00e0 tr\u00e8s faible teneur en cendres. L&rsquo;huile est con\u00e7ue pour contribuer \u00e0 une dur\u00e9e de vie plus longue et \u00e0 une meilleure efficacit\u00e9 des syst\u00e8mes de r\u00e9duction des \u00e9missions de gaz d&rsquo;\u00e9chappement dans les v\u00e9hicules diesel et essence.<\/p>\n","protected":false},"featured_media":10143,"template":"","meta":{"_acf_changed":false,"inline_featured_image":false},"product_brand":[],"product_cat":[214],"product_tag":[],"class_list":{"0":"post-9168","1":"product","2":"type-product","3":"status-publish","4":"has-post-thumbnail","6":"product_cat-huiles-moteurs","8":"first","9":"instock","10":"taxable","11":"shipping-taxable","12":"purchasable","13":"product-type-simple"},"acf":[],"_links":{"self":[{"href":"https:\/\/webshop.ingelbeen.be\/fr\/wp-json\/wp\/v2\/product\/9168","targetHints":{"allow":["GET"]}}],"collection":[{"href":"https:\/\/webshop.ingelbeen.be\/fr\/wp-json\/wp\/v2\/product"}],"about":[{"href":"https:\/\/webshop.ingelbeen.be\/fr\/wp-json\/wp\/v2\/types\/product"}],"wp:featuredmedia":[{"embeddable":true,"href":"https:\/\/webshop.ingelbeen.be\/fr\/wp-json\/wp\/v2\/media\/10143"}],"wp:attachment":[{"href":"https:\/\/webshop.ingelbeen.be\/fr\/wp-json\/wp\/v2\/media?parent=9168"}],"wp:term":[{"taxonomy":"product_brand","embeddable":true,"href":"https:\/\/webshop.ingelbeen.be\/fr\/wp-json\/wp\/v2\/product_brand?post=9168"},{"taxonomy":"product_cat","embeddable":true,"href":"https:\/\/webshop.ingelbeen.be\/fr\/wp-json\/wp\/v2\/product_cat?post=9168"},{"taxonomy":"product_tag","embeddable":true,"href":"https:\/\/webshop.ingelbeen.be\/fr\/wp-json\/wp\/v2\/product_tag?post=9168"}],"curies":[{"name":"wp","href":"https:\/\/api.w.org\/{rel}","templated":true}]}}