{"id":9180,"date":"2024-04-30T13:10:42","date_gmt":"2024-04-30T12:10:42","guid":{"rendered":"https:\/\/ingelbeen.kneet.be\/product\/mobil-synthetic-gear-oil-75w-90-2\/"},"modified":"2024-06-26T16:14:24","modified_gmt":"2024-06-26T15:14:24","slug":"mobil-synthetic-gear-oil-75w-90-2","status":"publish","type":"product","link":"https:\/\/webshop.ingelbeen.be\/fr\/produit\/mobil-synthetic-gear-oil-75w-90-2\/","title":{"rendered":"Mobil Synthetic Gear Oil 75W-90"},"content":{"rendered":"<div class=\"compensation des d\u00e9tails du produit\">\n<div class=\"description de l'attribut du produit\">\n<div class=\"description de la valeur\">\n<p> Mobil Synthetic Gear Oil 75W-90 est un lubrifiant pour engrenages enti\u00e8rement synth\u00e9tique formul\u00e9 \u00e0 partir d&rsquo;huiles de base synth\u00e9tiques et d&rsquo;un syst\u00e8me d&rsquo;additifs avanc\u00e9. \u00a0Il est con\u00e7u pour \u00eatre utilis\u00e9 dans de nombreuses bo\u00eetes de vitesses ferroviaires et offre une excellente capacit\u00e9 de charge l\u00e0 o\u00f9 des pressions extr\u00eames et des charges de choc sont attendues.\u00a0 Cette huile pour engrenages offre une excellente stabilit\u00e9 thermique et \u00e0 l&rsquo;oxydation, un indice de viscosit\u00e9 (VI) \u00e9lev\u00e9, un point d&rsquo;\u00e9coulement extr\u00eamement bas et une fluidit\u00e9 \u00e0 basse temp\u00e9rature.\u00a0 L&rsquo;huile synth\u00e9tique pour engrenages Mobil 75W-90 r\u00e9pond au niveau de performance API GL-5.<\/p><\/div><\/div><\/div>\n<h2>Fonctionnalit\u00e9 et avantages potentiels<\/h2>\n<p> Les conceptions des bo\u00eetes de vitesses ferroviaires ont chang\u00e9 et ont augment\u00e9 les besoins en fluides pour offrir des performances plus \u00e9lev\u00e9es, notamment une productivit\u00e9 potentiellement accrue et des co\u00fbts d&rsquo;exploitation r\u00e9duits. \u00a0 L&rsquo;huile synth\u00e9tique pour engrenages Mobil 75W-90 est con\u00e7ue pour offrir des performances exceptionnelles et contribuer \u00e0 r\u00e9duire les co\u00fbts d&rsquo;exploitation totaux li\u00e9s \u00e0 la lubrification.\u00a0Les principaux avantages potentiels comprennent\u00a0:<\/p>\n<table class=\"table table-striped\">\n <t\u00eate><\/p>\n<tr>\n<th>Fonctionnalit\u00e9s<\/th>\n<th>Avantages et b\u00e9n\u00e9fices potentiels<\/th>\n<\/tr>\n<p> <\/t\u00eate><br \/>\n <corps><\/p>\n<tr>\n<td>Stabilit\u00e9 thermique exceptionnelle et r\u00e9sistance \u00e0 l&rsquo;oxydation \u00e0 haute temp\u00e9rature<\/td>\n<td>Dur\u00e9e de vie prolong\u00e9e des engrenages et des roulements gr\u00e2ce \u00e0 des d\u00e9p\u00f4ts minimes, dur\u00e9e de vie des joints plus longue<\/td>\n<\/tr>\n<tr>\n<td>Protection exceptionnelle contre l&rsquo;usure \u00e0 basse vitesse\/couple \u00e9lev\u00e9 et les rayures \u00e0 haute vitesse<\/td>\n<td>Capacit\u00e9 de charge accrue, contribution \u00e0 la r\u00e9duction des co\u00fbts de maintenance et \u00e0 une dur\u00e9e de vie plus longue de l&rsquo;\u00e9quipement<\/td>\n<\/tr>\n<tr>\n<td>Propri\u00e9t\u00e9s de friction am\u00e9lior\u00e9es<\/td>\n<td>Aide \u00e0 r\u00e9duire les co\u00fbts d&rsquo;exploitation<\/td>\n<\/tr>\n<tr>\n<td>Fluidit\u00e9 exceptionnelle \u00e0 basse temp\u00e9rature par rapport aux huiles min\u00e9rales<\/td>\n<td>Contribution \u00e0 la r\u00e9duction de l&rsquo;usure et \u00e0 la facilit\u00e9 de d\u00e9marrage<\/td>\n<\/tr>\n<tr>\n<td>Bonne r\u00e9sistance au moussage<\/td>\n<td>Maintient la r\u00e9sistance du film pour une lubrification fiable<\/td>\n<\/tr>\n<\/tbody>\n<\/table>\n<h2>Applications<\/h2>\n<p> <strong>Recommand\u00e9 par ExxonMobil pour une utilisation dans<\/strong><\/p>\n<ul>\n<li>Bo\u00eetes de vitesses n\u00e9cessitant des performances API GL-5<\/li>\n<li>Non recommand\u00e9 pour les applications n\u00e9cessitant des performances de niveau API GL-4<\/li>\n<li>Non destin\u00e9 aux transmissions automatiques, manuelles ou semi-automatiques pour lesquelles une huile moteur ou des liquides de transmission automatique sont recommand\u00e9s.<\/li>\n<li>Veuillez v\u00e9rifier les exigences OEM et les crit\u00e8res de s\u00e9lection d&rsquo;huile pour votre bo\u00eete de vitesses ferroviaire et votre application sp\u00e9cifiques.<\/li>\n<\/ul>\n<h2>Sp\u00e9cifications et homologations<\/h2>\n<h3>Satisfait ou d\u00e9passe les exigences de<\/h3>\n<ul>\n<li>API GL-5<\/li>\n<\/ul>\n<h3>Ce produit r\u00e9pond aux exigences selon Exxonmobil<\/h3>\n<ul>\n<li>SEW Eurodrive W &#8211; Engrenages<\/li>\n<\/ul>\n<h3>Ce produit poss\u00e8de les approbations de constructeur suivantes<\/h3>\n<ul>\n<li>Flender BA 7302 Tableau R1<\/li>\n<li>Voith Turbo 132.00374401<\/li>\n<li>Voith Turbo 132.00374402<\/li>\n<\/ul>\n","protected":false},"excerpt":{"rendered":"<p>Mobil Synthetic huile d&#8217;embrayage 75W-90 est une huile pour engrenages enti\u00e8rement synth\u00e9tique formul\u00e9e \u00e0 partir d&rsquo;huiles de base synth\u00e9tiques et d&rsquo;un syst\u00e8me d&rsquo;additifs avanc\u00e9. Elle est con\u00e7ue pour \u00eatre utilis\u00e9e dans de nombreuses bo\u00eetes de vitesses ferroviaires et offre une excellente capacit\u00e9 de charge l\u00e0 o\u00f9 des pressions extr\u00eames et des charges de choc sont attendues. Cette huile pour engrenages offre une excellente stabilit\u00e9 thermique et \u00e0 l&rsquo;oxydation, un indice de viscosit\u00e9 \u00e9lev\u00e9 (VI), un point d&rsquo;\u00e9coulement extr\u00eamement bas et une fluidit\u00e9 \u00e0 basse temp\u00e9rature. Mobil Synthetic Tandwielolie 75W-90 r\u00e9pond au niveau de performance API GL-5.<\/p>\n","protected":false},"featured_media":10105,"template":"","meta":{"_acf_changed":false,"inline_featured_image":false},"product_brand":[],"product_cat":[220],"product_tag":[],"class_list":{"0":"post-9180","1":"product","2":"type-product","3":"status-publish","4":"has-post-thumbnail","6":"product_cat-huiles-pour-transmissions-et-atf","8":"first","9":"instock","10":"taxable","11":"shipping-taxable","12":"purchasable","13":"product-type-simple"},"acf":[],"_links":{"self":[{"href":"https:\/\/webshop.ingelbeen.be\/fr\/wp-json\/wp\/v2\/product\/9180","targetHints":{"allow":["GET"]}}],"collection":[{"href":"https:\/\/webshop.ingelbeen.be\/fr\/wp-json\/wp\/v2\/product"}],"about":[{"href":"https:\/\/webshop.ingelbeen.be\/fr\/wp-json\/wp\/v2\/types\/product"}],"wp:featuredmedia":[{"embeddable":true,"href":"https:\/\/webshop.ingelbeen.be\/fr\/wp-json\/wp\/v2\/media\/10105"}],"wp:attachment":[{"href":"https:\/\/webshop.ingelbeen.be\/fr\/wp-json\/wp\/v2\/media?parent=9180"}],"wp:term":[{"taxonomy":"product_brand","embeddable":true,"href":"https:\/\/webshop.ingelbeen.be\/fr\/wp-json\/wp\/v2\/product_brand?post=9180"},{"taxonomy":"product_cat","embeddable":true,"href":"https:\/\/webshop.ingelbeen.be\/fr\/wp-json\/wp\/v2\/product_cat?post=9180"},{"taxonomy":"product_tag","embeddable":true,"href":"https:\/\/webshop.ingelbeen.be\/fr\/wp-json\/wp\/v2\/product_tag?post=9180"}],"curies":[{"name":"wp","href":"https:\/\/api.w.org\/{rel}","templated":true}]}}