{"id":9184,"date":"2024-04-30T13:10:42","date_gmt":"2024-04-30T12:10:42","guid":{"rendered":"https:\/\/ingelbeen.kneet.be\/product\/mobil-teresstic-t-32-2\/"},"modified":"2024-06-26T16:14:24","modified_gmt":"2024-06-26T15:14:24","slug":"mobil-teresstic-t-32-2","status":"publish","type":"product","link":"https:\/\/webshop.ingelbeen.be\/fr\/produit\/mobil-teresstic-t-32-2\/","title":{"rendered":"Mobil Teresstic T 32"},"content":{"rendered":"<div class=\"compensation des d\u00e9tails du produit\">\n<div class=\"description de l'attribut du produit\">\n<div class=\"description de la valeur\">\n<p> Teresstic\u2122 T 32-100 est une gamme d&rsquo;huiles lubrifiantes pour turbines et syst\u00e8mes de circulation de haute qualit\u00e9 con\u00e7ues pour \u00eatre utilis\u00e9es dans une grande vari\u00e9t\u00e9 d&rsquo;applications industrielles. Cette famille de produits est utilis\u00e9e dans les turbines \u00e0 vapeur, les turbines \u00e0 gaz stationnaires l\u00e9g\u00e8res ainsi que les syst\u00e8mes de circulation. Continuellement am\u00e9lior\u00e9es au fil des ann\u00e9es, les huiles Teresstic T 32-100 sont formul\u00e9es avec des huiles de base soigneusement s\u00e9lectionn\u00e9es et des additifs tr\u00e8s efficaces, notamment des antioxydants, des inhibiteurs de rouille et de corrosion et des agents anti-mousse. Teresstic T 32-100 est disponible en quatre grades de viscosit\u00e9 ISO allant de ISO VG 32 \u00e0 100. Teresstic T 32 et 46 sont formul\u00e9s pour les applications de turbine o\u00f9 un lubrifiant de premi\u00e8re qualit\u00e9 avec une bonne stabilit\u00e9 \u00e0 l&rsquo;oxydation, une protection contre la rouille et d&rsquo;excellentes propri\u00e9t\u00e9s interfaciales (comme le d\u00e9gagement d&rsquo;air , une faible tendance au moussage et une s\u00e9paration rapide de l&rsquo;air sont n\u00e9cessaires).<\/p>\n<p> La famille de produits Teresstic T constitue une source de lubrifiant polyvalente pour une large gamme d&rsquo;\u00e9quipements industriels. Ces produits sont fabriqu\u00e9s selon des normes strictes pour garantir une qualit\u00e9 constante ann\u00e9e apr\u00e8s ann\u00e9e. Les huiles Teresstic T 32-100 offrent aux utilisateurs un fonctionnement tr\u00e8s fiable et efficace, aussi bien dans les applications de turbines que dans d&rsquo;autres applications industrielles. Ils sont particuli\u00e8rement r\u00e9sistants aux effets d&rsquo;une exposition prolong\u00e9e \u00e0 des temp\u00e9ratures \u00e9lev\u00e9es et fonctionnent tr\u00e8s bien dans les syst\u00e8mes de circulation, m\u00eame ceux avec des temps de s\u00e9jour d&rsquo;huile courts. Cette combinaison d&rsquo;avantages fait du Teresstic T 32-100 le bon choix pour de nombreux utilisateurs.<\/p><\/div><\/div><\/div>\n<h2>Fonctionnalit\u00e9 et avantages potentiels<\/h2>\n<p> La s\u00e9rie de produits Teresstic T 32-100 est reconnue pour sa haute qualit\u00e9 et sa fiabilit\u00e9, ainsi que pour ses performances dans des conditions difficiles. Cette famille de produits est fabriqu\u00e9e selon les normes de qualit\u00e9 les plus strictes.<\/p>\n<p> Cette s\u00e9rie de produits, avec sa large gamme de grades de viscosit\u00e9, offre des performances sup\u00e9rieures dans une tr\u00e8s large gamme d&rsquo;applications industrielles.\u00a0Les huiles de base de haute qualit\u00e9 et les additifs s\u00e9lectionn\u00e9s utilis\u00e9s offrent d&rsquo;excellentes performances de r\u00e9sistance \u00e0 l&rsquo;oxydation, essentielles dans les applications l\u00e9g\u00e8res de turbines \u00e0 gaz et \u00e0 vapeur.\u00a0 Une excellente s\u00e9parabilit\u00e9 de l&rsquo;eau, une r\u00e9sistance au moussage et \u00e0 l&rsquo;entra\u00eenement de l&rsquo;air sont des caract\u00e9ristiques de performance importantes pour tous les syst\u00e8mes de circulation, en particulier ceux avec des temps de s\u00e9jour courts.\u00a0De tr\u00e8s bonnes performances contre la rouille et la corrosion offrent une protection pour toutes les applications.\u00a0Certaines des caract\u00e9ristiques et avantages potentiels offerts par ces huiles sont\u00a0:<\/p>\n<ul>\n<li>Large gamme d&rsquo;applications industrielles, notamment les turbines \u00e0 vapeur et \u00e0 gaz l\u00e9g\u00e8res, pour une polyvalence et un inventaire efficace<\/li>\n<li>Produits de haute qualit\u00e9 b\u00e9n\u00e9ficiant d&rsquo;une solide r\u00e9putation de fiabilit\u00e9, ce qui entra\u00eene moins de maintenance et de temps d&rsquo;arr\u00eat impr\u00e9vus<\/li>\n<li>La longue dur\u00e9e de vie des applications de turbine et de circulation entra\u00eene une r\u00e9duction des co\u00fbts de remplacement des produits<\/li>\n<li>Fabriqu\u00e9 selon nos normes strictes de contr\u00f4le qualit\u00e9 du syst\u00e8me de gestion de l&rsquo;int\u00e9grit\u00e9 de la qualit\u00e9 (QIMS)<\/li>\n<li>Formul\u00e9 \u00e0 partir d&rsquo;huiles de base de haute qualit\u00e9 et d&rsquo;additifs fonctionnels sp\u00e9cialement s\u00e9lectionn\u00e9s<\/li>\n<\/ul>\n<h2>Applications<\/h2>\n<p> Teresstic T 32-100 est une gamme de lubrifiants pour turbines de qualit\u00e9 sup\u00e9rieure con\u00e7us pour \u00eatre utilis\u00e9s dans une grande vari\u00e9t\u00e9 d&rsquo;applications industrielles, notamment\u00a0:<\/p>\n<ul>\n<li>Syst\u00e8mes de circulation expos\u00e9s \u00e0 des temp\u00e9ratures moyennement \u00e9lev\u00e9es et n\u00e9cessitant une longue dur\u00e9e de vie<\/li>\n<li>Turbines \u00e0 vapeur terrestres et marines et turbines \u00e0 gaz industrielles l\u00e9g\u00e8res n\u00e9cessitant de l&rsquo;huile min\u00e9rale<\/li>\n<li>Hydroturbines<\/li>\n<li>Syst\u00e8mes hydrauliques<\/li>\n<\/ul>\n<h2>Sp\u00e9cifications et homologations<\/h2>\n<h3>Satisfait ou d\u00e9passe les exigences de<\/h3>\n<ul>\n<li>Tapis pour machines industrielles Turbo Siemens 812101<\/li>\n<li>GE GEK 46506-D<\/li>\n<li>DIN 51515-1 2010-02<\/li>\n<li>JIS K2213 Type\u00a02 avec additifs (2006)<\/li>\n<li>Norme nationale chinoise GB 11120-89 L-TSA<\/li>\n<\/ul>\n<h3>Ce produit r\u00e9pond aux exigences selon Exxonmobil<\/h3>\n<ul>\n<li>GE GEK 27070<\/li>\n<li>GE GEK 28143A<\/li>\n<\/ul>\n<h3>Ce produit poss\u00e8de les approbations de constructeur suivantes<\/h3>\n<ul>\n<li>Alstom Power HTGD 90\u00a0117<\/li>\n<li>Siemens TLV 9013 04<\/li>\n<\/ul>\n","protected":false},"excerpt":{"rendered":"<p>Teresstic\u2122 T 32-100 est une gamme d&rsquo;huiles de turbine et de syst\u00e8mes de circulation de haute qualit\u00e9, con\u00e7ues pour \u00eatre utilis\u00e9es dans une large gamme d&rsquo;applications industrielles.<\/p>\n","protected":false},"featured_media":10105,"template":"","meta":{"_acf_changed":false,"inline_featured_image":false},"product_brand":[],"product_cat":[221],"product_tag":[],"class_list":{"0":"post-9184","1":"product","2":"type-product","3":"status-publish","4":"has-post-thumbnail","6":"product_cat-huiles-pour-turbines-et-huiles-de-circulation","8":"first","9":"instock","10":"taxable","11":"shipping-taxable","12":"purchasable","13":"product-type-simple"},"acf":[],"_links":{"self":[{"href":"https:\/\/webshop.ingelbeen.be\/fr\/wp-json\/wp\/v2\/product\/9184","targetHints":{"allow":["GET"]}}],"collection":[{"href":"https:\/\/webshop.ingelbeen.be\/fr\/wp-json\/wp\/v2\/product"}],"about":[{"href":"https:\/\/webshop.ingelbeen.be\/fr\/wp-json\/wp\/v2\/types\/product"}],"wp:featuredmedia":[{"embeddable":true,"href":"https:\/\/webshop.ingelbeen.be\/fr\/wp-json\/wp\/v2\/media\/10105"}],"wp:attachment":[{"href":"https:\/\/webshop.ingelbeen.be\/fr\/wp-json\/wp\/v2\/media?parent=9184"}],"wp:term":[{"taxonomy":"product_brand","embeddable":true,"href":"https:\/\/webshop.ingelbeen.be\/fr\/wp-json\/wp\/v2\/product_brand?post=9184"},{"taxonomy":"product_cat","embeddable":true,"href":"https:\/\/webshop.ingelbeen.be\/fr\/wp-json\/wp\/v2\/product_cat?post=9184"},{"taxonomy":"product_tag","embeddable":true,"href":"https:\/\/webshop.ingelbeen.be\/fr\/wp-json\/wp\/v2\/product_tag?post=9184"}],"curies":[{"name":"wp","href":"https:\/\/api.w.org\/{rel}","templated":true}]}}