{"id":9196,"date":"2024-04-30T13:10:41","date_gmt":"2024-04-30T12:10:41","guid":{"rendered":"https:\/\/ingelbeen.kneet.be\/product\/mobil-super-3000-formula-r-5w-30\/"},"modified":"2024-06-26T16:14:21","modified_gmt":"2024-06-26T15:14:21","slug":"mobil-super-3000-formula-r-5w-30","status":"publish","type":"product","link":"https:\/\/webshop.ingelbeen.be\/fr\/produit\/mobil-super-3000-formula-r-5w-30\/","title":{"rendered":"Mobil Super 3000 Formula R 5W-30"},"content":{"rendered":"<div class=\"compensation des d\u00e9tails du produit\">\n<div class=\"description de l'attribut du produit\">\n<div class=\"description de la valeur\">\n<p> Mobil Super 3000 Formula R 5W-30 est une huile moteur hautes performances \u00e0 tr\u00e8s faible teneur en cendres con\u00e7ue pour aider \u00e0 prolonger la dur\u00e9e de vie et \u00e0 maintenir l&rsquo;efficacit\u00e9 des syst\u00e8mes de r\u00e9duction des \u00e9missions des v\u00e9hicules \u00e0 \u00e9chappement dans les automobiles \u00e0 moteur diesel et \u00e0 essence.<\/p><\/div><\/div><\/div>\n<h2>Fonctionnalit\u00e9 et avantages potentiels<\/h2>\n<ul>\n<li>Contribue \u00e0 maintenir l&rsquo;efficacit\u00e9 des syst\u00e8mes de r\u00e9duction des \u00e9missions de gaz d&rsquo;\u00e9chappement des v\u00e9hicules diesel et essence.<\/li>\n<li>Permet un fonctionnement prolong\u00e9 \u00e0 des temp\u00e9ratures \u00e9lev\u00e9es sans \u00e9paississement et d\u00e9gradation de l&rsquo;huile par oxydation.<\/li>\n<li>Offre une excellente fluidit\u00e9 \u00e0 basse temp\u00e9rature permettant un d\u00e9marrage facile en hiver et une circulation rapide de l&rsquo;huile autour du moteur.<\/li>\n<li>Convient pour une utilisation dans les voitures particuli\u00e8res et les v\u00e9hicules utilitaires l\u00e9gers \u00e0 moteur essence et diesel.<\/li>\n<\/ul>\n<h2>Sp\u00e9cifications et homologations<\/h2>\n<h3>Satisfait ou d\u00e9passe les exigences de<\/h3>\n<ul>\n<li>ACEA C4<\/li>\n<li>Approbation MB 226.51<\/li>\n<\/ul>\n<h3>Ce produit poss\u00e8de les approbations de constructeur suivantes<\/h3>\n<ul>\n<li>Renault RN0720<\/li>\n<\/ul>\n","protected":false},"excerpt":{"rendered":"<p>Mobil Super 3000 Formula R 5W-30 est une huile moteur haute performance \u00e0 tr\u00e8s faible teneur en cendres. Cette huile est con\u00e7ue pour contribuer \u00e0 une dur\u00e9e de vie plus longue et \u00e0 une meilleure efficacit\u00e9 des syst\u00e8mes de r\u00e9duction des \u00e9missions d&rsquo;\u00e9chappement des v\u00e9hicules \u00e0 essence et diesel.<\/p>\n","protected":false},"featured_media":10251,"template":"","meta":{"_acf_changed":false,"inline_featured_image":false},"product_brand":[],"product_cat":[214],"product_tag":[],"class_list":{"0":"post-9196","1":"product","2":"type-product","3":"status-publish","4":"has-post-thumbnail","6":"product_cat-huiles-moteurs","8":"first","9":"instock","10":"taxable","11":"shipping-taxable","12":"purchasable","13":"product-type-simple"},"acf":[],"_links":{"self":[{"href":"https:\/\/webshop.ingelbeen.be\/fr\/wp-json\/wp\/v2\/product\/9196","targetHints":{"allow":["GET"]}}],"collection":[{"href":"https:\/\/webshop.ingelbeen.be\/fr\/wp-json\/wp\/v2\/product"}],"about":[{"href":"https:\/\/webshop.ingelbeen.be\/fr\/wp-json\/wp\/v2\/types\/product"}],"wp:featuredmedia":[{"embeddable":true,"href":"https:\/\/webshop.ingelbeen.be\/fr\/wp-json\/wp\/v2\/media\/10251"}],"wp:attachment":[{"href":"https:\/\/webshop.ingelbeen.be\/fr\/wp-json\/wp\/v2\/media?parent=9196"}],"wp:term":[{"taxonomy":"product_brand","embeddable":true,"href":"https:\/\/webshop.ingelbeen.be\/fr\/wp-json\/wp\/v2\/product_brand?post=9196"},{"taxonomy":"product_cat","embeddable":true,"href":"https:\/\/webshop.ingelbeen.be\/fr\/wp-json\/wp\/v2\/product_cat?post=9196"},{"taxonomy":"product_tag","embeddable":true,"href":"https:\/\/webshop.ingelbeen.be\/fr\/wp-json\/wp\/v2\/product_tag?post=9196"}],"curies":[{"name":"wp","href":"https:\/\/api.w.org\/{rel}","templated":true}]}}