{"id":9202,"date":"2024-04-30T13:10:41","date_gmt":"2024-04-30T12:10:41","guid":{"rendered":"https:\/\/ingelbeen.kneet.be\/product\/mobil-super-3000-formula-rn-5w-30-bag-in-box\/"},"modified":"2024-06-26T16:14:21","modified_gmt":"2024-06-26T15:14:21","slug":"mobil-super-3000-formula-rn-5w-30-bag-in-box","status":"publish","type":"product","link":"https:\/\/webshop.ingelbeen.be\/fr\/produit\/mobil-super-3000-formula-rn-5w-30-bag-in-box\/","title":{"rendered":"Mobil Super 3000 FORMULA RN 5W-30 Bag-in-Box"},"content":{"rendered":"<h2>Fonctionnalit\u00e9 et avantages potentiels<\/h2>\n<p> \u2022 Convient \u00e0 la plupart des voitures particuli\u00e8res et v\u00e9hicules utilitaires l\u00e9gers essence et diesel Renault.<br \/>\n \u2022 Aide \u00e0 maintenir l&rsquo;efficacit\u00e9 des syst\u00e8mes de r\u00e9duction des \u00e9missions d&rsquo;\u00e9chappement dans les v\u00e9hicules diesel et essence.<br \/>\n \u2022 Contribue \u00e0 garder le moteur propre des d\u00e9p\u00f4ts pour une efficacit\u00e9 optimale et une longue dur\u00e9e de vie.<br \/>\n \u2022 Permet un fonctionnement prolong\u00e9 \u00e0 des temp\u00e9ratures \u00e9lev\u00e9es sans \u00e9paississement ou d\u00e9gradation oxydative n\u00e9faste de l&rsquo;huile.<br \/>\n \u2022 Fournit une excellente fluidit\u00e9 \u00e0 basse temp\u00e9rature permettant un d\u00e9marrage facile en hiver ainsi qu&rsquo;une circulation et une protection rapides de l&rsquo;huile dans tout le moteur.<\/p>\n","protected":false},"excerpt":{"rendered":"<p>Mobil Super\u2122 3000 Formula RN 5W-30 est une huile moteur synth\u00e9tique \u00e0 faible teneur en cendres et haute performance, d\u00e9velopp\u00e9e pour r\u00e9pondre \u00e0 RN17, la derni\u00e8re sp\u00e9cification pour les v\u00e9hicules modernes \u00e0 essence et diesel de Renault. Elle est particuli\u00e8rement adapt\u00e9e pour contribuer \u00e0 prolonger la dur\u00e9e de vie des filtres \u00e0 particules et des catalyseurs des v\u00e9hicules diesel et essence vendus depuis la mi-2018, pour maintenir leur efficacit\u00e9 et r\u00e9pondre aux derni\u00e8res r\u00e9glementations europ\u00e9ennes en mati\u00e8re d&rsquo;\u00e9missions.<\/p>\n","protected":false},"featured_media":10375,"template":"","meta":{"_acf_changed":false,"inline_featured_image":false},"product_brand":[],"product_cat":[214],"product_tag":[],"class_list":{"0":"post-9202","1":"product","2":"type-product","3":"status-publish","4":"has-post-thumbnail","6":"product_cat-huiles-moteurs","8":"first","9":"instock","10":"taxable","11":"shipping-taxable","12":"purchasable","13":"product-type-simple"},"acf":[],"_links":{"self":[{"href":"https:\/\/webshop.ingelbeen.be\/fr\/wp-json\/wp\/v2\/product\/9202","targetHints":{"allow":["GET"]}}],"collection":[{"href":"https:\/\/webshop.ingelbeen.be\/fr\/wp-json\/wp\/v2\/product"}],"about":[{"href":"https:\/\/webshop.ingelbeen.be\/fr\/wp-json\/wp\/v2\/types\/product"}],"wp:featuredmedia":[{"embeddable":true,"href":"https:\/\/webshop.ingelbeen.be\/fr\/wp-json\/wp\/v2\/media\/10375"}],"wp:attachment":[{"href":"https:\/\/webshop.ingelbeen.be\/fr\/wp-json\/wp\/v2\/media?parent=9202"}],"wp:term":[{"taxonomy":"product_brand","embeddable":true,"href":"https:\/\/webshop.ingelbeen.be\/fr\/wp-json\/wp\/v2\/product_brand?post=9202"},{"taxonomy":"product_cat","embeddable":true,"href":"https:\/\/webshop.ingelbeen.be\/fr\/wp-json\/wp\/v2\/product_cat?post=9202"},{"taxonomy":"product_tag","embeddable":true,"href":"https:\/\/webshop.ingelbeen.be\/fr\/wp-json\/wp\/v2\/product_tag?post=9202"}],"curies":[{"name":"wp","href":"https:\/\/api.w.org\/{rel}","templated":true}]}}