{"id":9208,"date":"2024-04-30T13:10:41","date_gmt":"2024-04-30T12:10:41","guid":{"rendered":"https:\/\/ingelbeen.kneet.be\/product\/mobil-super-3000-formula-v-0w20-3\/"},"modified":"2024-06-26T16:14:21","modified_gmt":"2024-06-26T15:14:21","slug":"mobil-super-3000-formula-v-0w20-3","status":"publish","type":"product","link":"https:\/\/webshop.ingelbeen.be\/fr\/produit\/mobil-super-3000-formula-v-0w20-3\/","title":{"rendered":"Mobil Super 3000 Formula V 0W20"},"content":{"rendered":"<p>La s\u00e9rie d&rsquo;huiles moteur Mobil Super\u2122 3000 est synth\u00e9tique et con\u00e7ue pour offrir une protection exceptionnelle.<\/p>\n<p> Mobil Super\u2122 3000 Formula V 0W-20 est une huile moteur de haute performance formul\u00e9e pour assurer une longue dur\u00e9e de vie du moteur aux v\u00e9hicules essence et diesel modernes \u00e9quip\u00e9s de syst\u00e8mes de post-traitement (par exemple DPF) et n\u00e9cessitant une huile \u00e0 faible viscosit\u00e9 pour obtenir une meilleure \u00e9conomie de carburant.<\/p>\n<h2>Caract\u00e9ristiques et avantages<\/h2>\n<p> Mobil Super 3000 Formula V 0W-20 est con\u00e7u pour aider :<\/p>\n<p> &#8211; am\u00e9liorer l&rsquo;\u00e9conomie de carburant dans les moteurs diesel et essence<\/p>\n<p> &#8211; am\u00e9liorer la propret\u00e9 du moteur et la pr\u00e9vention des boues<\/p>\n<p> &#8211; am\u00e9liore la protection contre les temp\u00e9ratures \u00e9lev\u00e9es et l&rsquo;usure<\/p>\n<p> &#8211; am\u00e9liorer les performances de d\u00e9marrage \u00e0 froid<\/p>\n<h2>Applications<\/h2>\n<p> Mobil Super 3000 Formula V 0W-20 convient aux voitures modernes \u00e0 essence, diesel et hybrides \u00e0 haut rendement de Volkswagen ainsi qu&rsquo;aux v\u00e9hicules japonais et cor\u00e9ens qui n\u00e9cessitent sp\u00e9cifiquement un grade de viscosit\u00e9 SAE 0W-20 et toutes les sp\u00e9cifications prises en charge par l&rsquo;huile.<\/p>\n<p> \u2022 Mobil Super 3000 Formula V 0W-20 r\u00e9pond ou d\u00e9passe les exigences de la norme industrielle API SN Plus pour aider \u00e0 r\u00e9pondre au LSPI (Low Speed \u200b\u200bPre-Ignition) dans les moteurs \u00e0 essence turbocompress\u00e9s \u00e0 injection directe de taille r\u00e9duite.<\/p>\n<p> \u2022 Mobil Super 3000 Formula V 0W-20 n&rsquo;est pas recommand\u00e9 pour les moteurs de v\u00e9hicules plus anciens con\u00e7us pour fonctionner avec des huiles moteur \u00e0 viscosit\u00e9 plus \u00e9lev\u00e9e.<\/p>\n<p> Le manuel du propri\u00e9taire doit \u00eatre consult\u00e9 pour conna\u00eetre le niveau de viscosit\u00e9 recommand\u00e9 et les sp\u00e9cifications.<\/p>\n<h2>Sp\u00e9cifications et homologations<\/h2>\n<div class=\"table-responsive\">\n<table class=\"table table-striped\">\n <corps><\/p>\n<tr>\n<td><strong>Ce produit a les approbations suivantes\u00a0:<\/strong><\/td>\n<\/tr>\n<tr>\n<td>VW<strong>\u00a0<\/strong>508 00<\/td>\n<\/tr>\n<tr>\n<td>VW<strong>\u00a0<\/strong>509 00<\/td>\n<\/tr>\n<tr>\n<td>Porsche C20<\/td>\n<\/tr>\n<\/tbody>\n<\/table><\/div>\n<p> &nbsp;<\/p>\n<div class=\"table-responsive\">\n<table class=\"table table-striped\">\n <corps><\/p>\n<tr>\n<td><strong>Ce produit satisfait ou d\u00e9passe les exigences\u00a0:<\/strong><\/td>\n<\/tr>\n<tr>\n<td>ACEA C5<\/td>\n<\/tr>\n<tr>\n<td>API<strong>\u00a0<\/strong>SN PLUS<\/td>\n<\/tr>\n<\/tbody>\n<\/table><\/div>\n","protected":false},"excerpt":{"rendered":"<p>Mobil Super 3000 Formula V 0W-20 est une huile moteur haute performance \u00e0 faible teneur en cendres d\u00e9velopp\u00e9e pour r\u00e9pondre aux exigences strictes des intervalles de service prolong\u00e9s tout en contribuant aux \u00e9conomies de carburant et \u00e0 la propret\u00e9 sup\u00e9rieure du moteur.<\/p>\n<h2> <\/h2>\n","protected":false},"featured_media":10282,"template":"","meta":{"_acf_changed":false,"inline_featured_image":false},"product_brand":[],"product_cat":[214],"product_tag":[],"class_list":{"0":"post-9208","1":"product","2":"type-product","3":"status-publish","4":"has-post-thumbnail","6":"product_cat-huiles-moteurs","8":"first","9":"instock","10":"taxable","11":"shipping-taxable","12":"purchasable","13":"product-type-simple"},"acf":[],"_links":{"self":[{"href":"https:\/\/webshop.ingelbeen.be\/fr\/wp-json\/wp\/v2\/product\/9208","targetHints":{"allow":["GET"]}}],"collection":[{"href":"https:\/\/webshop.ingelbeen.be\/fr\/wp-json\/wp\/v2\/product"}],"about":[{"href":"https:\/\/webshop.ingelbeen.be\/fr\/wp-json\/wp\/v2\/types\/product"}],"wp:featuredmedia":[{"embeddable":true,"href":"https:\/\/webshop.ingelbeen.be\/fr\/wp-json\/wp\/v2\/media\/10282"}],"wp:attachment":[{"href":"https:\/\/webshop.ingelbeen.be\/fr\/wp-json\/wp\/v2\/media?parent=9208"}],"wp:term":[{"taxonomy":"product_brand","embeddable":true,"href":"https:\/\/webshop.ingelbeen.be\/fr\/wp-json\/wp\/v2\/product_brand?post=9208"},{"taxonomy":"product_cat","embeddable":true,"href":"https:\/\/webshop.ingelbeen.be\/fr\/wp-json\/wp\/v2\/product_cat?post=9208"},{"taxonomy":"product_tag","embeddable":true,"href":"https:\/\/webshop.ingelbeen.be\/fr\/wp-json\/wp\/v2\/product_tag?post=9208"}],"curies":[{"name":"wp","href":"https:\/\/api.w.org\/{rel}","templated":true}]}}