{"id":9212,"date":"2024-04-30T13:10:41","date_gmt":"2024-04-30T12:10:41","guid":{"rendered":"https:\/\/ingelbeen.kneet.be\/product\/mobil-super-3000-formula-v-5w-30-2\/"},"modified":"2024-06-26T16:14:21","modified_gmt":"2024-06-26T15:14:21","slug":"mobil-super-3000-formula-v-5w-30-2","status":"publish","type":"product","link":"https:\/\/webshop.ingelbeen.be\/fr\/produit\/mobil-super-3000-formula-v-5w-30-2\/","title":{"rendered":"Mobil Super 3000 Formula V 5W-30"},"content":{"rendered":"<div class=\"compensation des d\u00e9tails du produit\">\n<div class=\"description de l'attribut du produit\">\n<div class=\"description de la valeur\">\n<p> Mobil Super 3000 Formula V 5W-30 est une huile moteur haute performance \u00e0 faible teneur en cendres con\u00e7ue pour r\u00e9pondre aux exigences exigeantes de dur\u00e9e de vie prolong\u00e9e tout en contribuant \u00e0 l&rsquo;\u00e9conomie de carburant et \u00e0 une propret\u00e9 sup\u00e9rieure du moteur.<\/p><\/div><\/div><\/div>\n<h2>Fonctionnalit\u00e9 et avantages potentiels<\/h2>\n<p> Mobil Super 3000 Formula V 5W-30 offre une excellente protection contre l&rsquo;usure \u00e0 haute et basse temp\u00e9rature et une propret\u00e9 am\u00e9lior\u00e9e du moteur.<\/p>\n<p> Principales caract\u00e9ristiques et avantages\u00a0:<\/p>\n<ul>\n<li>Intervalle d&rsquo;entretien prolong\u00e9 conform\u00e9ment aux exigences VW.<\/li>\n<li>Contribue \u00e0 r\u00e9aliser des \u00e9conomies de carburant (conform\u00e9ment \u00e0 la norme ACEA\u00a0C3).<\/li>\n<li>Am\u00e9lioration de la propret\u00e9 interne du moteur pour maintenir l&rsquo;efficacit\u00e9 du moteur tout au long de la dur\u00e9e de vie du v\u00e9hicule.<\/li>\n<li>Circulation et protection rapides.<\/li>\n<li>Compatibilit\u00e9 totale avec la plupart des filtres \u00e0 particules diesel et des convertisseurs catalytiques.<\/li>\n<\/ul>\n<h2>Applications<\/h2>\n<p> Mobil Super 3000 Formula V 5W-30 a \u00e9t\u00e9 con\u00e7u pour r\u00e9pondre aux besoins des derni\u00e8res exigences moteur du groupe VW Audi o\u00f9 une vidange prolong\u00e9e est requise en conjonction avec des indicateurs de service \u00e9lectroniques avec un programme d&rsquo;entretien de vidange prolong\u00e9 VW.<\/p>\n<h2>Sp\u00e9cifications et homologations<\/h2>\n<h3>Satisfait ou d\u00e9passe les exigences de<\/h3>\n<ul>\n<li>ACEA<\/li>\n<\/ul>\n<h3>Ce produit poss\u00e8de les approbations de constructeur suivantes<\/h3>\n<ul>\n<li>Volkswagen<\/li>\n<li>Porsche<\/li>\n<\/ul>\n","protected":false},"excerpt":{"rendered":"<p>Mobil Super 3000 Formula V 5W-30 est une huile moteur haute performance \u00e0 faible teneur en cendres d\u00e9velopp\u00e9e pour r\u00e9pondre aux exigences strictes des intervalles de service prolong\u00e9s tout en contribuant aux \u00e9conomies de carburant et \u00e0 la propret\u00e9 sup\u00e9rieure du moteur.<\/p>\n<h2> <\/h2>\n","protected":false},"featured_media":10102,"template":"","meta":{"_acf_changed":false,"inline_featured_image":false},"product_brand":[],"product_cat":[214],"product_tag":[],"class_list":{"0":"post-9212","1":"product","2":"type-product","3":"status-publish","4":"has-post-thumbnail","6":"product_cat-huiles-moteurs","8":"first","9":"instock","10":"taxable","11":"shipping-taxable","12":"purchasable","13":"product-type-simple"},"acf":[],"_links":{"self":[{"href":"https:\/\/webshop.ingelbeen.be\/fr\/wp-json\/wp\/v2\/product\/9212","targetHints":{"allow":["GET"]}}],"collection":[{"href":"https:\/\/webshop.ingelbeen.be\/fr\/wp-json\/wp\/v2\/product"}],"about":[{"href":"https:\/\/webshop.ingelbeen.be\/fr\/wp-json\/wp\/v2\/types\/product"}],"wp:featuredmedia":[{"embeddable":true,"href":"https:\/\/webshop.ingelbeen.be\/fr\/wp-json\/wp\/v2\/media\/10102"}],"wp:attachment":[{"href":"https:\/\/webshop.ingelbeen.be\/fr\/wp-json\/wp\/v2\/media?parent=9212"}],"wp:term":[{"taxonomy":"product_brand","embeddable":true,"href":"https:\/\/webshop.ingelbeen.be\/fr\/wp-json\/wp\/v2\/product_brand?post=9212"},{"taxonomy":"product_cat","embeddable":true,"href":"https:\/\/webshop.ingelbeen.be\/fr\/wp-json\/wp\/v2\/product_cat?post=9212"},{"taxonomy":"product_tag","embeddable":true,"href":"https:\/\/webshop.ingelbeen.be\/fr\/wp-json\/wp\/v2\/product_tag?post=9212"}],"curies":[{"name":"wp","href":"https:\/\/api.w.org\/{rel}","templated":true}]}}