{"id":9220,"date":"2024-04-30T13:10:41","date_gmt":"2024-04-30T12:10:41","guid":{"rendered":"https:\/\/ingelbeen.kneet.be\/product\/mobil-super-3000-formula-vc-0w-20\/"},"modified":"2024-06-26T16:14:22","modified_gmt":"2024-06-26T15:14:22","slug":"mobil-super-3000-formula-vc-0w-20","status":"publish","type":"product","link":"https:\/\/webshop.ingelbeen.be\/fr\/produit\/mobil-super-3000-formula-vc-0w-20\/","title":{"rendered":"Mobil Super 3000 Formula VC 0W-20"},"content":{"rendered":"<div class=\"compensation des d\u00e9tails du produit\">\n<div class=\"description de l'attribut du produit\">\n<div class=\"description de la valeur\">\n<p> Mobil Super\u2122 3000 Formula VC 0W-20 est une huile moteur haute performance con\u00e7ue pour r\u00e9pondre \u00e0 la sp\u00e9cification Motor Oil VCC RBS0-2AE 0W-20 de Volvo Car Corporation.<\/p><\/div><\/div><\/div>\n<h2>Fonctionnalit\u00e9 et avantages potentiels<\/h2>\n<p> Mobil Super 3000 Formula VC 0W-20 est une huile moteur \u00e0 faible teneur en cendres avec une viscosit\u00e9 HTHS (High Temperature High Shear) inf\u00e9rieure \u00e0 2,75 cP.<br \/>\n Principales caract\u00e9ristiques et avantages\u00a0:<\/p>\n<ul>\n<li>Excellentes capacit\u00e9s \u00e0 basse temp\u00e9rature pour un d\u00e9marrage fiable par temps froid permettant un d\u00e9marrage rapide du moteur<\/li>\n<\/ul>\n<h2>Applications<\/h2>\n<p> Mobil Super 3000 Formula VC 0W-20 \u00e0 utiliser pour les moteurs essence et diesel 4 cylindres fabriqu\u00e9s apr\u00e8s 2014 n\u00e9cessitant la sp\u00e9cification Volvo RBS0-2AE 0W-20. Cette sp\u00e9cification d\u00e9finit les huiles moteur pour les applications de service des moteurs diesel et essence \u00e0 injection directe Volvo Engine Architecture.<\/p>\n<p> Le manuel du propri\u00e9taire doit \u00eatre consult\u00e9 pour les niveaux de viscosit\u00e9 recommand\u00e9s et les sp\u00e9cifications.<\/p>\n<h2>Sp\u00e9cifications et homologations<\/h2>\n<h3>Ce produit poss\u00e8de les approbations de constructeur suivantes<\/h3>\n<ul>\n<li>Volvo Car Corporation<\/li>\n<\/ul>\n","protected":false},"excerpt":{"rendered":"<p>Mobil Super\u2122 3000 Formula VC 0W-20 est une huile moteur haute performance d\u00e9velopp\u00e9e pour r\u00e9pondre \u00e0 la sp\u00e9cification d&rsquo;huile moteur Volvo Car Corporation VCC RBS0-2AE 0W-20.<\/p>\n","protected":false},"featured_media":10102,"template":"","meta":{"_acf_changed":false,"inline_featured_image":false},"product_brand":[],"product_cat":[214],"product_tag":[],"class_list":{"0":"post-9220","1":"product","2":"type-product","3":"status-publish","4":"has-post-thumbnail","6":"product_cat-huiles-moteurs","8":"first","9":"instock","10":"taxable","11":"shipping-taxable","12":"purchasable","13":"product-type-simple"},"acf":[],"_links":{"self":[{"href":"https:\/\/webshop.ingelbeen.be\/fr\/wp-json\/wp\/v2\/product\/9220","targetHints":{"allow":["GET"]}}],"collection":[{"href":"https:\/\/webshop.ingelbeen.be\/fr\/wp-json\/wp\/v2\/product"}],"about":[{"href":"https:\/\/webshop.ingelbeen.be\/fr\/wp-json\/wp\/v2\/types\/product"}],"wp:featuredmedia":[{"embeddable":true,"href":"https:\/\/webshop.ingelbeen.be\/fr\/wp-json\/wp\/v2\/media\/10102"}],"wp:attachment":[{"href":"https:\/\/webshop.ingelbeen.be\/fr\/wp-json\/wp\/v2\/media?parent=9220"}],"wp:term":[{"taxonomy":"product_brand","embeddable":true,"href":"https:\/\/webshop.ingelbeen.be\/fr\/wp-json\/wp\/v2\/product_brand?post=9220"},{"taxonomy":"product_cat","embeddable":true,"href":"https:\/\/webshop.ingelbeen.be\/fr\/wp-json\/wp\/v2\/product_cat?post=9220"},{"taxonomy":"product_tag","embeddable":true,"href":"https:\/\/webshop.ingelbeen.be\/fr\/wp-json\/wp\/v2\/product_tag?post=9220"}],"curies":[{"name":"wp","href":"https:\/\/api.w.org\/{rel}","templated":true}]}}