{"id":9224,"date":"2024-04-30T13:10:40","date_gmt":"2024-04-30T12:10:40","guid":{"rendered":"https:\/\/ingelbeen.kneet.be\/product\/mobil-super-2000-x1-10w-40-5\/"},"modified":"2024-06-26T16:14:18","modified_gmt":"2024-06-26T15:14:18","slug":"mobil-super-2000-x1-10w-40-5","status":"publish","type":"product","link":"https:\/\/webshop.ingelbeen.be\/fr\/produit\/mobil-super-2000-x1-10w-40-5\/","title":{"rendered":"Mobil Super 2000 X1 10W-40"},"content":{"rendered":"<div class=\"compensation des d\u00e9tails du produit\">\n<div class=\"description de l'attribut du produit\">\n<div class=\"description de la valeur\">\n<p> Mobil Super\u2122 2000 X1 10W-40 est une huile moteur semi-synth\u00e9tique qui offre une longue dur\u00e9e de vie du moteur et une protection contre les boues et les salet\u00e9s. porter.<\/p><\/div><\/div><\/div>\n<h2>Fonctionnalit\u00e9 et avantages potentiels<\/h2>\n<p> Les produits Mobil Super 2000 ont fait leurs preuves dans l&rsquo;industrie, vous pouvez donc \u00eatre s\u00fbr que vous obtiendrez les performances que vous attendez de votre v\u00e9hicule. Mobil Super 2000 X1 10W-40 apporte :<\/p>\n<ul>\n<li>Pr\u00e9vention am\u00e9lior\u00e9e des boues<\/li>\n<li>Excellente propret\u00e9 du moteur<\/li>\n<li>Excellente protection contre les temp\u00e9ratures \u00e9lev\u00e9es<\/li>\n<li>Excellente protection contre l&rsquo;usure<\/li>\n<li>Bonnes performances de d\u00e9marrage \u00e0 froid<\/li>\n<\/ul>\n<h2>Applications<\/h2>\n<p> Les produits Mobil Super 2000 sont formul\u00e9s pour vous offrir une protection sup\u00e9rieure \u00e0 celle des huiles conventionnelles. ExxonMobil recommande Mobil Super 2000 X1 10W-40 si vous rencontrez occasionnellement des conditions de conduite exigeantes\u00a0:<\/p>\n<ul>\n<li>Technologies de moteur plus anciennes<\/li>\n<li>Essence et diesel sans filtres \u00e0 particules diesel (DPF)<\/li>\n<li>Voitures particuli\u00e8res, SUV, camions l\u00e9gers et fourgonnettes<\/li>\n<li>Croisi\u00e8re sur autoroute et conduite en ville avec arr\u00eats et d\u00e9parts<\/li>\n<li>Conditions de fonctionnement normales \u00e0 parfois s\u00e9v\u00e8res<\/li>\n<\/ul>\n<p> Consultez toujours votre manuel du propri\u00e9taire pour v\u00e9rifier le degr\u00e9 de viscosit\u00e9 recommand\u00e9 et les sp\u00e9cifications de votre v\u00e9hicule particulier.<\/p>\n<h2>Sp\u00e9cifications et homologations<\/h2>\n<h3>Satisfait ou d\u00e9passe les exigences de<\/h3>\n<ul>\n<li>API SL<\/li>\n<li>AAE (STO 003) Groupe\u00a0B5<\/li>\n<\/ul>\n<h3>Ce produit r\u00e9pond aux exigences selon Exxonmobil<\/h3>\n<ul>\n<li>API\u00a0CF<\/li>\n<\/ul>\n<h3>Ce produit poss\u00e8de les approbations de constructeur suivantes<\/h3>\n<ul>\n<li>VW 501 01<\/li>\n<li>VW 505 00<\/li>\n<\/ul>\n","protected":false},"excerpt":{"rendered":"<p>Mobil Super\u2122 2000 X1 10W-40 est une huile moteur semi-synth\u00e9tique qui offre une longue dur\u00e9e de vie du moteur et une protection contre la formation de boues et l&rsquo;usure.<\/p>\n","protected":false},"featured_media":10221,"template":"","meta":{"_acf_changed":false,"inline_featured_image":false},"product_brand":[],"product_cat":[214],"product_tag":[],"class_list":{"0":"post-9224","1":"product","2":"type-product","3":"status-publish","4":"has-post-thumbnail","6":"product_cat-huiles-moteurs","8":"first","9":"instock","10":"taxable","11":"shipping-taxable","12":"purchasable","13":"product-type-simple"},"acf":[],"_links":{"self":[{"href":"https:\/\/webshop.ingelbeen.be\/fr\/wp-json\/wp\/v2\/product\/9224","targetHints":{"allow":["GET"]}}],"collection":[{"href":"https:\/\/webshop.ingelbeen.be\/fr\/wp-json\/wp\/v2\/product"}],"about":[{"href":"https:\/\/webshop.ingelbeen.be\/fr\/wp-json\/wp\/v2\/types\/product"}],"wp:featuredmedia":[{"embeddable":true,"href":"https:\/\/webshop.ingelbeen.be\/fr\/wp-json\/wp\/v2\/media\/10221"}],"wp:attachment":[{"href":"https:\/\/webshop.ingelbeen.be\/fr\/wp-json\/wp\/v2\/media?parent=9224"}],"wp:term":[{"taxonomy":"product_brand","embeddable":true,"href":"https:\/\/webshop.ingelbeen.be\/fr\/wp-json\/wp\/v2\/product_brand?post=9224"},{"taxonomy":"product_cat","embeddable":true,"href":"https:\/\/webshop.ingelbeen.be\/fr\/wp-json\/wp\/v2\/product_cat?post=9224"},{"taxonomy":"product_tag","embeddable":true,"href":"https:\/\/webshop.ingelbeen.be\/fr\/wp-json\/wp\/v2\/product_tag?post=9224"}],"curies":[{"name":"wp","href":"https:\/\/api.w.org\/{rel}","templated":true}]}}