{"id":9226,"date":"2024-04-30T13:10:40","date_gmt":"2024-04-30T12:10:40","guid":{"rendered":"https:\/\/ingelbeen.kneet.be\/product\/mobil-super-3000-0w-20\/"},"modified":"2024-06-26T16:14:18","modified_gmt":"2024-06-26T15:14:18","slug":"mobil-super-3000-0w-20","status":"publish","type":"product","link":"https:\/\/webshop.ingelbeen.be\/fr\/produit\/mobil-super-3000-0w-20\/","title":{"rendered":"Mobil Super 3000 0W-20"},"content":{"rendered":"<div class=\"compensation des d\u00e9tails du produit\">\n<div class=\"description de l'attribut du produit\">\n<div class=\"description de la valeur\">\n<p> Mobil Super\u2122 3000 est une huile moteur synth\u00e9tique qui offre une excellente protection contre les temp\u00e9ratures \u00e9lev\u00e9es, m\u00eame dans des conditions de fonctionnement difficiles.\u00a0Mobil Super 3000 est con\u00e7u pour offrir une longue dur\u00e9e de vie du moteur et une protection exceptionnelle aux v\u00e9hicules de tous \u00e2ges. Mobil Super 3000 offre une protection exceptionnelle contre les boues, la rouille et la corrosion du moteur dans des conditions de fonctionnement s\u00e9v\u00e8res et \u00e0 basse temp\u00e9rature et offre une viscosit\u00e9 et une fluidit\u00e9 optimales sur une large plage de temp\u00e9ratures.<\/p>\n<p> Mobil Super 3000 0W-20 est class\u00e9 par l&rsquo;American Petroleum Institute (API) comme lubrifiant moteur \u00ab \u00e9conome en ressources \u00bb et respecte ou d\u00e9passe l&rsquo;ILSAC GF-5 et le service API SN. Ces affirmations sont r\u00e9trocompatibles avec les niveaux de performances ant\u00e9rieurs tels que les cat\u00e9gories API SM, SL et SJ et les cat\u00e9gories ILSAC pr\u00e9c\u00e9dentes.<\/p><\/div><\/div><\/div>\n<h2>Fonctionnalit\u00e9 et avantages potentiels<\/h2>\n<ul>\n<li>Contribue \u00e0 prolonger la dur\u00e9e de vie du moteur<\/li>\n<li>Protection exceptionnelle contre l&rsquo;usure pour les v\u00e9hicules de tous \u00e2ges<\/li>\n<li>Excellente protection contre les hautes temp\u00e9ratures pour aider \u00e0 garder les moteurs au frais<\/li>\n<li>Permet un fonctionnement prolong\u00e9 \u00e0 des temp\u00e9ratures \u00e9lev\u00e9es (jusqu&rsquo;\u00e0 400\u00a0\u00baF) sans \u00e9paississement et d\u00e9gradation de l&rsquo;huile par oxydation<\/li>\n<li>Aide \u00e0 contr\u00f4ler la consommation et les pertes d&rsquo;huile<\/li>\n<li>Mobil Super 3000 0W-20 convient aux v\u00e9hicules Honda et Toyota pour lesquels une viscosit\u00e9 0W-20 est requise<\/li>\n<li>Permet un d\u00e9marrage facile et une circulation rapide de l&rsquo;huile lors des d\u00e9marrages \u00e0 froid afin de prot\u00e9ger les pi\u00e8ces critiques du moteur<\/li>\n<li>Satisfait ou d\u00e9passe les derni\u00e8res sp\u00e9cifications du secteur<\/li>\n<li>Conservation des ressources API SN<\/li>\n<\/ul>\n<h2>Applications<\/h2>\n<ul>\n<li>Mobil Super 3000 0W-20 est recommand\u00e9 pour les automobiles \u00e0 essence pour lesquelles une viscosit\u00e9 de 0W-20 est requise. Il satisfait ou d\u00e9passe les exigences API SN, SM, SL ou SJ et ILSAC GF-5 (symbole de certification Starburst).\u00a0Il r\u00e9pond \u00e9galement aux normes Ford WSS-M2C947-A.<\/li>\n<\/ul>\n<h2>Sp\u00e9cifications et homologations<\/h2>\n<h3>Satisfait ou d\u00e9passe les exigences de<\/h3>\n<ul>\n<li>API SN<\/li>\n<li>API SM<\/li>\n<li>API SL<\/li>\n<li>API\u00a0SJ<\/li>\n<li>Ford WSS-M2C947-A<\/li>\n<li>ILSAC GF-5<\/li>\n<\/ul>\n","protected":false},"excerpt":{"rendered":"<p>Mobil Super\u2122 3000 est une huile moteur synth\u00e9tique qui offre une protection excellente \u00e0 des temp\u00e9ratures \u00e9lev\u00e9es, m\u00eame dans des conditions de fonctionnement s\u00e9v\u00e8res.<\/p>\n","protected":false},"featured_media":10102,"template":"","meta":{"_acf_changed":false,"inline_featured_image":false},"product_brand":[],"product_cat":[214],"product_tag":[],"class_list":{"0":"post-9226","1":"product","2":"type-product","3":"status-publish","4":"has-post-thumbnail","6":"product_cat-huiles-moteurs","8":"first","9":"instock","10":"taxable","11":"shipping-taxable","12":"purchasable","13":"product-type-simple"},"acf":[],"_links":{"self":[{"href":"https:\/\/webshop.ingelbeen.be\/fr\/wp-json\/wp\/v2\/product\/9226","targetHints":{"allow":["GET"]}}],"collection":[{"href":"https:\/\/webshop.ingelbeen.be\/fr\/wp-json\/wp\/v2\/product"}],"about":[{"href":"https:\/\/webshop.ingelbeen.be\/fr\/wp-json\/wp\/v2\/types\/product"}],"wp:featuredmedia":[{"embeddable":true,"href":"https:\/\/webshop.ingelbeen.be\/fr\/wp-json\/wp\/v2\/media\/10102"}],"wp:attachment":[{"href":"https:\/\/webshop.ingelbeen.be\/fr\/wp-json\/wp\/v2\/media?parent=9226"}],"wp:term":[{"taxonomy":"product_brand","embeddable":true,"href":"https:\/\/webshop.ingelbeen.be\/fr\/wp-json\/wp\/v2\/product_brand?post=9226"},{"taxonomy":"product_cat","embeddable":true,"href":"https:\/\/webshop.ingelbeen.be\/fr\/wp-json\/wp\/v2\/product_cat?post=9226"},{"taxonomy":"product_tag","embeddable":true,"href":"https:\/\/webshop.ingelbeen.be\/fr\/wp-json\/wp\/v2\/product_tag?post=9226"}],"curies":[{"name":"wp","href":"https:\/\/api.w.org\/{rel}","templated":true}]}}