{"id":9228,"date":"2024-04-30T13:10:40","date_gmt":"2024-04-30T12:10:40","guid":{"rendered":"https:\/\/ingelbeen.kneet.be\/product\/mobil-super-3000-formula-c1-5w-30\/"},"modified":"2024-06-26T16:14:19","modified_gmt":"2024-06-26T15:14:19","slug":"mobil-super-3000-formula-c1-5w-30","status":"publish","type":"product","link":"https:\/\/webshop.ingelbeen.be\/fr\/produit\/mobil-super-3000-formula-c1-5w-30\/","title":{"rendered":"Mobil Super 3000 Formula C1 5W-30"},"content":{"rendered":"<div class=\"compensation des d\u00e9tails du produit\">\n<div class=\"description de l'attribut du produit\">\n<div class=\"description de la valeur\">\n<p> Mobil Super\u2122 3000 Formula 5W-30 est une huile moteur haute performance \u00e0 faible teneur en cendres ACEA C1 con\u00e7ue pour aider \u00e0 prolonger la dur\u00e9e de vie et \u00e0 maintenir l&rsquo;efficacit\u00e9 des syst\u00e8mes de r\u00e9duction des \u00e9missions d&rsquo;\u00e9chappement des voitures \u00e0 moteur diesel et \u00e0 essence.<\/p><\/div><\/div><\/div>\n<h2>Fonctionnalit\u00e9 et avantages potentiels<\/h2>\n<p> Mobil Super 3000 Formula 5W-30 offre d&rsquo;excellentes performances \u00e0 des temp\u00e9ratures de fonctionnement basses et \u00e9lev\u00e9es et une protection du moteur \u00e0 long terme. Les principales caract\u00e9ristiques et avantages incluent\u00a0:<\/p>\n<p> \u2022 Aide \u00e0 maintenir l&rsquo;efficacit\u00e9 des filtres \u00e0 particules diesel et des convertisseurs catalytiques \u00e0 essence<\/p>\n<p> \u2022 Prot\u00e8ge les moteurs de l&rsquo;usure et de l&rsquo;accumulation de d\u00e9p\u00f4ts<\/p>\n<p> \u2022 Aide \u00e0 l&rsquo;\u00e9conomie de carburant gr\u00e2ce \u00e0 une friction r\u00e9duite<\/p>\n<p> \u2022\u00a0Convient pour une utilisation dans les voitures particuli\u00e8res \u00e0 essence et diesel et les v\u00e9hicules utilitaires l\u00e9gers<\/p>\n<h2>Applications<\/h2>\n<p> Mobil Super 3000 Formula 5W-30 est recommand\u00e9 par ExxonMobil pour les applications n\u00e9cessitant Ford WSS-M2C934-B et Jaguar Land Rover STJLR.03.5005 qui comprend les v\u00e9hicules Jaguar et Land Rover de janvier 2009 \u00e9quip\u00e9s du moteur diesel V6 de 3,0 litres et des moteurs diesel Mazda. \u00e9quip\u00e9 d&rsquo;un filtre \u00e0 particules diesel (DPF) \u00e0 partir de 2005<\/p>\n<h2>Sp\u00e9cifications et homologations<\/h2>\n<h3>Satisfait ou d\u00e9passe les exigences de<\/h3>\n<ul>\n<li>ACEA\u00a0C1<\/li>\n<li>Ford WSS-M2C934-A<\/li>\n<\/ul>\n<h3>Ce produit poss\u00e8de les approbations de constructeur suivantes<\/h3>\n<ul>\n<li>Jaguar Land Rover STJLR.03.5005<\/li>\n<\/ul>\n","protected":false},"excerpt":{"rendered":"<p>Mobil Super\u2122 3000 Formula 5W-30 est une huile moteur haute performance et \u00e0 faible teneur en cendres con\u00e7ue pour prolonger la dur\u00e9e de vie des syst\u00e8mes de r\u00e9duction des \u00e9missions d&rsquo;\u00e9chappement et maintenir leur efficacit\u00e9 dans les voitures diesel et essence.<\/p>\n","protected":false},"featured_media":10102,"template":"","meta":{"_acf_changed":false,"inline_featured_image":false},"product_brand":[],"product_cat":[214],"product_tag":[],"class_list":{"0":"post-9228","1":"product","2":"type-product","3":"status-publish","4":"has-post-thumbnail","6":"product_cat-huiles-moteurs","8":"first","9":"instock","10":"taxable","11":"shipping-taxable","12":"purchasable","13":"product-type-simple"},"acf":[],"_links":{"self":[{"href":"https:\/\/webshop.ingelbeen.be\/fr\/wp-json\/wp\/v2\/product\/9228","targetHints":{"allow":["GET"]}}],"collection":[{"href":"https:\/\/webshop.ingelbeen.be\/fr\/wp-json\/wp\/v2\/product"}],"about":[{"href":"https:\/\/webshop.ingelbeen.be\/fr\/wp-json\/wp\/v2\/types\/product"}],"wp:featuredmedia":[{"embeddable":true,"href":"https:\/\/webshop.ingelbeen.be\/fr\/wp-json\/wp\/v2\/media\/10102"}],"wp:attachment":[{"href":"https:\/\/webshop.ingelbeen.be\/fr\/wp-json\/wp\/v2\/media?parent=9228"}],"wp:term":[{"taxonomy":"product_brand","embeddable":true,"href":"https:\/\/webshop.ingelbeen.be\/fr\/wp-json\/wp\/v2\/product_brand?post=9228"},{"taxonomy":"product_cat","embeddable":true,"href":"https:\/\/webshop.ingelbeen.be\/fr\/wp-json\/wp\/v2\/product_cat?post=9228"},{"taxonomy":"product_tag","embeddable":true,"href":"https:\/\/webshop.ingelbeen.be\/fr\/wp-json\/wp\/v2\/product_tag?post=9228"}],"curies":[{"name":"wp","href":"https:\/\/api.w.org\/{rel}","templated":true}]}}