{"id":9234,"date":"2024-04-30T13:10:40","date_gmt":"2024-04-30T12:10:40","guid":{"rendered":"https:\/\/ingelbeen.kneet.be\/product\/mobil-super-3000-formula-f-0w-30-3\/"},"modified":"2024-06-26T16:14:19","modified_gmt":"2024-06-26T15:14:19","slug":"mobil-super-3000-formula-f-0w-30-3","status":"publish","type":"product","link":"https:\/\/webshop.ingelbeen.be\/fr\/produit\/mobil-super-3000-formula-f-0w-30-3\/","title":{"rendered":"Mobil Super 3000 Formula F 0W-30"},"content":{"rendered":"<div class=\"compensation des d\u00e9tails du produit\">\n<div class=\"description de l'attribut du produit\">\n<div class=\"description de la valeur\">\n<p> Mobil Super 3000 Formula F 0W-30 est une huile moteur enti\u00e8rement synth\u00e9tique d\u00e9velopp\u00e9e pour r\u00e9pondre \u00e0 l&rsquo;exigence Ford \u00ab WSS-M2C950-A \u00bb. Il est con\u00e7u pour contribuer \u00e0 assurer une longue dur\u00e9e de vie du moteur et une protection exceptionnelle aux moteurs diesel d&rsquo;une large gamme de mod\u00e8les de v\u00e9hicules de tourisme et de v\u00e9hicules utilitaires l\u00e9gers r\u00e9cemment produits par Ford.<\/p><\/div><\/div><\/div>\n<h2>Fonctionnalit\u00e9 et avantages potentiels<\/h2>\n<p> Mobil Super 3000 Formula F 0W-30 r\u00e9pond aux exigences techniques selon la norme Ford WSS-M2C950-A, bas\u00e9e sur les tests moteur OEM. L&rsquo;utilisation de ce produit est cens\u00e9e offrir les avantages suivants\u00a0:<\/p>\n<ul>\n<li>Augmentation de l&rsquo;\u00e9conomie de carburant<\/li>\n<li>Dur\u00e9e de vie prolong\u00e9e du filtre \u00e0 particules diesel<\/li>\n<li>Propri\u00e9t\u00e9s am\u00e9lior\u00e9es \u00e0 basse temp\u00e9rature<\/li>\n<\/ul>\n<h2>Applications<\/h2>\n<p> Mobil Super 3000 Formula F 0W-30 r\u00e9pond \u00e0 l&rsquo;exigence Ford \u00ab WSS-M2C950-A \u00bb et peut \u00eatre utilis\u00e9e pour les moteurs diesel d&rsquo;une large gamme de mod\u00e8les de v\u00e9hicules de tourisme et de v\u00e9hicules utilitaires l\u00e9gers r\u00e9cemment produits par Ford.<\/p>\n<p> Le manuel du propri\u00e9taire doit \u00eatre consult\u00e9 pour conna\u00eetre les niveaux de viscosit\u00e9 et les sp\u00e9cifications recommand\u00e9s.<\/p>\n<h2>Sp\u00e9cifications et homologations<\/h2>\n<h3>Satisfait ou d\u00e9passe les exigences de<\/h3>\n<ul>\n<li>FORD WSS-M2C950-A<\/li>\n<li>ACEA\u00a0A5\/B5<\/li>\n<li>ACEA\u00a0A1\/B1<\/li>\n<li>ACEA\u00a0C2<\/li>\n<\/ul>\n","protected":false},"excerpt":{"rendered":"<p>Mobil Super 3000 Formula F 0W-30 est une huile moteur enti\u00e8rement synth\u00e9tique d\u00e9velopp\u00e9e pour r\u00e9pondre \u00e0 l&rsquo;exigence Ford \u00ab\u00a0WSS-M2C950-A\u00a0\u00bb. Elle est con\u00e7ue pour favoriser une longue dur\u00e9e de vie du moteur et offrir une protection excellente pour les moteurs diesel dans une large gamme de voitures particuli\u00e8res et de v\u00e9hicules utilitaires l\u00e9gers Ford r\u00e9cemment produits.<\/p>\n","protected":false},"featured_media":10230,"template":"","meta":{"_acf_changed":false,"inline_featured_image":false},"product_brand":[],"product_cat":[214],"product_tag":[],"class_list":{"0":"post-9234","1":"product","2":"type-product","3":"status-publish","4":"has-post-thumbnail","6":"product_cat-huiles-moteurs","8":"first","9":"instock","10":"taxable","11":"shipping-taxable","12":"purchasable","13":"product-type-simple"},"acf":[],"_links":{"self":[{"href":"https:\/\/webshop.ingelbeen.be\/fr\/wp-json\/wp\/v2\/product\/9234","targetHints":{"allow":["GET"]}}],"collection":[{"href":"https:\/\/webshop.ingelbeen.be\/fr\/wp-json\/wp\/v2\/product"}],"about":[{"href":"https:\/\/webshop.ingelbeen.be\/fr\/wp-json\/wp\/v2\/types\/product"}],"wp:featuredmedia":[{"embeddable":true,"href":"https:\/\/webshop.ingelbeen.be\/fr\/wp-json\/wp\/v2\/media\/10230"}],"wp:attachment":[{"href":"https:\/\/webshop.ingelbeen.be\/fr\/wp-json\/wp\/v2\/media?parent=9234"}],"wp:term":[{"taxonomy":"product_brand","embeddable":true,"href":"https:\/\/webshop.ingelbeen.be\/fr\/wp-json\/wp\/v2\/product_brand?post=9234"},{"taxonomy":"product_cat","embeddable":true,"href":"https:\/\/webshop.ingelbeen.be\/fr\/wp-json\/wp\/v2\/product_cat?post=9234"},{"taxonomy":"product_tag","embeddable":true,"href":"https:\/\/webshop.ingelbeen.be\/fr\/wp-json\/wp\/v2\/product_tag?post=9234"}],"curies":[{"name":"wp","href":"https:\/\/api.w.org\/{rel}","templated":true}]}}