{"id":9242,"date":"2024-04-30T13:10:40","date_gmt":"2024-04-30T12:10:40","guid":{"rendered":"https:\/\/ingelbeen.kneet.be\/product\/mobil-super-3000-formula-f-5w-20-3\/"},"modified":"2024-06-26T16:14:19","modified_gmt":"2024-06-26T15:14:19","slug":"mobil-super-3000-formula-f-5w-20-3","status":"publish","type":"product","link":"https:\/\/webshop.ingelbeen.be\/fr\/produit\/mobil-super-3000-formula-f-5w-20-3\/","title":{"rendered":"Mobil Super 3000 Formula F 5W-20"},"content":{"rendered":"<div class=\"compensation des d\u00e9tails du produit\">\n<div class=\"description de l'attribut du produit\">\n<div class=\"description de la valeur\">\n<p> Mobil Super 3000 Formula F 5W-20 est d\u00e9velopp\u00e9 pour r\u00e9pondre \u00e0 l&rsquo;exigence Ford \u00ab Ford WSS-M2C948-B \u00bb. Ford WSS-M2C948-B est une exigence sp\u00e9cifique pour les moteurs EcoBoost 1,0 L, 3 cylindres, l&rsquo;huile r\u00e9pondant \u00e0 la norme Ford WSS-M2C948-B peut \u00eatre utilis\u00e9e pour la plupart des moteurs \u00e0 essence Ford comme mentionn\u00e9 dans les applications.<\/p><\/div><\/div><\/div>\n<h2>Fonctionnalit\u00e9 et avantages potentiels<\/h2>\n<p> Mobil Super 3000 Formula F 5W-20 est une huile moteur \u00e0 base de cendres standard avec une faible viscosit\u00e9 HTHS (High Temperature High Shear) inf\u00e9rieure \u00e0 2,9 cP. Le produit est test\u00e9 par l\u2019industrie afin que vous puissiez \u00eatre s\u00fbr qu\u2019il offrira des performances fiables au moteur de votre v\u00e9hicule.<\/p>\n<h2>Applications<\/h2>\n<p> Mobil Super 3000 formule F 5W-20 peut \u00eatre utilis\u00e9e pour tous les moteurs \u00e0 essence Ford \u00e0 l&rsquo;exception de Ford KA (\u00e0 partir de l&rsquo;AM 2009) et de la Ford Focus RS (AM 2004.75).<\/p>\n<p> Le manuel du propri\u00e9taire doit \u00eatre consult\u00e9 pour les niveaux de viscosit\u00e9 recommand\u00e9s et les sp\u00e9cifications.<\/p>\n<h2>Sp\u00e9cifications et homologations<\/h2>\n<h3>Satisfait ou d\u00e9passe les exigences de<\/h3>\n<ul>\n<li>API SN<\/li>\n<li>Ford WSS-M2C948-B<\/li>\n<\/ul>\n","protected":false},"excerpt":{"rendered":"<p>Mobil Super 3000 Formula F 5W-20 est d\u00e9velopp\u00e9e pour r\u00e9pondre \u00e0 l&rsquo;exigence Ford \u00ab\u00a0Ford WSS-M2C948-B\u00a0\u00bb. Ford WSS-M2C948-B est une exigence sp\u00e9cifique pour le moteur EcoBoost 1.0L, 3 cylindres, et l&rsquo;huile r\u00e9pondant \u00e0 Ford WSS-M2C948-B peut \u00eatre utilis\u00e9e pour la plupart des moteurs \u00e0 essence Ford mentionn\u00e9s dans les applications.<\/p>\n","protected":false},"featured_media":10372,"template":"","meta":{"_acf_changed":false,"inline_featured_image":false},"product_brand":[],"product_cat":[214],"product_tag":[],"class_list":{"0":"post-9242","1":"product","2":"type-product","3":"status-publish","4":"has-post-thumbnail","6":"product_cat-huiles-moteurs","8":"first","9":"instock","10":"taxable","11":"shipping-taxable","12":"purchasable","13":"product-type-simple"},"acf":[],"_links":{"self":[{"href":"https:\/\/webshop.ingelbeen.be\/fr\/wp-json\/wp\/v2\/product\/9242","targetHints":{"allow":["GET"]}}],"collection":[{"href":"https:\/\/webshop.ingelbeen.be\/fr\/wp-json\/wp\/v2\/product"}],"about":[{"href":"https:\/\/webshop.ingelbeen.be\/fr\/wp-json\/wp\/v2\/types\/product"}],"wp:featuredmedia":[{"embeddable":true,"href":"https:\/\/webshop.ingelbeen.be\/fr\/wp-json\/wp\/v2\/media\/10372"}],"wp:attachment":[{"href":"https:\/\/webshop.ingelbeen.be\/fr\/wp-json\/wp\/v2\/media?parent=9242"}],"wp:term":[{"taxonomy":"product_brand","embeddable":true,"href":"https:\/\/webshop.ingelbeen.be\/fr\/wp-json\/wp\/v2\/product_brand?post=9242"},{"taxonomy":"product_cat","embeddable":true,"href":"https:\/\/webshop.ingelbeen.be\/fr\/wp-json\/wp\/v2\/product_cat?post=9242"},{"taxonomy":"product_tag","embeddable":true,"href":"https:\/\/webshop.ingelbeen.be\/fr\/wp-json\/wp\/v2\/product_tag?post=9242"}],"curies":[{"name":"wp","href":"https:\/\/api.w.org\/{rel}","templated":true}]}}