{"id":9246,"date":"2024-04-30T13:10:40","date_gmt":"2024-04-30T12:10:40","guid":{"rendered":"https:\/\/ingelbeen.kneet.be\/product\/mobil-super-3000-formula-g-5w-30\/"},"modified":"2024-06-26T16:14:20","modified_gmt":"2024-06-26T15:14:20","slug":"mobil-super-3000-formula-g-5w-30","status":"publish","type":"product","link":"https:\/\/webshop.ingelbeen.be\/fr\/produit\/mobil-super-3000-formula-g-5w-30\/","title":{"rendered":"Mobil Super 3000 Formula G 5W-30"},"content":{"rendered":"<p>Mobil Super 3000 Formula G 5W-30 offre d&rsquo;excellentes performances \u00e0 des temp\u00e9ratures de fonctionnement basses et \u00e9lev\u00e9es et une protection du moteur \u00e0 long terme. Les principales caract\u00e9ristiques et avantages incluent\u00a0:<\/p>\n<p> \u2022\u00a0\u00a0Contribue \u00e0 maintenir l&rsquo;efficacit\u00e9 des filtres \u00e0 particules diesel et des convertisseurs catalytiques essence.<\/p>\n<p> \u2022\u00a0\u00a0Prot\u00e8ge les moteurs de l&rsquo;usure et de l&rsquo;accumulation de d\u00e9p\u00f4ts.<\/p>\n<p> \u2022\u00a0Contribue \u00e0 \u00e9conomiser du carburant gr\u00e2ce \u00e0 une friction r\u00e9duite<\/p>\n<p> \u2022\u00a0\u00a0Convient pour une utilisation dans les voitures particuli\u00e8res et les v\u00e9hicules utilitaires l\u00e9gers \u00e0 essence et diesel<\/p>\n<h2>Applications<\/h2>\n<p> dexos2\u2122 est requis pour tous les nouveaux mod\u00e8les GM\/Opel\/Vauxhall\/Chevrolet Diesel et Essence 2010. GM\/Opel a indiqu\u00e9 que la sp\u00e9cification dexos2\u2122 est r\u00e9trocompatible avec les anciennes sp\u00e9cifications GM\/Opel (GM-LL-A-025 et GM-B-LL-025).\u00a0 La majorit\u00e9 des v\u00e9hicules GM\/Opel\/Vauxhall\/Chevrolet Diesel et Essence peuvent utiliser les lubrifiants dexos2\u2122.<\/p>\n<h2>Sp\u00e9cifications et homologations<\/h2>\n<h3>Satisfait ou d\u00e9passe les exigences de<\/h3>\n<ul>\n<li>ACEA\u00a0C3<\/li>\n<li>API SL<\/li>\n<li>API SM<\/li>\n<li>API SN<\/li>\n<\/ul>\n<h3>Ce produit r\u00e9pond aux exigences selon Exxonmobil<\/h3>\n<ul>\n<li>GM-LL-A-025<\/li>\n<li>GM-LL-B-015<\/li>\n<\/ul>\n<h3>Ce produit poss\u00e8de les approbations de constructeur suivantes<\/h3>\n<ul>\n<li>GM dexos2<\/li>\n<li>VW 505 00<\/li>\n<li>VW505 01<\/li>\n<\/ul>\n","protected":false},"excerpt":{"rendered":"<p>Mobil Super 3000 Formula G 5W-30 est une huile moteur haute performance \u00e0 faible teneur en cendres d\u00e9velopp\u00e9e pour prolonger la dur\u00e9e de vie des syst\u00e8mes de r\u00e9duction des \u00e9missions d&rsquo;\u00e9chappement et maintenir leur efficacit\u00e9 dans les voitures diesel et essence.<\/p>\n","protected":false},"featured_media":10102,"template":"","meta":{"_acf_changed":false,"inline_featured_image":false},"product_brand":[],"product_cat":[214],"product_tag":[],"class_list":{"0":"post-9246","1":"product","2":"type-product","3":"status-publish","4":"has-post-thumbnail","6":"product_cat-huiles-moteurs","8":"first","9":"instock","10":"taxable","11":"shipping-taxable","12":"purchasable","13":"product-type-simple"},"acf":[],"_links":{"self":[{"href":"https:\/\/webshop.ingelbeen.be\/fr\/wp-json\/wp\/v2\/product\/9246","targetHints":{"allow":["GET"]}}],"collection":[{"href":"https:\/\/webshop.ingelbeen.be\/fr\/wp-json\/wp\/v2\/product"}],"about":[{"href":"https:\/\/webshop.ingelbeen.be\/fr\/wp-json\/wp\/v2\/types\/product"}],"wp:featuredmedia":[{"embeddable":true,"href":"https:\/\/webshop.ingelbeen.be\/fr\/wp-json\/wp\/v2\/media\/10102"}],"wp:attachment":[{"href":"https:\/\/webshop.ingelbeen.be\/fr\/wp-json\/wp\/v2\/media?parent=9246"}],"wp:term":[{"taxonomy":"product_brand","embeddable":true,"href":"https:\/\/webshop.ingelbeen.be\/fr\/wp-json\/wp\/v2\/product_brand?post=9246"},{"taxonomy":"product_cat","embeddable":true,"href":"https:\/\/webshop.ingelbeen.be\/fr\/wp-json\/wp\/v2\/product_cat?post=9246"},{"taxonomy":"product_tag","embeddable":true,"href":"https:\/\/webshop.ingelbeen.be\/fr\/wp-json\/wp\/v2\/product_tag?post=9246"}],"curies":[{"name":"wp","href":"https:\/\/api.w.org\/{rel}","templated":true}]}}