{"id":9248,"date":"2024-04-30T13:10:40","date_gmt":"2024-04-30T12:10:40","guid":{"rendered":"https:\/\/ingelbeen.kneet.be\/product\/mobil-super-3000-formula-ld-0w-30\/"},"modified":"2024-06-26T16:14:20","modified_gmt":"2024-06-26T15:14:20","slug":"mobil-super-3000-formula-ld-0w-30","status":"publish","type":"product","link":"https:\/\/webshop.ingelbeen.be\/fr\/produit\/mobil-super-3000-formula-ld-0w-30\/","title":{"rendered":"Mobil Super 3000 Formula LD 0W-30"},"content":{"rendered":"<div class=\"compensation des d\u00e9tails du produit\">\n<div class=\"description de l'attribut du produit\">\n<div class=\"description de la valeur\">\n<p> Mobil Super\u2122\u00a03000 Formula LD 0W-30\u00a0est une huile moteur enti\u00e8rement synth\u00e9tique pour les moteurs \u00e0 essence et diesel l\u00e9gers. Il est con\u00e7u pour r\u00e9pondre aux exigences exigeantes en mati\u00e8re de dur\u00e9e de vie prolong\u00e9e et pour apporter une contribution significative \u00e0 l&rsquo;\u00e9conomie de carburant et \u00e0 la propret\u00e9 du moteur.<\/p><\/div><\/div><\/div>\n<h2>Fonctionnalit\u00e9 et avantages potentiels<\/h2>\n<p> Mobil Super 3000 Formula LD 0W-30 offre les caract\u00e9ristiques et avantages suivants\u00a0:<\/p>\n<ul>\n<li>La formulation enti\u00e8rement synth\u00e9tique offre une capacit\u00e9 de vidange d&rsquo;huile \u00e9tendue dans les voitures VW-Audi en utilisant le programme d&rsquo;entretien long (EDI) associ\u00e9 aux sp\u00e9cifications VW 506 01<\/li>\n<li>Une excellente fluidit\u00e9 \u00e0 basse temp\u00e9rature assure une circulation rapide et une protection contre l&rsquo;usure au d\u00e9marrage, en particulier \u00e0 froid<\/li>\n<li>Une excellente stabilit\u00e9 \u00e0 l&rsquo;oxydation et thermique offre une protection en cas d&rsquo;exposition \u00e0 des temp\u00e9ratures \u00e9lev\u00e9es et \u00e0 un service exigeant<\/li>\n<\/ul>\n<h2>Applications<\/h2>\n<p> Mobil Super 3000 Formula LD 0W-30 doit \u00eatre utilis\u00e9 dans les v\u00e9hicules VW et Audi fonctionnant selon les recommandations sp\u00e9cifiques de vidange d&rsquo;huile de service associ\u00e9es aux sp\u00e9cifications VW 506 01. Ces v\u00e9hicules auront d\u00e9j\u00e0 \u00e9t\u00e9 remplis d\u2019une huile de cette qualit\u00e9 en usine.<\/p>\n<h2>Sp\u00e9cifications et homologations<\/h2>\n<h3>Ce produit poss\u00e8de les approbations de constructeur suivantes<\/h3>\n<ul>\n<li>Volkswagen\u00a0:\u00a0VW 506 01<\/li>\n<\/ul>\n","protected":false},"excerpt":{"rendered":"<p>Mobil Super\u2122 3000 Formula LD 0W-30 est une huile moteur enti\u00e8rement synth\u00e9tique pour moteurs essence et diesel l\u00e9gers. Elle est con\u00e7ue pour r\u00e9pondre aux exigences strictes des intervalles de service prolong\u00e9s et contribuer aux \u00e9conomies de carburant et \u00e0 la propret\u00e9 du moteur.<\/p>\n","protected":false},"featured_media":10102,"template":"","meta":{"_acf_changed":false,"inline_featured_image":false},"product_brand":[],"product_cat":[214],"product_tag":[],"class_list":{"0":"post-9248","1":"product","2":"type-product","3":"status-publish","4":"has-post-thumbnail","6":"product_cat-huiles-moteurs","8":"first","9":"instock","10":"taxable","11":"shipping-taxable","12":"purchasable","13":"product-type-simple"},"acf":[],"_links":{"self":[{"href":"https:\/\/webshop.ingelbeen.be\/fr\/wp-json\/wp\/v2\/product\/9248","targetHints":{"allow":["GET"]}}],"collection":[{"href":"https:\/\/webshop.ingelbeen.be\/fr\/wp-json\/wp\/v2\/product"}],"about":[{"href":"https:\/\/webshop.ingelbeen.be\/fr\/wp-json\/wp\/v2\/types\/product"}],"wp:featuredmedia":[{"embeddable":true,"href":"https:\/\/webshop.ingelbeen.be\/fr\/wp-json\/wp\/v2\/media\/10102"}],"wp:attachment":[{"href":"https:\/\/webshop.ingelbeen.be\/fr\/wp-json\/wp\/v2\/media?parent=9248"}],"wp:term":[{"taxonomy":"product_brand","embeddable":true,"href":"https:\/\/webshop.ingelbeen.be\/fr\/wp-json\/wp\/v2\/product_brand?post=9248"},{"taxonomy":"product_cat","embeddable":true,"href":"https:\/\/webshop.ingelbeen.be\/fr\/wp-json\/wp\/v2\/product_cat?post=9248"},{"taxonomy":"product_tag","embeddable":true,"href":"https:\/\/webshop.ingelbeen.be\/fr\/wp-json\/wp\/v2\/product_tag?post=9248"}],"curies":[{"name":"wp","href":"https:\/\/api.w.org\/{rel}","templated":true}]}}