{"id":9250,"date":"2024-04-30T13:10:40","date_gmt":"2024-04-30T12:10:40","guid":{"rendered":"https:\/\/ingelbeen.kneet.be\/product\/mobil-super-3000-formula-m-5w-30\/"},"modified":"2024-06-26T16:14:20","modified_gmt":"2024-06-26T15:14:20","slug":"mobil-super-3000-formula-m-5w-30","status":"publish","type":"product","link":"https:\/\/webshop.ingelbeen.be\/fr\/produit\/mobil-super-3000-formula-m-5w-30\/","title":{"rendered":"Mobil Super 3000 Formula M 5W-30"},"content":{"rendered":"<div class=\"compensation des d\u00e9tails du produit\">\n<div class=\"description de l'attribut du produit\">\n<div class=\"description de la valeur\">\n<p> Mobil Super 3000 Formula M 5W-30 est une huile moteur haute performance principalement destin\u00e9e \u00e0 \u00eatre utilis\u00e9e dans les v\u00e9hicules Mercedes Benz (MB) o\u00f9 un produit pour des intervalles d&rsquo;entretien prolong\u00e9s (Long Life) est requis.<\/p><\/div><\/div><\/div>\n<h2>Fonctionnalit\u00e9 et avantages potentiels<\/h2>\n<p> Mobil Super 3000 Formula M 5W-30 offre les caract\u00e9ristiques et avantages suivants\u00a0:<\/p>\n<ul>\n<li>Permet un fonctionnement prolong\u00e9 \u00e0 des temp\u00e9ratures \u00e9lev\u00e9es sans \u00e9paississement et d\u00e9gradation de l&rsquo;huile par oxydation.<\/li>\n<li>Offre une excellente fluidit\u00e9 \u00e0 basse temp\u00e9rature permettant un d\u00e9marrage facile en hiver et une circulation rapide de l&rsquo;huile autour du moteur.<\/li>\n<li>Convient pour une utilisation dans les voitures particuli\u00e8res et les v\u00e9hicules utilitaires l\u00e9gers \u00e0 moteur essence et diesel.<\/li>\n<\/ul>\n<h2>Applications<\/h2>\n<p> Mobil Super 3000 Formula M 5W-30 a \u00e9t\u00e9 d\u00e9velopp\u00e9 pour r\u00e9pondre aux sp\u00e9cifications les plus \u00e9lev\u00e9es en mati\u00e8re d&rsquo;huiles moteur requises par Mercedes Benz. Il offre d&rsquo;excellentes performances \u00e0 des temp\u00e9ratures de fonctionnement tr\u00e8s basses et tr\u00e8s \u00e9lev\u00e9es et une protection du moteur \u00e0 long terme contre l&rsquo;usure et les boues.<\/p>\n","protected":false},"excerpt":{"rendered":"<p>Mobil Super 3000 Formula M 5W-30 est une huile moteur haute performance principalement destin\u00e9e \u00e0 \u00eatre utilis\u00e9e dans les v\u00e9hicules Mercedes Benz (MB) o\u00f9 un produit pour des intervalles de service prolong\u00e9s (Long Life) est requis.<\/p>\n","protected":false},"featured_media":10260,"template":"","meta":{"_acf_changed":false,"inline_featured_image":false},"product_brand":[],"product_cat":[214],"product_tag":[],"class_list":{"0":"post-9250","1":"product","2":"type-product","3":"status-publish","4":"has-post-thumbnail","6":"product_cat-huiles-moteurs","8":"first","9":"instock","10":"taxable","11":"shipping-taxable","12":"purchasable","13":"product-type-simple"},"acf":[],"_links":{"self":[{"href":"https:\/\/webshop.ingelbeen.be\/fr\/wp-json\/wp\/v2\/product\/9250","targetHints":{"allow":["GET"]}}],"collection":[{"href":"https:\/\/webshop.ingelbeen.be\/fr\/wp-json\/wp\/v2\/product"}],"about":[{"href":"https:\/\/webshop.ingelbeen.be\/fr\/wp-json\/wp\/v2\/types\/product"}],"wp:featuredmedia":[{"embeddable":true,"href":"https:\/\/webshop.ingelbeen.be\/fr\/wp-json\/wp\/v2\/media\/10260"}],"wp:attachment":[{"href":"https:\/\/webshop.ingelbeen.be\/fr\/wp-json\/wp\/v2\/media?parent=9250"}],"wp:term":[{"taxonomy":"product_brand","embeddable":true,"href":"https:\/\/webshop.ingelbeen.be\/fr\/wp-json\/wp\/v2\/product_brand?post=9250"},{"taxonomy":"product_cat","embeddable":true,"href":"https:\/\/webshop.ingelbeen.be\/fr\/wp-json\/wp\/v2\/product_cat?post=9250"},{"taxonomy":"product_tag","embeddable":true,"href":"https:\/\/webshop.ingelbeen.be\/fr\/wp-json\/wp\/v2\/product_tag?post=9250"}],"curies":[{"name":"wp","href":"https:\/\/api.w.org\/{rel}","templated":true}]}}