{"id":9258,"date":"2024-04-30T13:10:40","date_gmt":"2024-04-30T12:10:40","guid":{"rendered":"https:\/\/ingelbeen.kneet.be\/product\/mobil-super-3000-formula-p-0w30-bag-in-box\/"},"modified":"2024-06-26T16:14:20","modified_gmt":"2024-06-26T15:14:20","slug":"mobil-super-3000-formula-p-0w30-bag-in-box","status":"publish","type":"product","link":"https:\/\/webshop.ingelbeen.be\/fr\/produit\/mobil-super-3000-formula-p-0w30-bag-in-box\/","title":{"rendered":"Mobil Super 3000 FORMULA P 0W30 Bag-in-Box"},"content":{"rendered":"<div class=\"compensation des d\u00e9tails du produit\">\n<div class=\"description de l'attribut du produit\">\n<div class=\"description de la valeur\">\n<p> Mobil Super 3000 Formula P 0W-30 est sp\u00e9cialement d\u00e9velopp\u00e9 pour r\u00e9pondre aux derni\u00e8res exigences de Peugeot Citro\u00ebn, Peugeot Citro\u00ebn Automobiles B71 2312. Mobil Super 3000 Formula P 0W-30 pr\u00e9sente des avantages en mati\u00e8re d&rsquo;\u00e9conomie de carburant par rapport \u00e0 l&rsquo;actuelle Mobil Super 3000 Formula P 5W-30. Mobil Super 3000 Formula P 0W-30 est une huile moteur haute performance \u00e0 faible teneur en cendres con\u00e7ue pour aider \u00e0 prolonger la dur\u00e9e de vie et \u00e0 maintenir l&rsquo;efficacit\u00e9 des syst\u00e8mes de r\u00e9duction des \u00e9missions de gaz d&rsquo;\u00e9chappement des automobiles \u00e0 moteur diesel et \u00e0 essence.<\/p><\/div><\/div><\/div>\n<h2>Fonctionnalit\u00e9 et avantages potentiels<\/h2>\n<p> Mobil Super 3000 Formula P 0W-30 offre une excellente protection contre l&rsquo;usure \u00e0 haute et basse temp\u00e9rature et une excellente propret\u00e9 du moteur.<\/p>\n<p> Principales caract\u00e9ristiques et avantages\u00a0:<\/p>\n<ul>\n<li>Formulation \u00e0 faible teneur en cendres, en phosphore et en soufre contribuant \u00e0 prolonger la dur\u00e9e de vie et \u00e0 maintenir l&rsquo;efficacit\u00e9 des syst\u00e8mes de r\u00e9duction des \u00e9missions dans les moteurs diesel et \u00e0 essence.<\/li>\n<li>Enti\u00e8rement compatible avec la plupart des filtres \u00e0 particules diesel et des convertisseurs catalytiques.<\/li>\n<li>Aidez \u00e0 r\u00e9aliser des \u00e9conomies de carburant (conform\u00e9ment \u00e0 la norme ACEA\u00a0C2).<\/li>\n<li>Excellentes capacit\u00e9s \u00e0 basse temp\u00e9rature pour un d\u00e9marrage fiable par temps froid permettant une protection rapide du moteur et du syst\u00e8me \u00e9lectrique.<\/li>\n<li>Protection contre l&rsquo;usure haute performance.<\/li>\n<li>Agents de nettoyage actifs r\u00e9duisant les d\u00e9p\u00f4ts et l&rsquo;accumulation de boues pour permettre une dur\u00e9e de vie longue et propre du moteur.<\/li>\n<\/ul>\n<h2>Applications<\/h2>\n<p> Mobil Super 3000 Formula P 0W-30 peut \u00eatre utilis\u00e9 pour tous les moteurs Diesel et essence n\u00e9cessitant Peugeot Citro\u00ebn B71 2312.<\/p>\n<h2>Sp\u00e9cifications et homologations<\/h2>\n<h3>Ce produit poss\u00e8de les approbations de constructeur suivantes<\/h3>\n<ul>\n<li>Automobiles Peugeot\/Citro\u00ebn\u00a0: B71 2312<\/li>\n<li>Automobiles Peugeot\/Citro\u00ebn\u00a0: B71 2302<\/li>\n<\/ul>\n","protected":false},"excerpt":{"rendered":"<p>Mobil Super 3000 Formula P 0W-30 est sp\u00e9cialement d\u00e9velopp\u00e9e pour r\u00e9pondre aux exigences les plus r\u00e9centes de Peugeot Citro\u00ebn, Peugeot Citro\u00ebn Automobiles B71 2312. Mobil Super 3000 Formula P 0W-30 montre une \u00e9conomie de carburant par rapport \u00e0 l&rsquo;actuelle Mobil Super 3000 Formula P 5W-30. Mobil Super 3000 Formula P 0W-30 est une huile moteur haute performance \u00e0 faible teneur en cendres d\u00e9velopp\u00e9e pour prolonger la dur\u00e9e de vie des syst\u00e8mes de r\u00e9duction des \u00e9missions d&rsquo;\u00e9chappement et maintenir leur efficacit\u00e9 dans les voitures diesel et essence.<\/p>\n","protected":false},"featured_media":10264,"template":"","meta":{"_acf_changed":false,"inline_featured_image":false},"product_brand":[],"product_cat":[214],"product_tag":[],"class_list":{"0":"post-9258","1":"product","2":"type-product","3":"status-publish","4":"has-post-thumbnail","6":"product_cat-huiles-moteurs","8":"first","9":"instock","10":"taxable","11":"shipping-taxable","12":"purchasable","13":"product-type-simple"},"acf":[],"_links":{"self":[{"href":"https:\/\/webshop.ingelbeen.be\/fr\/wp-json\/wp\/v2\/product\/9258","targetHints":{"allow":["GET"]}}],"collection":[{"href":"https:\/\/webshop.ingelbeen.be\/fr\/wp-json\/wp\/v2\/product"}],"about":[{"href":"https:\/\/webshop.ingelbeen.be\/fr\/wp-json\/wp\/v2\/types\/product"}],"wp:featuredmedia":[{"embeddable":true,"href":"https:\/\/webshop.ingelbeen.be\/fr\/wp-json\/wp\/v2\/media\/10264"}],"wp:attachment":[{"href":"https:\/\/webshop.ingelbeen.be\/fr\/wp-json\/wp\/v2\/media?parent=9258"}],"wp:term":[{"taxonomy":"product_brand","embeddable":true,"href":"https:\/\/webshop.ingelbeen.be\/fr\/wp-json\/wp\/v2\/product_brand?post=9258"},{"taxonomy":"product_cat","embeddable":true,"href":"https:\/\/webshop.ingelbeen.be\/fr\/wp-json\/wp\/v2\/product_cat?post=9258"},{"taxonomy":"product_tag","embeddable":true,"href":"https:\/\/webshop.ingelbeen.be\/fr\/wp-json\/wp\/v2\/product_tag?post=9258"}],"curies":[{"name":"wp","href":"https:\/\/api.w.org\/{rel}","templated":true}]}}