{"id":9274,"date":"2024-04-30T13:10:39","date_gmt":"2024-04-30T12:10:39","guid":{"rendered":"https:\/\/ingelbeen.kneet.be\/product\/mobil-shc-polyrex-462-3\/"},"modified":"2024-06-26T16:14:17","modified_gmt":"2024-06-26T15:14:17","slug":"mobil-shc-polyrex-462-3","status":"publish","type":"product","link":"https:\/\/webshop.ingelbeen.be\/fr\/produit\/mobil-shc-polyrex-462-3\/","title":{"rendered":"Mobil SHC Polyrex 462"},"content":{"rendered":"<div class=\"compensation des d\u00e9tails du produit\">\n<div class=\"description de l'attribut du produit\">\n<div class=\"description de la valeur\">\n<p> La s\u00e9rie de graisses Mobil SHC\u2122 Polyrex est sp\u00e9cialement con\u00e7ue pour am\u00e9liorer votre productivit\u00e9 en r\u00e9solvant les probl\u00e8mes de lubrification \u00e0 haute temp\u00e9rature dans les applications industrielles g\u00e9n\u00e9rales et de transformation alimentaire. D\u00e9velopp\u00e9es \u00e0 l&rsquo;aide de la technologie avanc\u00e9e Polyurea, ces graisses synth\u00e9tiques renforc\u00e9es par des polym\u00e8res apportent une solution haute temp\u00e9rature sur le march\u00e9 tout en b\u00e9n\u00e9ficiant d&rsquo;un enregistrement NSF H1 complet.<\/p>\n<p> La s\u00e9rie de graisses Mobil SHC Polyrex est con\u00e7ue pour offrir une combinaison de performances \u00e0 haute temp\u00e9rature, d&rsquo;une excellente r\u00e9sistance \u00e0 l&rsquo;eau et de performances d&rsquo;usure \u00e9quilibr\u00e9es, conformes aux produits de graisse Mobil. Gr\u00e2ce \u00e0 la technologie avanc\u00e9e d&rsquo;\u00e9paississant polyur\u00e9e, les chercheurs d&rsquo;ExxonMobil ont d\u00e9velopp\u00e9 une combinaison unique d&rsquo;huiles synth\u00e9tiques qui atteignent d&rsquo;excellentes performances \u00e0 haute temp\u00e9rature, capables de fournir une lubrification jusqu&rsquo;\u00e0\u00a0170\u00a0\u00b0C. M\u00eame \u00e0 ces temp\u00e9ratures extr\u00eames, Mobil SHC Polyrex r\u00e9siste \u00e0 l&rsquo;oxydation et \u00e0 la perte de stabilit\u00e9 structurelle, permettant ainsi de prolonger les intervalles de relubrification tout en maintenant la protection de l&rsquo;\u00e9quipement.\u00a0 La combinaison soigneusement \u00e9quilibr\u00e9e d\u2019\u00e9paississants, d\u2019huiles de base et d\u2019additifs donne une graisse dot\u00e9e d\u2019excellentes capacit\u00e9s de charge et de protection contre la rouille. Mobil SHC Polyrex est \u00e9galement tr\u00e8s r\u00e9sistant \u00e0 l&rsquo;eau et offre une excellente protection contre la corrosion, offrant une protection suppl\u00e9mentaire aux \u00e9quipements dans les environnements humides et humides et dans les applications o\u00f9 les lavages \u00e0 l&rsquo;eau sont fr\u00e9quents.<\/p>\n<p> Toutes les graisses Mobil SHC Polyrex sont enregistr\u00e9es NSF H1 et sont \u00e9galement conformes au titre 21 CFR 178.3570 de la Food and Drug Administration (USA) pour les lubrifiants avec contact alimentaire accidentel. De plus, ils r\u00e9pondent aux exigences casher. Les graisses Mobil SHC Polyrex sont fabriqu\u00e9es dans des installations certifi\u00e9es ISO 22000 qui r\u00e9pondent \u00e9galement aux exigences de la norme ISO 21469, ce qui contribue \u00e0 garantir le maintien des niveaux les plus \u00e9lev\u00e9s d&rsquo;int\u00e9grit\u00e9 du produit.<\/p><\/div><\/div><\/div>\n<h2>Fonctionnalit\u00e9 et avantages potentiels<\/h2>\n<p> La marque d&rsquo;huiles et de graisses Mobil est reconnue dans le monde entier pour son innovation et ses performances exceptionnelles. Mobil SHC Polyrex utilise la technologie avanc\u00e9e d&rsquo;\u00e9paississement de la famille de graisses Mobil Polyrex pour fournir un produit de haute performance qui r\u00e9sout les probl\u00e8mes de lubrification les plus difficiles de l&rsquo;industrie. Mobil SHC Polyrex am\u00e8ne ces performances \u00e0 un autre niveau gr\u00e2ce \u00e0 l&rsquo;ajout d&rsquo;une combinaison unique d&rsquo;huiles synth\u00e9tiques, d&rsquo;am\u00e9liorations de polym\u00e8res et d&rsquo;un ensemble d&rsquo;additifs \u00e9quilibr\u00e9 con\u00e7u pour fournir des solutions aux probl\u00e8mes de lubrification difficiles.<\/p>\n<table class=\"table table-ray\u00e9e\">\n <t\u00eate><\/p>\n<tr>\n<th>Fonctionnalit\u00e9s<\/th>\n<th>Avantages et b\u00e9n\u00e9fices potentiels<\/th>\n<\/tr>\n<p> <\/t\u00eate><br \/>\n <corps><\/p>\n<tr>\n<td>Lubrifiants enregistr\u00e9s NSF H1<\/td>\n<td>Permet une utilisation dans les applications d&#8217;emballage et de transformation d&rsquo;aliments et de boissons<\/td>\n<\/tr>\n<tr>\n<td>Fabriqu\u00e9 dans des installations enregistr\u00e9es selon la norme ISO 21469<\/td>\n<td>Assurance de l&rsquo;int\u00e9grit\u00e9 du produit gr\u00e2ce \u00e0 une v\u00e9rification ind\u00e9pendante.<\/td>\n<\/tr>\n<tr>\n<td>Performances exceptionnelles \u00e0 haute temp\u00e9rature, jusqu&rsquo;\u00e0 170\u00a0\u00b0C<\/td>\n<td>Aide \u00e0 fournir une protection dans des conditions difficiles et permet des intervalles de relubrification ou d&rsquo;entretien prolong\u00e9s.<\/td>\n<\/tr>\n<tr>\n<td>Excellente capacit\u00e9 de charge<\/td>\n<td>Contribue \u00e0 r\u00e9duire l&rsquo;usure des roulements sous de lourdes charges<\/td>\n<\/tr>\n<tr>\n<td>Excellente r\u00e9sistance \u00e0 l&rsquo;eau et protection contre la corrosion<\/td>\n<td>Aide \u00e0 r\u00e9duire la consommation de lubrifiant et \u00e0 augmenter la protection des roulements l\u00e0 o\u00f9 les lavages \u00e0 l&rsquo;eau sont fr\u00e9quents. Aide \u00e0 r\u00e9duire la rouille et la corrosion et prolonge la dur\u00e9e de vie de l&rsquo;\u00e9quipement<\/td>\n<\/tr>\n<\/tbody>\n<\/table>\n<h2>Applications<\/h2>\n<p> Consid\u00e9rations d&rsquo;application\u00a0: Bien que les graisses Mobil SHC Polyrex Series soient compatibles avec de nombreuses graisses polyur\u00e9es et complexes au lithium, les m\u00e9langes peuvent nuire \u00e0 leurs performances.\u00a0Par cons\u00e9quent, il est recommand\u00e9 qu&rsquo;avant de remplacer un syst\u00e8me par l&rsquo;une des graisses Mobil SHC Polyrex, celui-ci soit soigneusement nettoy\u00e9 pour obtenir des performances maximales. Bien que les graisses Mobil SHC Polyrex partagent de nombreux avantages en termes de performances, leurs applications sont mieux d\u00e9crites en termes de chaque qualit\u00e9 de produit\u00a0:<\/p>\n<ul>\n<li>Mobil SHC Polyrex 005 est une graisse de qualit\u00e9 NLGI 00 sp\u00e9cialement con\u00e7ue pour \u00eatre utilis\u00e9e dans les syst\u00e8mes de graissage centraux. La pompabilit\u00e9 am\u00e9lior\u00e9e et la mobilit\u00e9 \u00e0 basse temp\u00e9rature en font un choix id\u00e9al pour les syst\u00e8mes de graisse soumis \u00e0 de basses temp\u00e9ratures ambiantes, telles que celles trouv\u00e9es dans les cong\u00e9lateurs de transformation des aliments ou dans les applications ext\u00e9rieures. Mobil SHC Polyrex 005 peut \u00e9galement \u00eatre utilis\u00e9 pour la lubrification des engrenages ferm\u00e9s o\u00f9 les fuites d&rsquo;huile peuvent \u00eatre un probl\u00e8me. La plage de temp\u00e9ratures de fonctionnement recommand\u00e9e pour ce produit est de \u201330 \u00e0 170\u00a0\u00baC.<\/li>\n<li>Mobil SHC Polyrex 221 est une graisse polyvalente de qualit\u00e9 NLGI 1 sp\u00e9cialement con\u00e7ue pour \u00eatre utilis\u00e9e dans les paliers lisses et antifriction \u00e0 usage intensif. Mobil SHC Polyrex 221 a une plage de temp\u00e9ratures de fonctionnement recommand\u00e9e de -30\u00a0\u00b0\u00a0C \u00e0 170\u00a0\u00b0\u00a0C.<\/li>\n<li>Mobil SHC Polyrex 222 est une graisse polyvalente NLGI 2 recommand\u00e9e pour les roulements lisses et antifriction \u00e0 usage intensif. Mobil SHC Polyrex 222 a une plage de temp\u00e9ratures de fonctionnement recommand\u00e9e de -30\u00a0\u00baC \u00e0 170\u00a0\u00baC.<\/li>\n<li>Mobil SHC Polyrex 462 est une graisse de qualit\u00e9 NLGI\u00a02 recommand\u00e9e pour les roulements lisses et antifriction fortement charg\u00e9s. Il est \u00e9galement recommand\u00e9 pour les roulements soumis \u00e0 des temp\u00e9ratures extr\u00eames, tels que les rouleaux chauff\u00e9s \u00e0 la vapeur, les roulements de ventilateur d&rsquo;extraction, les roulements de rouleaux de feutre et les roulements de convoyeur de four. La plage de temp\u00e9ratures de fonctionnement recommand\u00e9e est de -20 \u00baC \u00e0 170 \u00baC.<\/li>\n<\/ul>\n<h2>Sp\u00e9cifications et homologations<\/h2>\n<h3>Satisfait ou d\u00e9passe les exigences de<\/h3>\n<ul>\n<li>DIN 51826 (2005:01)\u00a0: GPFHC00K-30<\/li>\n<li>FDA 21 CFR 178.3570<\/li>\n<li>NSF H1<\/li>\n<li>NSF klasse H1 registratie nr. 141947<\/li>\n<\/ul>\n<h3>Ce produit a les approbations de constructeur suivantes<\/h3>\n<ul>\n<li>Koosjer\/Parve<\/li>\n<\/ul>\n","protected":false},"excerpt":{"rendered":"<p>Les graisses Mobil SHC Polyrex\u2122 sont sp\u00e9cifiquement d\u00e9velopp\u00e9es pour am\u00e9liorer votre productivit\u00e9 en r\u00e9solvant les probl\u00e8mes de lubrification \u00e0 haute temp\u00e9rature dans les applications industrielles g\u00e9n\u00e9rales ainsi que dans l&rsquo;industrie agroalimentaire.<\/p>\n","protected":false},"featured_media":0,"template":"","meta":{"_acf_changed":false,"inline_featured_image":false},"product_brand":[],"product_cat":[217,224],"product_tag":[],"class_list":{"0":"post-9274","1":"product","2":"type-product","3":"status-publish","5":"product_cat-graisses","6":"product_cat-lubrifiants-pour-lindustrie-alimentaire","8":"first","9":"instock","10":"taxable","11":"shipping-taxable","12":"purchasable","13":"product-type-simple"},"acf":[],"_links":{"self":[{"href":"https:\/\/webshop.ingelbeen.be\/fr\/wp-json\/wp\/v2\/product\/9274","targetHints":{"allow":["GET"]}}],"collection":[{"href":"https:\/\/webshop.ingelbeen.be\/fr\/wp-json\/wp\/v2\/product"}],"about":[{"href":"https:\/\/webshop.ingelbeen.be\/fr\/wp-json\/wp\/v2\/types\/product"}],"wp:attachment":[{"href":"https:\/\/webshop.ingelbeen.be\/fr\/wp-json\/wp\/v2\/media?parent=9274"}],"wp:term":[{"taxonomy":"product_brand","embeddable":true,"href":"https:\/\/webshop.ingelbeen.be\/fr\/wp-json\/wp\/v2\/product_brand?post=9274"},{"taxonomy":"product_cat","embeddable":true,"href":"https:\/\/webshop.ingelbeen.be\/fr\/wp-json\/wp\/v2\/product_cat?post=9274"},{"taxonomy":"product_tag","embeddable":true,"href":"https:\/\/webshop.ingelbeen.be\/fr\/wp-json\/wp\/v2\/product_tag?post=9274"}],"curies":[{"name":"wp","href":"https:\/\/api.w.org\/{rel}","templated":true}]}}