{"id":9276,"date":"2024-04-30T13:10:39","date_gmt":"2024-04-30T12:10:39","guid":{"rendered":"https:\/\/ingelbeen.kneet.be\/product\/mobil-shc-polyrex-em-102\/"},"modified":"2024-06-26T16:14:17","modified_gmt":"2024-06-26T15:14:17","slug":"mobil-shc-polyrex-em-102","status":"publish","type":"product","link":"https:\/\/webshop.ingelbeen.be\/fr\/produit\/mobil-shc-polyrex-em-102\/","title":{"rendered":"Mobil SHC Polyrex EM 102"},"content":{"rendered":"<div class=\"compensation des d\u00e9tails du produit\">\n<div class=\"description de l'attribut du produit\">\n<div class=\"description de la valeur\">\n<p> Les graisses haute performance Mobil SHC\u2122 Polyrex s\u00e9rie EM sont sp\u00e9cialement formul\u00e9es pour les roulements de moteurs \u00e9lectriques. La formulation avanc\u00e9e d&rsquo;\u00e9paississant et les techniques de fabrication exclusives offrent des performances de roulement am\u00e9lior\u00e9es et une protection pour une longue dur\u00e9e de vie du moteur \u00e9lectrique.<\/p><\/div><\/div><\/div>\n<h2>Fonctionnalit\u00e9 et avantages potentiels<\/h2>\n<p> Mobil SHC Polyrex 102 EM et Mobil SHC Polyrex 103 EM offrent les caract\u00e9ristiques et avantages suivants :<\/p>\n<p> \u2022\u00a0 Lubrification exceptionnelle \u00e0 longue dur\u00e9e de vie et \u00e0 temp\u00e9rature extr\u00eamement \u00e9lev\u00e9e des roulements \u00e0 billes et \u00e0 rouleaux, en particulier dans les applications \u00e9tanches \u00e0 vie jusqu&rsquo;\u00e0 180\u00a0C.<\/p>\n<p> \u2022\u00a0 Couple de roulement r\u00e9duit par rapport aux graisses \u00e0 base conventionnelles<\/p>\n<p> \u2022\u00a0Stabilit\u00e9 accrue par rapport aux graisses polyur\u00e9es classiques lorsqu&rsquo;elles sont soumises \u00e0 des forces de cisaillement m\u00e9caniques<\/p>\n<p> \u2022\u00a0 Excellente r\u00e9sistance \u00e0 la corrosion et protection contre la rouille et la corrosion.<\/p>\n<p> \u2022\u00a0 Propri\u00e9t\u00e9s silencieuses adapt\u00e9es \u00e0 la lubrification des roulements \u00e0 billes dans de nombreuses applications sensibles au bruit<\/p>\n<p> \u2022\u00a0 Performances am\u00e9lior\u00e9es \u00e0 basse temp\u00e9rature par rapport aux graisses \u00e0 base conventionnelles<\/p>\n<h2>Applications<\/h2>\n<p> Les graisses Mobil SHC Polyrex 102 EM sont recommand\u00e9es par les principaux fabricants de roulements et de moteurs \u00e9lectriques pour la lubrification longue dur\u00e9e des roulements \u00e0 billes et \u00e0 rouleaux des moteurs \u00e9lectriques.<\/p>\n<p> Mobil SHC Polyrex 103 EM est plus sp\u00e9cifiquement recommand\u00e9 pour les applications telles que les roulements mont\u00e9s verticalement ou les tr\u00e8s gros moteurs o\u00f9 une consistance de graisse plus rigide peut \u00eatre exig\u00e9e par le constructeur OEM et o\u00f9 des propri\u00e9t\u00e9s de faible bruit ne sont pas requises.<\/p>\n<p> Il a \u00e9t\u00e9 d\u00e9montr\u00e9 que les graisses Mobil SHC Polyrex EM sont compatibles avec un certain nombre de graisses complexes au lithium ExxonMobil, ainsi qu&rsquo;avec des produits concurrents \u00e0 base de polyur\u00e9e min\u00e9rale pour moteurs \u00e9lectriques, comme d\u00e9termin\u00e9 par la m\u00e9thodologie ASTM D6185.\u00a0 Pour des questions sp\u00e9cifiques sur la compatibilit\u00e9 des graisses, contactez votre repr\u00e9sentant Mobil.<\/p>\n<p> Les applications cl\u00e9s incluent\u00a0:<\/p>\n<p> \u2022\u00a0 Roulements de moteur \u00e9lectrique<\/p>\n<p> \u2022\u00a0 Roulements de ventilateur \u00e0 ailettes<\/p>\n<p> \u2022\u00a0 Roulements de pompe haute temp\u00e9rature<\/p>\n<p> \u2022\u00a0 Roulements \u00e0 billes remplis en usine et scell\u00e9s \u00e0 vie<\/p>\n<p> \u2022\u00a0 Roulements \u00e0 billes ou \u00e0 rouleaux fonctionnant \u00e0 des temp\u00e9ratures extr\u00eamement \u00e9lev\u00e9es o\u00f9 une faible s\u00e9paration d&rsquo;huile est requise<\/p>\n<p> \u2022\u00a0 Mobil SHC Polyrex EM pour roulements \u00e0 billes ou \u00e0 rouleaux fonctionnant dans des environnements sensibles au bruit<\/p>\n<h2>Sp\u00e9cifications et homologations<\/h2>\n<h3>Satisfait ou d\u00e9passe les exigences de<\/h3>\n<ul>\n<li>DIN 51825:2004-06 KHC2R-30<\/li>\n<\/ul>\n","protected":false},"excerpt":{"rendered":"<p>Les graisses haute performance de la s\u00e9rie Mobil SHC\u2122 Polyrex EM sont sp\u00e9cialement formul\u00e9es pour les roulements de moteurs \u00e9lectriques. La formule avanc\u00e9e de l&rsquo;\u00e9paississant et les techniques de production brevet\u00e9es offrent des performances et une protection am\u00e9lior\u00e9es des roulements pour une longue dur\u00e9e de vie des moteurs \u00e9lectriques.<\/p>\n","protected":false},"featured_media":0,"template":"","meta":{"_acf_changed":false,"inline_featured_image":false},"product_brand":[],"product_cat":[217],"product_tag":[],"class_list":{"0":"post-9276","1":"product","2":"type-product","3":"status-publish","5":"product_cat-graisses","7":"first","8":"instock","9":"taxable","10":"shipping-taxable","11":"purchasable","12":"product-type-simple"},"acf":[],"_links":{"self":[{"href":"https:\/\/webshop.ingelbeen.be\/fr\/wp-json\/wp\/v2\/product\/9276","targetHints":{"allow":["GET"]}}],"collection":[{"href":"https:\/\/webshop.ingelbeen.be\/fr\/wp-json\/wp\/v2\/product"}],"about":[{"href":"https:\/\/webshop.ingelbeen.be\/fr\/wp-json\/wp\/v2\/types\/product"}],"wp:attachment":[{"href":"https:\/\/webshop.ingelbeen.be\/fr\/wp-json\/wp\/v2\/media?parent=9276"}],"wp:term":[{"taxonomy":"product_brand","embeddable":true,"href":"https:\/\/webshop.ingelbeen.be\/fr\/wp-json\/wp\/v2\/product_brand?post=9276"},{"taxonomy":"product_cat","embeddable":true,"href":"https:\/\/webshop.ingelbeen.be\/fr\/wp-json\/wp\/v2\/product_cat?post=9276"},{"taxonomy":"product_tag","embeddable":true,"href":"https:\/\/webshop.ingelbeen.be\/fr\/wp-json\/wp\/v2\/product_tag?post=9276"}],"curies":[{"name":"wp","href":"https:\/\/api.w.org\/{rel}","templated":true}]}}