{"id":9298,"date":"2024-04-30T13:10:39","date_gmt":"2024-04-30T12:10:39","guid":{"rendered":"https:\/\/ingelbeen.kneet.be\/product\/mobil-super-1000-x1-15w-40-5\/"},"modified":"2024-06-26T16:14:18","modified_gmt":"2024-06-26T15:14:18","slug":"mobil-super-1000-x1-15w-40-5","status":"publish","type":"product","link":"https:\/\/webshop.ingelbeen.be\/fr\/produit\/mobil-super-1000-x1-15w-40-5\/","title":{"rendered":"Mobil Super 1000 X1 15W-40"},"content":{"rendered":"<p>Mobil Super\u2122 1000 x1 15W-40 est une huile moteur conventionnelle de premi\u00e8re qualit\u00e9 qui offre une longue dur\u00e9e de vie au moteur.<\/p>\n<h2>Caract\u00e9ristiques et avantages<\/h2>\n<p> Les produits Mobil Super 1000 sont \u00e9prouv\u00e9s dans l&rsquo;industrie, vous pouvez donc \u00eatre s\u00fbr que vous obtiendrez les performances que vous attendez de votre v\u00e9hicule. Mobil Super 1000 x1 15W-40 apporte :<\/p>\n<p> \u2022 Excellente propret\u00e9 du moteur<\/p>\n<p> \u2022 Bonne protection contre les hautes temp\u00e9ratures<\/p>\n<p> \u2022 Bonne protection contre l&rsquo;usure<\/p>\n<h2>Applications<\/h2>\n<p> Les produits Mobil Super 1000 ont \u00e9t\u00e9 formul\u00e9s pour \u00eatre adapt\u00e9s \u00e0 une utilisation dans presque tous les v\u00e9hicules. ExxonMobil recommande Mobil Super 1000 x1 15W-40 pour une conduite quotidienne dans des conditions normales\u00a0:<\/p>\n<p> \u2022 Technologies de moteur plus anciennes<\/p>\n<p> \u2022 Essence et Diesel sans filtres \u00e0 particules diesel (DPF)<\/p>\n<p> \u2022 Voitures particuli\u00e8res, SUV, camions l\u00e9gers et fourgonnettes<\/p>\n<p> \u2022 Croisi\u00e8re sur autoroute<\/p>\n<p> \u2022 Conditions normales de fonctionnement<\/p>\n<p> Consultez toujours votre manuel du propri\u00e9taire pour v\u00e9rifier le degr\u00e9 de viscosit\u00e9 recommand\u00e9 et les sp\u00e9cifications de votre v\u00e9hicule particulier.<\/p>\n<h2>Sp\u00e9cifications et homologations<\/h2>\n<div class=\"table-responsive\">\n<table class=\"table table-ray\u00e9e\">\n <corps><\/p>\n<tr>\n<td><strong>Ce produit a les approbations suivantes\u00a0:<\/strong><\/td>\n<\/tr>\n<tr>\n<td>VW<strong>\u00a0<\/strong>501 01<\/td>\n<\/tr>\n<tr>\n<td>VW<strong>\u00a0<\/strong>505 00<\/td>\n<\/tr>\n<\/tbody>\n<\/table><\/div>\n<p> &nbsp;<\/p>\n<div class=\"table-responsive\">\n<table class=\"table table-ray\u00e9e\">\n <corps><\/p>\n<tr>\n<td><strong>Ce produit est recommand\u00e9 pour une utilisation dans les applications n\u00e9cessitant\u00a0:<\/strong><\/td>\n<\/tr>\n<tr>\n<td>API<strong>\u00a0<\/strong>CF<\/td>\n<\/tr>\n<tr>\n<td>Mo<strong>\u00a0<\/strong>229,1<\/td>\n<\/tr>\n<\/tbody>\n<\/table><\/div>\n<p> &nbsp;<\/p>\n<div class=\"table-responsive\">\n<table class=\"table table-ray\u00e9e\">\n <corps><\/p>\n<tr>\n<td><strong>Ce produit satisfait ou d\u00e9passe les exigences\u00a0:<\/strong><\/td>\n<\/tr>\n<tr>\n<td>ACEA A3\/B3<\/td>\n<\/tr>\n<tr>\n<td>API<strong>\u00a0<\/strong>SJ<\/td>\n<\/tr>\n<tr>\n<td>API<strong>\u00a0<\/strong>SL<\/td>\n<\/tr>\n<tr>\n<td>API<strong>\u00a0<\/strong>SM<\/td>\n<\/tr>\n<tr>\n<td>API<strong>\u00a0<\/strong>SN<\/td>\n<\/tr>\n<tr>\n<td>API<strong>\u00a0<\/strong>SN PLUS<\/td>\n<\/tr>\n<\/tbody>\n<\/table><\/div>\n","protected":false},"excerpt":{"rendered":"<p>La gamme de lubrifiants Mobil Super 1000 sont des huiles moteur min\u00e9rales premium, d\u00e9velopp\u00e9es pour offrir un haut niveau de protection et de performance. La gamme de lubrifiants Mobil Super 1000 sont des huiles moteur min\u00e9rales premium, d\u00e9velopp\u00e9es pour offrir un haut niveau de protection et de performance.<\/p>\n","protected":false},"featured_media":10102,"template":"","meta":{"_acf_changed":false,"inline_featured_image":false},"product_brand":[],"product_cat":[214],"product_tag":[],"class_list":{"0":"post-9298","1":"product","2":"type-product","3":"status-publish","4":"has-post-thumbnail","6":"product_cat-huiles-moteurs","8":"first","9":"instock","10":"taxable","11":"shipping-taxable","12":"purchasable","13":"product-type-simple"},"acf":[],"_links":{"self":[{"href":"https:\/\/webshop.ingelbeen.be\/fr\/wp-json\/wp\/v2\/product\/9298","targetHints":{"allow":["GET"]}}],"collection":[{"href":"https:\/\/webshop.ingelbeen.be\/fr\/wp-json\/wp\/v2\/product"}],"about":[{"href":"https:\/\/webshop.ingelbeen.be\/fr\/wp-json\/wp\/v2\/types\/product"}],"wp:featuredmedia":[{"embeddable":true,"href":"https:\/\/webshop.ingelbeen.be\/fr\/wp-json\/wp\/v2\/media\/10102"}],"wp:attachment":[{"href":"https:\/\/webshop.ingelbeen.be\/fr\/wp-json\/wp\/v2\/media?parent=9298"}],"wp:term":[{"taxonomy":"product_brand","embeddable":true,"href":"https:\/\/webshop.ingelbeen.be\/fr\/wp-json\/wp\/v2\/product_brand?post=9298"},{"taxonomy":"product_cat","embeddable":true,"href":"https:\/\/webshop.ingelbeen.be\/fr\/wp-json\/wp\/v2\/product_cat?post=9298"},{"taxonomy":"product_tag","embeddable":true,"href":"https:\/\/webshop.ingelbeen.be\/fr\/wp-json\/wp\/v2\/product_tag?post=9298"}],"curies":[{"name":"wp","href":"https:\/\/api.w.org\/{rel}","templated":true}]}}