{"id":9300,"date":"2024-04-30T13:10:39","date_gmt":"2024-04-30T12:10:39","guid":{"rendered":"https:\/\/ingelbeen.kneet.be\/product\/mobil-super-2000-formula-p-10w-40\/"},"modified":"2024-06-26T16:14:18","modified_gmt":"2024-06-26T15:14:18","slug":"mobil-super-2000-formula-p-10w-40","status":"publish","type":"product","link":"https:\/\/webshop.ingelbeen.be\/fr\/produit\/mobil-super-2000-formula-p-10w-40\/","title":{"rendered":"Mobil Super 2000 Formula P 10W-40"},"content":{"rendered":"<div class=\"compensation des d\u00e9tails du produit\">\n<div class=\"description de l'attribut du produit\">\n<div class=\"description de la valeur\">\n<p> La gamme de lubrifiants Mobil Super 2000 est compos\u00e9e d&rsquo;huiles moteur semi-synth\u00e9tiques de qualit\u00e9 sup\u00e9rieure, con\u00e7ues pour offrir un excellent niveau de protection et de performance.<\/p><\/div><\/div><\/div>\n<h2>Fonctionnalit\u00e9 et avantages potentiels<\/h2>\n<p> Les produits Mobil Super 2000 sont test\u00e9s par l&rsquo;industrie afin que vous puissiez \u00eatre s\u00fbr que vous obtiendrez les performances que vous attendez de votre v\u00e9hicule.<\/p>\n<p> Mobil Super 2000 X1 Formula P 10W-40 apporte\u00a0:<\/p>\n<ul>\n<li>Excellente protection contre l&rsquo;usure<\/li>\n<li>Excellente propret\u00e9 du moteur<\/li>\n<li>Excellente protection contre les temp\u00e9ratures \u00e9lev\u00e9es<\/li>\n<li>Excellente protection contre le froid<\/li>\n<\/ul>\n<h2>Applications<\/h2>\n<p> Les produits Mobil Super 2000 sont formul\u00e9s pour vous offrir une protection sup\u00e9rieure \u00e0 celle des huiles conventionnelles. Nous recommandons particuli\u00e8rement Mobil Super 2000 si vous rencontrez occasionnellement des conditions de conduite exigeantes :<\/p>\n<ul>\n<li>Presque toutes les technologies de moteur<\/li>\n<li>Essence et diesel<\/li>\n<li>Voitures particuli\u00e8res, SUV, camions l\u00e9gers et fourgonnettes<\/li>\n<li>Croisi\u00e8re sur autoroute et conduite en ville avec arr\u00eats et d\u00e9parts<\/li>\n<li>Conditions de fonctionnement normales \u00e0 parfois s\u00e9v\u00e8res<\/li>\n<li>Moteurs hautes performances<\/li>\n<\/ul>\n<h2>Sp\u00e9cifications et homologations<\/h2>\n<h3>Satisfait ou d\u00e9passe les exigences de<\/h3>\n<ul>\n<li>API SL<\/li>\n<\/ul>\n<h3>Ce produit r\u00e9pond aux exigences selon Exxonmobil<\/h3>\n<ul>\n<li>MB\u00a0229.1<\/li>\n<\/ul>\n<h3>Ce produit a les approbations de constructeur suivantes<\/h3>\n<ul>\n<li>Peugeot\/Citro\u00ebn Automobiles B71 2300<\/li>\n<li>RENAULT RN0700<\/li>\n<\/ul>\n","protected":false},"excerpt":{"rendered":"<p>Mobil Super 2000 Formula P 10W-40 est une huile moteur de haute qualit\u00e9 qui garde votre moteur propre et le prot\u00e8ge contre l&rsquo;accumulation de boues et d&rsquo;autres d\u00e9p\u00f4ts nocifs. Cette huile offre une protection am\u00e9lior\u00e9e contre l&rsquo;usure et aide \u00e0 maintenir les performances du moteur.<\/p>\n","protected":false},"featured_media":10224,"template":"","meta":{"_acf_changed":false,"inline_featured_image":false},"product_brand":[],"product_cat":[214],"product_tag":[],"class_list":{"0":"post-9300","1":"product","2":"type-product","3":"status-publish","4":"has-post-thumbnail","6":"product_cat-huiles-moteurs","8":"first","9":"instock","10":"taxable","11":"shipping-taxable","12":"purchasable","13":"product-type-simple"},"acf":[],"_links":{"self":[{"href":"https:\/\/webshop.ingelbeen.be\/fr\/wp-json\/wp\/v2\/product\/9300","targetHints":{"allow":["GET"]}}],"collection":[{"href":"https:\/\/webshop.ingelbeen.be\/fr\/wp-json\/wp\/v2\/product"}],"about":[{"href":"https:\/\/webshop.ingelbeen.be\/fr\/wp-json\/wp\/v2\/types\/product"}],"wp:featuredmedia":[{"embeddable":true,"href":"https:\/\/webshop.ingelbeen.be\/fr\/wp-json\/wp\/v2\/media\/10224"}],"wp:attachment":[{"href":"https:\/\/webshop.ingelbeen.be\/fr\/wp-json\/wp\/v2\/media?parent=9300"}],"wp:term":[{"taxonomy":"product_brand","embeddable":true,"href":"https:\/\/webshop.ingelbeen.be\/fr\/wp-json\/wp\/v2\/product_brand?post=9300"},{"taxonomy":"product_cat","embeddable":true,"href":"https:\/\/webshop.ingelbeen.be\/fr\/wp-json\/wp\/v2\/product_cat?post=9300"},{"taxonomy":"product_tag","embeddable":true,"href":"https:\/\/webshop.ingelbeen.be\/fr\/wp-json\/wp\/v2\/product_tag?post=9300"}],"curies":[{"name":"wp","href":"https:\/\/api.w.org\/{rel}","templated":true}]}}